{"id":2,"date":"2023-05-18T17:18:34","date_gmt":"2023-05-18T17:18:34","guid":{"rendered":"https:\/\/spinbetter.gift\/tr\/?page_id=2"},"modified":"2025-07-21T09:10:47","modified_gmt":"2025-07-21T09:10:47","slug":"sample-page","status":"publish","type":"page","link":"https:\/\/spinbetter.gift\/tr\/","title":{"rendered":"Ana sayfa"},"content":{"rendered":"<p>&nbsp;<\/p>\n<p>&nbsp;<\/p>\n<p>&nbsp;<\/p>\n<p>&nbsp;<\/p>\n","protected":false},"excerpt":{"rendered":"<p>&nbsp; &nbsp; &nbsp; &nbsp;<\/p>\n","protected":false},"author":1,"featured_media":0,"parent":0,"menu_order":0,"comment_status":"closed","ping_status":"open","template":"","meta":{"footnotes":""},"class_list":["post-2","page","type-page","status-publish","hentry"],"yoast_head":"<!-- This site is optimized with the Yoast SEO plugin v24.2 - https:\/\/yoast.com\/wordpress\/plugins\/seo\/ -->\n<title>Parlak kazan\u00e7lar i\u00e7in Spinbetter Casino (Spinbetter)<\/title>\n<meta name=\"description\" content=\"Spinbetter casino geni\u015f bir oyun koleksiyonu sunar. Yeni gelenler ve d\u00fczenli m\u00fc\u015fteriler i\u00e7in bonuslar ve promosyonlar vard\u0131r.\" \/>\n<meta name=\"robots\" content=\"index, follow, max-snippet:-1, max-image-preview:large, max-video-preview:-1\" \/>\n<meta property=\"og:locale\" content=\"tr_TR\" \/>\n<meta property=\"og:type\" content=\"article\" \/>\n<meta property=\"og:title\" content=\"Parlak kazan\u00e7lar i\u00e7in Spinbetter Casino (Spinbetter)\" \/>\n<meta property=\"og:description\" content=\"Spinbetter casino geni\u015f bir oyun koleksiyonu sunar. Yeni gelenler ve d\u00fczenli m\u00fc\u015fteriler i\u00e7in bonuslar ve promosyonlar vard\u0131r.\" \/>\n<meta property=\"og:url\" content=\"https:\/\/spinbetter.gift\/tr\/\" \/>\n<meta property=\"og:site_name\" content=\"Spinbetter Gift TR\" \/>\n<meta property=\"article:modified_time\" content=\"2025-07-21T09:10:47+00:00\" \/>\n<meta name=\"twitter:card\" content=\"summary_large_image\" \/>\n<script type=\"application\/ld+json\" class=\"yoast-schema-graph\">{\"@context\":\"https:\/\/schema.org\",\"@graph\":[{\"@type\":\"WebPage\",\"@id\":\"https:\/\/spinbetter.gift\/tr\/\",\"url\":\"https:\/\/spinbetter.gift\/tr\/\",\"name\":\"Parlak kazan\u00e7lar i\u00e7in Spinbetter Casino (Spinbetter)\",\"isPartOf\":{\"@id\":\"https:\/\/spinbetter.gift\/tr\/#website\"},\"datePublished\":\"2023-05-18T17:18:34+00:00\",\"dateModified\":\"2025-07-21T09:10:47+00:00\",\"description\":\"Spinbetter casino geni\u015f bir oyun koleksiyonu sunar. Yeni gelenler ve d\u00fczenli m\u00fc\u015fteriler i\u00e7in bonuslar ve promosyonlar vard\u0131r.\",\"breadcrumb\":{\"@id\":\"https:\/\/spinbetter.gift\/tr\/#breadcrumb\"},\"inLanguage\":\"tr\",\"potentialAction\":[{\"@type\":\"ReadAction\",\"target\":[\"https:\/\/spinbetter.gift\/tr\/\"]}]},{\"@type\":\"BreadcrumbList\",\"@id\":\"https:\/\/spinbetter.gift\/tr\/#breadcrumb\",\"itemListElement\":[{\"@type\":\"ListItem\",\"position\":1,\"name\":\"\u0413\u043b\u0430\u0432\u043d\u0430\u044f \u0441\u0442\u0440\u0430\u043d\u0438\u0446\u0430\",\"item\":\"https:\/\/spinbetter.gift\/tr\/\"},{\"@type\":\"ListItem\",\"position\":2,\"name\":\"Ana sayfa\"}]},{\"@type\":\"WebSite\",\"@id\":\"https:\/\/spinbetter.gift\/tr\/#website\",\"url\":\"https:\/\/spinbetter.gift\/tr\/\",\"name\":\"Spinbetter Gift TR\",\"description\":\"My WordPress Blog\",\"potentialAction\":[{\"@type\":\"SearchAction\",\"target\":{\"@type\":\"EntryPoint\",\"urlTemplate\":\"https:\/\/spinbetter.gift\/tr\/?s={search_term_string}\"},\"query-input\":{\"@type\":\"PropertyValueSpecification\",\"valueRequired\":true,\"valueName\":\"search_term_string\"}}],\"inLanguage\":\"tr\"}]}<\/script>\n<!-- \/ Yoast SEO plugin. -->","yoast_head_json":{"title":"Parlak kazan\u00e7lar i\u00e7in Spinbetter Casino (Spinbetter)","description":"Spinbetter casino geni\u015f bir oyun koleksiyonu sunar. Yeni gelenler ve d\u00fczenli m\u00fc\u015fteriler i\u00e7in bonuslar ve promosyonlar vard\u0131r.","robots":{"index":"index","follow":"follow","max-snippet":"max-snippet:-1","max-image-preview":"max-image-preview:large","max-video-preview":"max-video-preview:-1"},"og_locale":"tr_TR","og_type":"article","og_title":"Parlak kazan\u00e7lar i\u00e7in Spinbetter Casino (Spinbetter)","og_description":"Spinbetter casino geni\u015f bir oyun koleksiyonu sunar. Yeni gelenler ve d\u00fczenli m\u00fc\u015fteriler i\u00e7in bonuslar ve promosyonlar vard\u0131r.","og_url":"https:\/\/spinbetter.gift\/tr\/","og_site_name":"Spinbetter Gift TR","article_modified_time":"2025-07-21T09:10:47+00:00","twitter_card":"summary_large_image","schema":{"@context":"https:\/\/schema.org","@graph":[{"@type":"WebPage","@id":"https:\/\/spinbetter.gift\/tr\/","url":"https:\/\/spinbetter.gift\/tr\/","name":"Parlak kazan\u00e7lar i\u00e7in Spinbetter Casino (Spinbetter)","isPartOf":{"@id":"https:\/\/spinbetter.gift\/tr\/#website"},"datePublished":"2023-05-18T17:18:34+00:00","dateModified":"2025-07-21T09:10:47+00:00","description":"Spinbetter casino geni\u015f bir oyun koleksiyonu sunar. Yeni gelenler ve d\u00fczenli m\u00fc\u015fteriler i\u00e7in bonuslar ve promosyonlar vard\u0131r.","breadcrumb":{"@id":"https:\/\/spinbetter.gift\/tr\/#breadcrumb"},"inLanguage":"tr","potentialAction":[{"@type":"ReadAction","target":["https:\/\/spinbetter.gift\/tr\/"]}]},{"@type":"BreadcrumbList","@id":"https:\/\/spinbetter.gift\/tr\/#breadcrumb","itemListElement":[{"@type":"ListItem","position":1,"name":"\u0413\u043b\u0430\u0432\u043d\u0430\u044f \u0441\u0442\u0440\u0430\u043d\u0438\u0446\u0430","item":"https:\/\/spinbetter.gift\/tr\/"},{"@type":"ListItem","position":2,"name":"Ana sayfa"}]},{"@type":"WebSite","@id":"https:\/\/spinbetter.gift\/tr\/#website","url":"https:\/\/spinbetter.gift\/tr\/","name":"Spinbetter Gift TR","description":"My WordPress Blog","potentialAction":[{"@type":"SearchAction","target":{"@type":"EntryPoint","urlTemplate":"https:\/\/spinbetter.gift\/tr\/?s={search_term_string}"},"query-input":{"@type":"PropertyValueSpecification","valueRequired":true,"valueName":"search_term_string"}}],"inLanguage":"tr"}]}},"_links":{"self":[{"href":"https:\/\/spinbetter.gift\/tr\/wp-json\/wp\/v2\/pages\/2","targetHints":{"allow":["GET"]}}],"collection":[{"href":"https:\/\/spinbetter.gift\/tr\/wp-json\/wp\/v2\/pages"}],"about":[{"href":"https:\/\/spinbetter.gift\/tr\/wp-json\/wp\/v2\/types\/page"}],"author":[{"embeddable":true,"href":"https:\/\/spinbetter.gift\/tr\/wp-json\/wp\/v2\/users\/1"}],"replies":[{"embeddable":true,"href":"https:\/\/spinbetter.gift\/tr\/wp-json\/wp\/v2\/comments?post=2"}],"version-history":[{"count":8,"href":"https:\/\/spinbetter.gift\/tr\/wp-json\/wp\/v2\/pages\/2\/revisions"}],"predecessor-version":[{"id":268,"href":"https:\/\/spinbetter.gift\/tr\/wp-json\/wp\/v2\/pages\/2\/revisions\/268"}],"wp:attachment":[{"href":"https:\/\/spinbetter.gift\/tr\/wp-json\/wp\/v2\/media?parent=2"}],"curies":[{"name":"wp","href":"https:\/\/api.w.org\/{rel}","templated":true}]}}