{"id":166,"date":"2025-02-14T09:09:08","date_gmt":"2025-02-14T09:09:08","guid":{"rendered":"https:\/\/spinbetter.gift\/tr\/?page_id=166"},"modified":"2025-03-14T16:38:30","modified_gmt":"2025-03-14T16:38:30","slug":"partners","status":"publish","type":"page","link":"https:\/\/spinbetter.gift\/tr\/partners\/","title":{"rendered":"Ortaklar"},"content":{"rendered":"<p>&nbsp;<\/p>\n<p>&nbsp;<\/p>\n<p>&nbsp;<\/p>\n","protected":false},"excerpt":{"rendered":"<p>&nbsp; &nbsp; &nbsp;<\/p>\n","protected":false},"author":1,"featured_media":0,"parent":0,"menu_order":0,"comment_status":"closed","ping_status":"closed","template":"","meta":{"footnotes":""},"class_list":["post-166","page","type-page","status-publish","hentry"],"yoast_head":"<!-- This site is optimized with the Yoast SEO plugin v24.2 - https:\/\/yoast.com\/wordpress\/plugins\/seo\/ -->\n<title>Spinbetter pasif gelir elde etmek i\u00e7in ortakl\u0131k kuruyor<\/title>\n<meta name=\"description\" content=\"Kumar kayna\u011f\u0131na yeni kullan\u0131c\u0131lar \u00e7ekmek i\u00e7in Spinbet ortak program\u0131na kat\u0131l\u0131n. \u00d6d\u00fcl kazan\u0131n!\" \/>\n<meta name=\"robots\" content=\"index, follow, max-snippet:-1, max-image-preview:large, max-video-preview:-1\" \/>\n<meta property=\"og:locale\" content=\"tr_TR\" \/>\n<meta property=\"og:type\" content=\"article\" \/>\n<meta property=\"og:title\" content=\"Spinbetter pasif gelir elde etmek i\u00e7in ortakl\u0131k kuruyor\" \/>\n<meta property=\"og:description\" content=\"Kumar kayna\u011f\u0131na yeni kullan\u0131c\u0131lar \u00e7ekmek i\u00e7in Spinbet ortak program\u0131na kat\u0131l\u0131n. \u00d6d\u00fcl kazan\u0131n!\" \/>\n<meta property=\"og:url\" content=\"https:\/\/spinbetter.gift\/tr\/partners\/\" \/>\n<meta property=\"og:site_name\" content=\"Spinbetter Gift TR\" \/>\n<meta property=\"article:modified_time\" content=\"2025-03-14T16:38:30+00:00\" \/>\n<meta name=\"twitter:card\" content=\"summary_large_image\" \/>\n<script type=\"application\/ld+json\" class=\"yoast-schema-graph\">{\"@context\":\"https:\/\/schema.org\",\"@graph\":[{\"@type\":\"WebPage\",\"@id\":\"https:\/\/spinbetter.gift\/tr\/partners\/\",\"url\":\"https:\/\/spinbetter.gift\/tr\/partners\/\",\"name\":\"Spinbetter pasif gelir elde etmek i\u00e7in ortakl\u0131k kuruyor\",\"isPartOf\":{\"@id\":\"https:\/\/spinbetter.gift\/tr\/#website\"},\"datePublished\":\"2025-02-14T09:09:08+00:00\",\"dateModified\":\"2025-03-14T16:38:30+00:00\",\"description\":\"Kumar kayna\u011f\u0131na yeni kullan\u0131c\u0131lar \u00e7ekmek i\u00e7in Spinbet ortak program\u0131na kat\u0131l\u0131n. \u00d6d\u00fcl kazan\u0131n!\",\"breadcrumb\":{\"@id\":\"https:\/\/spinbetter.gift\/tr\/partners\/#breadcrumb\"},\"inLanguage\":\"tr\",\"potentialAction\":[{\"@type\":\"ReadAction\",\"target\":[\"https:\/\/spinbetter.gift\/tr\/partners\/\"]}]},{\"@type\":\"BreadcrumbList\",\"@id\":\"https:\/\/spinbetter.gift\/tr\/partners\/#breadcrumb\",\"itemListElement\":[{\"@type\":\"ListItem\",\"position\":1,\"name\":\"\u0413\u043b\u0430\u0432\u043d\u0430\u044f \u0441\u0442\u0440\u0430\u043d\u0438\u0446\u0430\",\"item\":\"https:\/\/spinbetter.gift\/tr\/\"},{\"@type\":\"ListItem\",\"position\":2,\"name\":\"Ortaklar\"}]},{\"@type\":\"WebSite\",\"@id\":\"https:\/\/spinbetter.gift\/tr\/#website\",\"url\":\"https:\/\/spinbetter.gift\/tr\/\",\"name\":\"Spinbetter Gift TR\",\"description\":\"My WordPress Blog\",\"potentialAction\":[{\"@type\":\"SearchAction\",\"target\":{\"@type\":\"EntryPoint\",\"urlTemplate\":\"https:\/\/spinbetter.gift\/tr\/?s={search_term_string}\"},\"query-input\":{\"@type\":\"PropertyValueSpecification\",\"valueRequired\":true,\"valueName\":\"search_term_string\"}}],\"inLanguage\":\"tr\"}]}<\/script>\n<!-- \/ Yoast SEO plugin. -->","yoast_head_json":{"title":"Spinbetter pasif gelir elde etmek i\u00e7in ortakl\u0131k kuruyor","description":"Kumar kayna\u011f\u0131na yeni kullan\u0131c\u0131lar \u00e7ekmek i\u00e7in Spinbet ortak program\u0131na kat\u0131l\u0131n. \u00d6d\u00fcl kazan\u0131n!","robots":{"index":"index","follow":"follow","max-snippet":"max-snippet:-1","max-image-preview":"max-image-preview:large","max-video-preview":"max-video-preview:-1"},"og_locale":"tr_TR","og_type":"article","og_title":"Spinbetter pasif gelir elde etmek i\u00e7in ortakl\u0131k kuruyor","og_description":"Kumar kayna\u011f\u0131na yeni kullan\u0131c\u0131lar \u00e7ekmek i\u00e7in Spinbet ortak program\u0131na kat\u0131l\u0131n. \u00d6d\u00fcl kazan\u0131n!","og_url":"https:\/\/spinbetter.gift\/tr\/partners\/","og_site_name":"Spinbetter Gift TR","article_modified_time":"2025-03-14T16:38:30+00:00","twitter_card":"summary_large_image","schema":{"@context":"https:\/\/schema.org","@graph":[{"@type":"WebPage","@id":"https:\/\/spinbetter.gift\/tr\/partners\/","url":"https:\/\/spinbetter.gift\/tr\/partners\/","name":"Spinbetter pasif gelir elde etmek i\u00e7in ortakl\u0131k kuruyor","isPartOf":{"@id":"https:\/\/spinbetter.gift\/tr\/#website"},"datePublished":"2025-02-14T09:09:08+00:00","dateModified":"2025-03-14T16:38:30+00:00","description":"Kumar kayna\u011f\u0131na yeni kullan\u0131c\u0131lar \u00e7ekmek i\u00e7in Spinbet ortak program\u0131na kat\u0131l\u0131n. \u00d6d\u00fcl kazan\u0131n!","breadcrumb":{"@id":"https:\/\/spinbetter.gift\/tr\/partners\/#breadcrumb"},"inLanguage":"tr","potentialAction":[{"@type":"ReadAction","target":["https:\/\/spinbetter.gift\/tr\/partners\/"]}]},{"@type":"BreadcrumbList","@id":"https:\/\/spinbetter.gift\/tr\/partners\/#breadcrumb","itemListElement":[{"@type":"ListItem","position":1,"name":"\u0413\u043b\u0430\u0432\u043d\u0430\u044f \u0441\u0442\u0440\u0430\u043d\u0438\u0446\u0430","item":"https:\/\/spinbetter.gift\/tr\/"},{"@type":"ListItem","position":2,"name":"Ortaklar"}]},{"@type":"WebSite","@id":"https:\/\/spinbetter.gift\/tr\/#website","url":"https:\/\/spinbetter.gift\/tr\/","name":"Spinbetter Gift TR","description":"My WordPress Blog","potentialAction":[{"@type":"SearchAction","target":{"@type":"EntryPoint","urlTemplate":"https:\/\/spinbetter.gift\/tr\/?s={search_term_string}"},"query-input":{"@type":"PropertyValueSpecification","valueRequired":true,"valueName":"search_term_string"}}],"inLanguage":"tr"}]}},"_links":{"self":[{"href":"https:\/\/spinbetter.gift\/tr\/wp-json\/wp\/v2\/pages\/166","targetHints":{"allow":["GET"]}}],"collection":[{"href":"https:\/\/spinbetter.gift\/tr\/wp-json\/wp\/v2\/pages"}],"about":[{"href":"https:\/\/spinbetter.gift\/tr\/wp-json\/wp\/v2\/types\/page"}],"author":[{"embeddable":true,"href":"https:\/\/spinbetter.gift\/tr\/wp-json\/wp\/v2\/users\/1"}],"replies":[{"embeddable":true,"href":"https:\/\/spinbetter.gift\/tr\/wp-json\/wp\/v2\/comments?post=166"}],"version-history":[{"count":7,"href":"https:\/\/spinbetter.gift\/tr\/wp-json\/wp\/v2\/pages\/166\/revisions"}],"predecessor-version":[{"id":256,"href":"https:\/\/spinbetter.gift\/tr\/wp-json\/wp\/v2\/pages\/166\/revisions\/256"}],"wp:attachment":[{"href":"https:\/\/spinbetter.gift\/tr\/wp-json\/wp\/v2\/media?parent=166"}],"curies":[{"name":"wp","href":"https:\/\/api.w.org\/{rel}","templated":true}]}}