{"id":160,"date":"2025-02-14T09:06:57","date_gmt":"2025-02-14T09:06:57","guid":{"rendered":"https:\/\/spinbetter.gift\/tr\/?page_id=160"},"modified":"2025-03-13T06:52:45","modified_gmt":"2025-03-13T06:52:45","slug":"registration","status":"publish","type":"page","link":"https:\/\/spinbetter.gift\/tr\/registration\/","title":{"rendered":"Kay\u0131t"},"content":{"rendered":"<p>&nbsp;<\/p>\n<p>&nbsp;<\/p>\n","protected":false},"excerpt":{"rendered":"<p>&nbsp; &nbsp;<\/p>\n","protected":false},"author":1,"featured_media":0,"parent":0,"menu_order":0,"comment_status":"closed","ping_status":"closed","template":"","meta":{"footnotes":""},"class_list":["post-160","page","type-page","status-publish","hentry"],"yoast_head":"<!-- This site is optimized with the Yoast SEO plugin v24.2 - https:\/\/yoast.com\/wordpress\/plugins\/seo\/ -->\n<title>Spinbetter kumar i\u00e7in yeni kullan\u0131c\u0131lar\u0131n kayd\u0131<\/title>\n<meta name=\"description\" content=\"Spinbetter kayd\u0131n\u0131z\u0131 tamamlay\u0131n ve platformun t\u00fcm i\u015flevlerine eri\u015fin. D\u00fczenli m\u00fc\u015fteri olmak i\u00e7in anketi doldurun.\" \/>\n<meta name=\"robots\" content=\"index, follow, max-snippet:-1, max-image-preview:large, max-video-preview:-1\" \/>\n<meta property=\"og:locale\" content=\"tr_TR\" \/>\n<meta property=\"og:type\" content=\"article\" \/>\n<meta property=\"og:title\" content=\"Spinbetter kumar i\u00e7in yeni kullan\u0131c\u0131lar\u0131n kayd\u0131\" \/>\n<meta property=\"og:description\" content=\"Spinbetter kayd\u0131n\u0131z\u0131 tamamlay\u0131n ve platformun t\u00fcm i\u015flevlerine eri\u015fin. D\u00fczenli m\u00fc\u015fteri olmak i\u00e7in anketi doldurun.\" \/>\n<meta property=\"og:url\" content=\"https:\/\/spinbetter.gift\/tr\/registration\/\" \/>\n<meta property=\"og:site_name\" content=\"Spinbetter Gift TR\" \/>\n<meta property=\"article:modified_time\" content=\"2025-03-13T06:52:45+00:00\" \/>\n<meta name=\"twitter:card\" content=\"summary_large_image\" \/>\n<script type=\"application\/ld+json\" class=\"yoast-schema-graph\">{\"@context\":\"https:\/\/schema.org\",\"@graph\":[{\"@type\":\"WebPage\",\"@id\":\"https:\/\/spinbetter.gift\/tr\/registration\/\",\"url\":\"https:\/\/spinbetter.gift\/tr\/registration\/\",\"name\":\"Spinbetter kumar i\u00e7in yeni kullan\u0131c\u0131lar\u0131n kayd\u0131\",\"isPartOf\":{\"@id\":\"https:\/\/spinbetter.gift\/tr\/#website\"},\"datePublished\":\"2025-02-14T09:06:57+00:00\",\"dateModified\":\"2025-03-13T06:52:45+00:00\",\"description\":\"Spinbetter kayd\u0131n\u0131z\u0131 tamamlay\u0131n ve platformun t\u00fcm i\u015flevlerine eri\u015fin. D\u00fczenli m\u00fc\u015fteri olmak i\u00e7in anketi doldurun.\",\"breadcrumb\":{\"@id\":\"https:\/\/spinbetter.gift\/tr\/registration\/#breadcrumb\"},\"inLanguage\":\"tr\",\"potentialAction\":[{\"@type\":\"ReadAction\",\"target\":[\"https:\/\/spinbetter.gift\/tr\/registration\/\"]}]},{\"@type\":\"BreadcrumbList\",\"@id\":\"https:\/\/spinbetter.gift\/tr\/registration\/#breadcrumb\",\"itemListElement\":[{\"@type\":\"ListItem\",\"position\":1,\"name\":\"\u0413\u043b\u0430\u0432\u043d\u0430\u044f \u0441\u0442\u0440\u0430\u043d\u0438\u0446\u0430\",\"item\":\"https:\/\/spinbetter.gift\/tr\/\"},{\"@type\":\"ListItem\",\"position\":2,\"name\":\"Kay\u0131t\"}]},{\"@type\":\"WebSite\",\"@id\":\"https:\/\/spinbetter.gift\/tr\/#website\",\"url\":\"https:\/\/spinbetter.gift\/tr\/\",\"name\":\"Spinbetter Gift TR\",\"description\":\"My WordPress Blog\",\"potentialAction\":[{\"@type\":\"SearchAction\",\"target\":{\"@type\":\"EntryPoint\",\"urlTemplate\":\"https:\/\/spinbetter.gift\/tr\/?s={search_term_string}\"},\"query-input\":{\"@type\":\"PropertyValueSpecification\",\"valueRequired\":true,\"valueName\":\"search_term_string\"}}],\"inLanguage\":\"tr\"}]}<\/script>\n<!-- \/ Yoast SEO plugin. -->","yoast_head_json":{"title":"Spinbetter kumar i\u00e7in yeni kullan\u0131c\u0131lar\u0131n kayd\u0131","description":"Spinbetter kayd\u0131n\u0131z\u0131 tamamlay\u0131n ve platformun t\u00fcm i\u015flevlerine eri\u015fin. D\u00fczenli m\u00fc\u015fteri olmak i\u00e7in anketi doldurun.","robots":{"index":"index","follow":"follow","max-snippet":"max-snippet:-1","max-image-preview":"max-image-preview:large","max-video-preview":"max-video-preview:-1"},"og_locale":"tr_TR","og_type":"article","og_title":"Spinbetter kumar i\u00e7in yeni kullan\u0131c\u0131lar\u0131n kayd\u0131","og_description":"Spinbetter kayd\u0131n\u0131z\u0131 tamamlay\u0131n ve platformun t\u00fcm i\u015flevlerine eri\u015fin. D\u00fczenli m\u00fc\u015fteri olmak i\u00e7in anketi doldurun.","og_url":"https:\/\/spinbetter.gift\/tr\/registration\/","og_site_name":"Spinbetter Gift TR","article_modified_time":"2025-03-13T06:52:45+00:00","twitter_card":"summary_large_image","schema":{"@context":"https:\/\/schema.org","@graph":[{"@type":"WebPage","@id":"https:\/\/spinbetter.gift\/tr\/registration\/","url":"https:\/\/spinbetter.gift\/tr\/registration\/","name":"Spinbetter kumar i\u00e7in yeni kullan\u0131c\u0131lar\u0131n kayd\u0131","isPartOf":{"@id":"https:\/\/spinbetter.gift\/tr\/#website"},"datePublished":"2025-02-14T09:06:57+00:00","dateModified":"2025-03-13T06:52:45+00:00","description":"Spinbetter kayd\u0131n\u0131z\u0131 tamamlay\u0131n ve platformun t\u00fcm i\u015flevlerine eri\u015fin. D\u00fczenli m\u00fc\u015fteri olmak i\u00e7in anketi doldurun.","breadcrumb":{"@id":"https:\/\/spinbetter.gift\/tr\/registration\/#breadcrumb"},"inLanguage":"tr","potentialAction":[{"@type":"ReadAction","target":["https:\/\/spinbetter.gift\/tr\/registration\/"]}]},{"@type":"BreadcrumbList","@id":"https:\/\/spinbetter.gift\/tr\/registration\/#breadcrumb","itemListElement":[{"@type":"ListItem","position":1,"name":"\u0413\u043b\u0430\u0432\u043d\u0430\u044f \u0441\u0442\u0440\u0430\u043d\u0438\u0446\u0430","item":"https:\/\/spinbetter.gift\/tr\/"},{"@type":"ListItem","position":2,"name":"Kay\u0131t"}]},{"@type":"WebSite","@id":"https:\/\/spinbetter.gift\/tr\/#website","url":"https:\/\/spinbetter.gift\/tr\/","name":"Spinbetter Gift TR","description":"My WordPress Blog","potentialAction":[{"@type":"SearchAction","target":{"@type":"EntryPoint","urlTemplate":"https:\/\/spinbetter.gift\/tr\/?s={search_term_string}"},"query-input":{"@type":"PropertyValueSpecification","valueRequired":true,"valueName":"search_term_string"}}],"inLanguage":"tr"}]}},"_links":{"self":[{"href":"https:\/\/spinbetter.gift\/tr\/wp-json\/wp\/v2\/pages\/160","targetHints":{"allow":["GET"]}}],"collection":[{"href":"https:\/\/spinbetter.gift\/tr\/wp-json\/wp\/v2\/pages"}],"about":[{"href":"https:\/\/spinbetter.gift\/tr\/wp-json\/wp\/v2\/types\/page"}],"author":[{"embeddable":true,"href":"https:\/\/spinbetter.gift\/tr\/wp-json\/wp\/v2\/users\/1"}],"replies":[{"embeddable":true,"href":"https:\/\/spinbetter.gift\/tr\/wp-json\/wp\/v2\/comments?post=160"}],"version-history":[{"count":7,"href":"https:\/\/spinbetter.gift\/tr\/wp-json\/wp\/v2\/pages\/160\/revisions"}],"predecessor-version":[{"id":247,"href":"https:\/\/spinbetter.gift\/tr\/wp-json\/wp\/v2\/pages\/160\/revisions\/247"}],"wp:attachment":[{"href":"https:\/\/spinbetter.gift\/tr\/wp-json\/wp\/v2\/media?parent=160"}],"curies":[{"name":"wp","href":"https:\/\/api.w.org\/{rel}","templated":true}]}}