{"id":268,"date":"2025-07-17T09:18:09","date_gmt":"2025-07-17T09:18:09","guid":{"rendered":"https:\/\/spinbetter.gift\/sk\/?page_id=268"},"modified":"2025-07-17T09:18:16","modified_gmt":"2025-07-17T09:18:16","slug":"subscribe-telegram","status":"publish","type":"page","link":"https:\/\/spinbetter.gift\/sk\/bonus\/subscribe-telegram\/","title":{"rendered":"Prihl\u00e1si\u0165 sa na odber Telegramu"},"content":{"rendered":"","protected":false},"excerpt":{"rendered":"","protected":false},"author":1,"featured_media":0,"parent":152,"menu_order":0,"comment_status":"closed","ping_status":"closed","template":"","meta":{"footnotes":""},"class_list":["post-268","page","type-page","status-publish","hentry"],"yoast_head":"<!-- This site is optimized with the Yoast SEO plugin v24.2 - https:\/\/yoast.com\/wordpress\/plugins\/seo\/ -->\n<title>SpinBetter rozd\u00e1va 100 FS | Prihl\u00e1ste sa na odber Telegramu<\/title>\n<meta name=\"description\" content=\"Chcete bonusy bez zbyto\u010dn\u00fdch podmienok? Prihl\u00e1ste sa na odber kas\u00edna SpinBetter na Telegram a z\u00edskajte 100 FS! Popon\u00e1h\u013eajte sa, k\u00fdm je akcia akt\u00edvna. Otvorte svet bonusov a akci\u00ed!\" \/>\n<meta name=\"robots\" content=\"index, follow, max-snippet:-1, max-image-preview:large, max-video-preview:-1\" \/>\n<meta property=\"og:locale\" content=\"sk_SK\" \/>\n<meta property=\"og:type\" content=\"article\" \/>\n<meta property=\"og:title\" content=\"SpinBetter rozd\u00e1va 100 FS | Prihl\u00e1ste sa na odber Telegramu\" \/>\n<meta property=\"og:description\" content=\"Chcete bonusy bez zbyto\u010dn\u00fdch podmienok? Prihl\u00e1ste sa na odber kas\u00edna SpinBetter na Telegram a z\u00edskajte 100 FS! Popon\u00e1h\u013eajte sa, k\u00fdm je akcia akt\u00edvna. Otvorte svet bonusov a akci\u00ed!\" \/>\n<meta property=\"og:url\" content=\"https:\/\/spinbetter.gift\/sk\/bonus\/subscribe-telegram\/\" \/>\n<meta property=\"og:site_name\" content=\"Spinbetter Gift SK\" \/>\n<meta property=\"article:modified_time\" content=\"2025-07-17T09:18:16+00:00\" \/>\n<meta name=\"twitter:card\" content=\"summary_large_image\" \/>\n<script type=\"application\/ld+json\" class=\"yoast-schema-graph\">{\"@context\":\"https:\/\/schema.org\",\"@graph\":[{\"@type\":\"WebPage\",\"@id\":\"https:\/\/spinbetter.gift\/sk\/bonus\/subscribe-telegram\/\",\"url\":\"https:\/\/spinbetter.gift\/sk\/bonus\/subscribe-telegram\/\",\"name\":\"SpinBetter rozd\u00e1va 100 FS | Prihl\u00e1ste sa na odber Telegramu\",\"isPartOf\":{\"@id\":\"https:\/\/spinbetter.gift\/sk\/#website\"},\"datePublished\":\"2025-07-17T09:18:09+00:00\",\"dateModified\":\"2025-07-17T09:18:16+00:00\",\"description\":\"Chcete bonusy bez zbyto\u010dn\u00fdch podmienok? Prihl\u00e1ste sa na odber kas\u00edna SpinBetter na Telegram a z\u00edskajte 100 FS! Popon\u00e1h\u013eajte sa, k\u00fdm je akcia akt\u00edvna. Otvorte svet bonusov a akci\u00ed!\",\"breadcrumb\":{\"@id\":\"https:\/\/spinbetter.gift\/sk\/bonus\/subscribe-telegram\/#breadcrumb\"},\"inLanguage\":\"sk-SK\",\"potentialAction\":[{\"@type\":\"ReadAction\",\"target\":[\"https:\/\/spinbetter.gift\/sk\/bonus\/subscribe-telegram\/\"]}]},{\"@type\":\"BreadcrumbList\",\"@id\":\"https:\/\/spinbetter.gift\/sk\/bonus\/subscribe-telegram\/#breadcrumb\",\"itemListElement\":[{\"@type\":\"ListItem\",\"position\":1,\"name\":\"\u0413\u043b\u0430\u0432\u043d\u0430\u044f \u0441\u0442\u0440\u0430\u043d\u0438\u0446\u0430\",\"item\":\"https:\/\/spinbetter.gift\/sk\/\"},{\"@type\":\"ListItem\",\"position\":2,\"name\":\"Bonus\",\"item\":\"https:\/\/spinbetter.gift\/sk\/bonus\/\"},{\"@type\":\"ListItem\",\"position\":3,\"name\":\"Prihl\u00e1si\u0165 sa na odber Telegramu\"}]},{\"@type\":\"WebSite\",\"@id\":\"https:\/\/spinbetter.gift\/sk\/#website\",\"url\":\"https:\/\/spinbetter.gift\/sk\/\",\"name\":\"Spinbetter Gift SK\",\"description\":\"My WordPress Blog\",\"potentialAction\":[{\"@type\":\"SearchAction\",\"target\":{\"@type\":\"EntryPoint\",\"urlTemplate\":\"https:\/\/spinbetter.gift\/sk\/?s={search_term_string}\"},\"query-input\":{\"@type\":\"PropertyValueSpecification\",\"valueRequired\":true,\"valueName\":\"search_term_string\"}}],\"inLanguage\":\"sk-SK\"}]}<\/script>\n<!-- \/ Yoast SEO plugin. -->","yoast_head_json":{"title":"SpinBetter rozd\u00e1va 100 FS | Prihl\u00e1ste sa na odber Telegramu","description":"Chcete bonusy bez zbyto\u010dn\u00fdch podmienok? Prihl\u00e1ste sa na odber kas\u00edna SpinBetter na Telegram a z\u00edskajte 100 FS! Popon\u00e1h\u013eajte sa, k\u00fdm je akcia akt\u00edvna. Otvorte svet bonusov a akci\u00ed!","robots":{"index":"index","follow":"follow","max-snippet":"max-snippet:-1","max-image-preview":"max-image-preview:large","max-video-preview":"max-video-preview:-1"},"og_locale":"sk_SK","og_type":"article","og_title":"SpinBetter rozd\u00e1va 100 FS | Prihl\u00e1ste sa na odber Telegramu","og_description":"Chcete bonusy bez zbyto\u010dn\u00fdch podmienok? Prihl\u00e1ste sa na odber kas\u00edna SpinBetter na Telegram a z\u00edskajte 100 FS! Popon\u00e1h\u013eajte sa, k\u00fdm je akcia akt\u00edvna. Otvorte svet bonusov a akci\u00ed!","og_url":"https:\/\/spinbetter.gift\/sk\/bonus\/subscribe-telegram\/","og_site_name":"Spinbetter Gift SK","article_modified_time":"2025-07-17T09:18:16+00:00","twitter_card":"summary_large_image","schema":{"@context":"https:\/\/schema.org","@graph":[{"@type":"WebPage","@id":"https:\/\/spinbetter.gift\/sk\/bonus\/subscribe-telegram\/","url":"https:\/\/spinbetter.gift\/sk\/bonus\/subscribe-telegram\/","name":"SpinBetter rozd\u00e1va 100 FS | Prihl\u00e1ste sa na odber Telegramu","isPartOf":{"@id":"https:\/\/spinbetter.gift\/sk\/#website"},"datePublished":"2025-07-17T09:18:09+00:00","dateModified":"2025-07-17T09:18:16+00:00","description":"Chcete bonusy bez zbyto\u010dn\u00fdch podmienok? Prihl\u00e1ste sa na odber kas\u00edna SpinBetter na Telegram a z\u00edskajte 100 FS! Popon\u00e1h\u013eajte sa, k\u00fdm je akcia akt\u00edvna. Otvorte svet bonusov a akci\u00ed!","breadcrumb":{"@id":"https:\/\/spinbetter.gift\/sk\/bonus\/subscribe-telegram\/#breadcrumb"},"inLanguage":"sk-SK","potentialAction":[{"@type":"ReadAction","target":["https:\/\/spinbetter.gift\/sk\/bonus\/subscribe-telegram\/"]}]},{"@type":"BreadcrumbList","@id":"https:\/\/spinbetter.gift\/sk\/bonus\/subscribe-telegram\/#breadcrumb","itemListElement":[{"@type":"ListItem","position":1,"name":"\u0413\u043b\u0430\u0432\u043d\u0430\u044f \u0441\u0442\u0440\u0430\u043d\u0438\u0446\u0430","item":"https:\/\/spinbetter.gift\/sk\/"},{"@type":"ListItem","position":2,"name":"Bonus","item":"https:\/\/spinbetter.gift\/sk\/bonus\/"},{"@type":"ListItem","position":3,"name":"Prihl\u00e1si\u0165 sa na odber Telegramu"}]},{"@type":"WebSite","@id":"https:\/\/spinbetter.gift\/sk\/#website","url":"https:\/\/spinbetter.gift\/sk\/","name":"Spinbetter Gift SK","description":"My WordPress Blog","potentialAction":[{"@type":"SearchAction","target":{"@type":"EntryPoint","urlTemplate":"https:\/\/spinbetter.gift\/sk\/?s={search_term_string}"},"query-input":{"@type":"PropertyValueSpecification","valueRequired":true,"valueName":"search_term_string"}}],"inLanguage":"sk-SK"}]}},"_links":{"self":[{"href":"https:\/\/spinbetter.gift\/sk\/wp-json\/wp\/v2\/pages\/268","targetHints":{"allow":["GET"]}}],"collection":[{"href":"https:\/\/spinbetter.gift\/sk\/wp-json\/wp\/v2\/pages"}],"about":[{"href":"https:\/\/spinbetter.gift\/sk\/wp-json\/wp\/v2\/types\/page"}],"author":[{"embeddable":true,"href":"https:\/\/spinbetter.gift\/sk\/wp-json\/wp\/v2\/users\/1"}],"replies":[{"embeddable":true,"href":"https:\/\/spinbetter.gift\/sk\/wp-json\/wp\/v2\/comments?post=268"}],"version-history":[{"count":1,"href":"https:\/\/spinbetter.gift\/sk\/wp-json\/wp\/v2\/pages\/268\/revisions"}],"predecessor-version":[{"id":269,"href":"https:\/\/spinbetter.gift\/sk\/wp-json\/wp\/v2\/pages\/268\/revisions\/269"}],"up":[{"embeddable":true,"href":"https:\/\/spinbetter.gift\/sk\/wp-json\/wp\/v2\/pages\/152"}],"wp:attachment":[{"href":"https:\/\/spinbetter.gift\/sk\/wp-json\/wp\/v2\/media?parent=268"}],"curies":[{"name":"wp","href":"https:\/\/api.w.org\/{rel}","templated":true}]}}