{"id":168,"date":"2025-02-14T09:09:43","date_gmt":"2025-02-14T09:09:43","guid":{"rendered":"https:\/\/spinbetter.gift\/sk\/?page_id=168"},"modified":"2025-03-24T10:15:25","modified_gmt":"2025-03-24T10:15:25","slug":"app","status":"publish","type":"page","link":"https:\/\/spinbetter.gift\/sk\/app\/","title":{"rendered":"Aplik\u00e1cia"},"content":{"rendered":"<p>&nbsp;<\/p>\n<p>&nbsp;<\/p>\n<p>&nbsp;<\/p>\n","protected":false},"excerpt":{"rendered":"<p>&nbsp; &nbsp; &nbsp;<\/p>\n","protected":false},"author":1,"featured_media":0,"parent":0,"menu_order":0,"comment_status":"closed","ping_status":"closed","template":"","meta":{"footnotes":""},"class_list":["post-168","page","type-page","status-publish","hentry"],"yoast_head":"<!-- This site is optimized with the Yoast SEO plugin v24.2 - https:\/\/yoast.com\/wordpress\/plugins\/seo\/ -->\n<title>Stiahnite si Spinbetter online na hranie zo smartf\u00f3nu<\/title>\n<meta name=\"description\" content=\"Spinbetter apk bude skvelou pr\u00edle\u017eitos\u0165ou na hranie. Stiahnite si softv\u00e9r do svojho smartf\u00f3nu, prihl\u00e1ste sa a tipujte na vybran\u00e9 automaty.\" \/>\n<meta name=\"robots\" content=\"index, follow, max-snippet:-1, max-image-preview:large, max-video-preview:-1\" \/>\n<meta property=\"og:locale\" content=\"sk_SK\" \/>\n<meta property=\"og:type\" content=\"article\" \/>\n<meta property=\"og:title\" content=\"Stiahnite si Spinbetter online na hranie zo smartf\u00f3nu\" \/>\n<meta property=\"og:description\" content=\"Spinbetter apk bude skvelou pr\u00edle\u017eitos\u0165ou na hranie. Stiahnite si softv\u00e9r do svojho smartf\u00f3nu, prihl\u00e1ste sa a tipujte na vybran\u00e9 automaty.\" \/>\n<meta property=\"og:url\" content=\"https:\/\/spinbetter.gift\/sk\/app\/\" \/>\n<meta property=\"og:site_name\" content=\"Spinbetter Gift SK\" \/>\n<meta property=\"article:modified_time\" content=\"2025-03-24T10:15:25+00:00\" \/>\n<meta name=\"twitter:card\" content=\"summary_large_image\" \/>\n<script type=\"application\/ld+json\" class=\"yoast-schema-graph\">{\"@context\":\"https:\/\/schema.org\",\"@graph\":[{\"@type\":\"WebPage\",\"@id\":\"https:\/\/spinbetter.gift\/sk\/app\/\",\"url\":\"https:\/\/spinbetter.gift\/sk\/app\/\",\"name\":\"Stiahnite si Spinbetter online na hranie zo smartf\u00f3nu\",\"isPartOf\":{\"@id\":\"https:\/\/spinbetter.gift\/sk\/#website\"},\"datePublished\":\"2025-02-14T09:09:43+00:00\",\"dateModified\":\"2025-03-24T10:15:25+00:00\",\"description\":\"Spinbetter apk bude skvelou pr\u00edle\u017eitos\u0165ou na hranie. Stiahnite si softv\u00e9r do svojho smartf\u00f3nu, prihl\u00e1ste sa a tipujte na vybran\u00e9 automaty.\",\"breadcrumb\":{\"@id\":\"https:\/\/spinbetter.gift\/sk\/app\/#breadcrumb\"},\"inLanguage\":\"sk-SK\",\"potentialAction\":[{\"@type\":\"ReadAction\",\"target\":[\"https:\/\/spinbetter.gift\/sk\/app\/\"]}]},{\"@type\":\"BreadcrumbList\",\"@id\":\"https:\/\/spinbetter.gift\/sk\/app\/#breadcrumb\",\"itemListElement\":[{\"@type\":\"ListItem\",\"position\":1,\"name\":\"\u0413\u043b\u0430\u0432\u043d\u0430\u044f \u0441\u0442\u0440\u0430\u043d\u0438\u0446\u0430\",\"item\":\"https:\/\/spinbetter.gift\/sk\/\"},{\"@type\":\"ListItem\",\"position\":2,\"name\":\"Aplik\u00e1cia\"}]},{\"@type\":\"WebSite\",\"@id\":\"https:\/\/spinbetter.gift\/sk\/#website\",\"url\":\"https:\/\/spinbetter.gift\/sk\/\",\"name\":\"Spinbetter Gift SK\",\"description\":\"My WordPress Blog\",\"potentialAction\":[{\"@type\":\"SearchAction\",\"target\":{\"@type\":\"EntryPoint\",\"urlTemplate\":\"https:\/\/spinbetter.gift\/sk\/?s={search_term_string}\"},\"query-input\":{\"@type\":\"PropertyValueSpecification\",\"valueRequired\":true,\"valueName\":\"search_term_string\"}}],\"inLanguage\":\"sk-SK\"}]}<\/script>\n<!-- \/ Yoast SEO plugin. -->","yoast_head_json":{"title":"Stiahnite si Spinbetter online na hranie zo smartf\u00f3nu","description":"Spinbetter apk bude skvelou pr\u00edle\u017eitos\u0165ou na hranie. Stiahnite si softv\u00e9r do svojho smartf\u00f3nu, prihl\u00e1ste sa a tipujte na vybran\u00e9 automaty.","robots":{"index":"index","follow":"follow","max-snippet":"max-snippet:-1","max-image-preview":"max-image-preview:large","max-video-preview":"max-video-preview:-1"},"og_locale":"sk_SK","og_type":"article","og_title":"Stiahnite si Spinbetter online na hranie zo smartf\u00f3nu","og_description":"Spinbetter apk bude skvelou pr\u00edle\u017eitos\u0165ou na hranie. Stiahnite si softv\u00e9r do svojho smartf\u00f3nu, prihl\u00e1ste sa a tipujte na vybran\u00e9 automaty.","og_url":"https:\/\/spinbetter.gift\/sk\/app\/","og_site_name":"Spinbetter Gift SK","article_modified_time":"2025-03-24T10:15:25+00:00","twitter_card":"summary_large_image","schema":{"@context":"https:\/\/schema.org","@graph":[{"@type":"WebPage","@id":"https:\/\/spinbetter.gift\/sk\/app\/","url":"https:\/\/spinbetter.gift\/sk\/app\/","name":"Stiahnite si Spinbetter online na hranie zo smartf\u00f3nu","isPartOf":{"@id":"https:\/\/spinbetter.gift\/sk\/#website"},"datePublished":"2025-02-14T09:09:43+00:00","dateModified":"2025-03-24T10:15:25+00:00","description":"Spinbetter apk bude skvelou pr\u00edle\u017eitos\u0165ou na hranie. Stiahnite si softv\u00e9r do svojho smartf\u00f3nu, prihl\u00e1ste sa a tipujte na vybran\u00e9 automaty.","breadcrumb":{"@id":"https:\/\/spinbetter.gift\/sk\/app\/#breadcrumb"},"inLanguage":"sk-SK","potentialAction":[{"@type":"ReadAction","target":["https:\/\/spinbetter.gift\/sk\/app\/"]}]},{"@type":"BreadcrumbList","@id":"https:\/\/spinbetter.gift\/sk\/app\/#breadcrumb","itemListElement":[{"@type":"ListItem","position":1,"name":"\u0413\u043b\u0430\u0432\u043d\u0430\u044f \u0441\u0442\u0440\u0430\u043d\u0438\u0446\u0430","item":"https:\/\/spinbetter.gift\/sk\/"},{"@type":"ListItem","position":2,"name":"Aplik\u00e1cia"}]},{"@type":"WebSite","@id":"https:\/\/spinbetter.gift\/sk\/#website","url":"https:\/\/spinbetter.gift\/sk\/","name":"Spinbetter Gift SK","description":"My WordPress Blog","potentialAction":[{"@type":"SearchAction","target":{"@type":"EntryPoint","urlTemplate":"https:\/\/spinbetter.gift\/sk\/?s={search_term_string}"},"query-input":{"@type":"PropertyValueSpecification","valueRequired":true,"valueName":"search_term_string"}}],"inLanguage":"sk-SK"}]}},"_links":{"self":[{"href":"https:\/\/spinbetter.gift\/sk\/wp-json\/wp\/v2\/pages\/168","targetHints":{"allow":["GET"]}}],"collection":[{"href":"https:\/\/spinbetter.gift\/sk\/wp-json\/wp\/v2\/pages"}],"about":[{"href":"https:\/\/spinbetter.gift\/sk\/wp-json\/wp\/v2\/types\/page"}],"author":[{"embeddable":true,"href":"https:\/\/spinbetter.gift\/sk\/wp-json\/wp\/v2\/users\/1"}],"replies":[{"embeddable":true,"href":"https:\/\/spinbetter.gift\/sk\/wp-json\/wp\/v2\/comments?post=168"}],"version-history":[{"count":10,"href":"https:\/\/spinbetter.gift\/sk\/wp-json\/wp\/v2\/pages\/168\/revisions"}],"predecessor-version":[{"id":252,"href":"https:\/\/spinbetter.gift\/sk\/wp-json\/wp\/v2\/pages\/168\/revisions\/252"}],"wp:attachment":[{"href":"https:\/\/spinbetter.gift\/sk\/wp-json\/wp\/v2\/media?parent=168"}],"curies":[{"name":"wp","href":"https:\/\/api.w.org\/{rel}","templated":true}]}}