{"id":162,"date":"2025-02-14T09:07:36","date_gmt":"2025-02-14T09:07:36","guid":{"rendered":"https:\/\/spinbetter.gift\/sk\/?page_id=162"},"modified":"2025-03-24T10:27:51","modified_gmt":"2025-03-24T10:27:51","slug":"login","status":"publish","type":"page","link":"https:\/\/spinbetter.gift\/sk\/login\/","title":{"rendered":"Prihl\u00e1ste sa"},"content":{"rendered":"<p>&nbsp;<\/p>\n<p>&nbsp;<\/p>\n<p>&nbsp;<\/p>\n","protected":false},"excerpt":{"rendered":"<p>&nbsp; &nbsp; &nbsp;<\/p>\n","protected":false},"author":1,"featured_media":0,"parent":0,"menu_order":0,"comment_status":"closed","ping_status":"closed","template":"","meta":{"footnotes":""},"class_list":["post-162","page","type-page","status-publish","hentry"],"yoast_head":"<!-- This site is optimized with the Yoast SEO plugin v24.2 - https:\/\/yoast.com\/wordpress\/plugins\/seo\/ -->\n<title>Prihl\u00e1senie Spinbetter z mobiln\u00e9ho zariadenia alebo po\u010d\u00edta\u010da<\/title>\n<meta name=\"description\" content=\"Prihl\u00e1ste sa do kas\u00edna Spinbetter pre pr\u00edstup k svojmu osobn\u00e9mu \u00fa\u010dtu a pokra\u010dujte v hr\u00e1ch. Pou\u017eite prihlasovacie meno a heslo zadan\u00e9 pri registr\u00e1cii na platforme.\" \/>\n<meta name=\"robots\" content=\"index, follow, max-snippet:-1, max-image-preview:large, max-video-preview:-1\" \/>\n<meta property=\"og:locale\" content=\"sk_SK\" \/>\n<meta property=\"og:type\" content=\"article\" \/>\n<meta property=\"og:title\" content=\"Prihl\u00e1senie Spinbetter z mobiln\u00e9ho zariadenia alebo po\u010d\u00edta\u010da\" \/>\n<meta property=\"og:description\" content=\"Prihl\u00e1ste sa do kas\u00edna Spinbetter pre pr\u00edstup k svojmu osobn\u00e9mu \u00fa\u010dtu a pokra\u010dujte v hr\u00e1ch. Pou\u017eite prihlasovacie meno a heslo zadan\u00e9 pri registr\u00e1cii na platforme.\" \/>\n<meta property=\"og:url\" content=\"https:\/\/spinbetter.gift\/sk\/login\/\" \/>\n<meta property=\"og:site_name\" content=\"Spinbetter Gift SK\" \/>\n<meta property=\"article:modified_time\" content=\"2025-03-24T10:27:51+00:00\" \/>\n<meta name=\"twitter:card\" content=\"summary_large_image\" \/>\n<script type=\"application\/ld+json\" class=\"yoast-schema-graph\">{\"@context\":\"https:\/\/schema.org\",\"@graph\":[{\"@type\":\"WebPage\",\"@id\":\"https:\/\/spinbetter.gift\/sk\/login\/\",\"url\":\"https:\/\/spinbetter.gift\/sk\/login\/\",\"name\":\"Prihl\u00e1senie Spinbetter z mobiln\u00e9ho zariadenia alebo po\u010d\u00edta\u010da\",\"isPartOf\":{\"@id\":\"https:\/\/spinbetter.gift\/sk\/#website\"},\"datePublished\":\"2025-02-14T09:07:36+00:00\",\"dateModified\":\"2025-03-24T10:27:51+00:00\",\"description\":\"Prihl\u00e1ste sa do kas\u00edna Spinbetter pre pr\u00edstup k svojmu osobn\u00e9mu \u00fa\u010dtu a pokra\u010dujte v hr\u00e1ch. Pou\u017eite prihlasovacie meno a heslo zadan\u00e9 pri registr\u00e1cii na platforme.\",\"breadcrumb\":{\"@id\":\"https:\/\/spinbetter.gift\/sk\/login\/#breadcrumb\"},\"inLanguage\":\"sk-SK\",\"potentialAction\":[{\"@type\":\"ReadAction\",\"target\":[\"https:\/\/spinbetter.gift\/sk\/login\/\"]}]},{\"@type\":\"BreadcrumbList\",\"@id\":\"https:\/\/spinbetter.gift\/sk\/login\/#breadcrumb\",\"itemListElement\":[{\"@type\":\"ListItem\",\"position\":1,\"name\":\"\u0413\u043b\u0430\u0432\u043d\u0430\u044f \u0441\u0442\u0440\u0430\u043d\u0438\u0446\u0430\",\"item\":\"https:\/\/spinbetter.gift\/sk\/\"},{\"@type\":\"ListItem\",\"position\":2,\"name\":\"Prihl\u00e1ste sa\"}]},{\"@type\":\"WebSite\",\"@id\":\"https:\/\/spinbetter.gift\/sk\/#website\",\"url\":\"https:\/\/spinbetter.gift\/sk\/\",\"name\":\"Spinbetter Gift SK\",\"description\":\"My WordPress Blog\",\"potentialAction\":[{\"@type\":\"SearchAction\",\"target\":{\"@type\":\"EntryPoint\",\"urlTemplate\":\"https:\/\/spinbetter.gift\/sk\/?s={search_term_string}\"},\"query-input\":{\"@type\":\"PropertyValueSpecification\",\"valueRequired\":true,\"valueName\":\"search_term_string\"}}],\"inLanguage\":\"sk-SK\"}]}<\/script>\n<!-- \/ Yoast SEO plugin. -->","yoast_head_json":{"title":"Prihl\u00e1senie Spinbetter z mobiln\u00e9ho zariadenia alebo po\u010d\u00edta\u010da","description":"Prihl\u00e1ste sa do kas\u00edna Spinbetter pre pr\u00edstup k svojmu osobn\u00e9mu \u00fa\u010dtu a pokra\u010dujte v hr\u00e1ch. Pou\u017eite prihlasovacie meno a heslo zadan\u00e9 pri registr\u00e1cii na platforme.","robots":{"index":"index","follow":"follow","max-snippet":"max-snippet:-1","max-image-preview":"max-image-preview:large","max-video-preview":"max-video-preview:-1"},"og_locale":"sk_SK","og_type":"article","og_title":"Prihl\u00e1senie Spinbetter z mobiln\u00e9ho zariadenia alebo po\u010d\u00edta\u010da","og_description":"Prihl\u00e1ste sa do kas\u00edna Spinbetter pre pr\u00edstup k svojmu osobn\u00e9mu \u00fa\u010dtu a pokra\u010dujte v hr\u00e1ch. Pou\u017eite prihlasovacie meno a heslo zadan\u00e9 pri registr\u00e1cii na platforme.","og_url":"https:\/\/spinbetter.gift\/sk\/login\/","og_site_name":"Spinbetter Gift SK","article_modified_time":"2025-03-24T10:27:51+00:00","twitter_card":"summary_large_image","schema":{"@context":"https:\/\/schema.org","@graph":[{"@type":"WebPage","@id":"https:\/\/spinbetter.gift\/sk\/login\/","url":"https:\/\/spinbetter.gift\/sk\/login\/","name":"Prihl\u00e1senie Spinbetter z mobiln\u00e9ho zariadenia alebo po\u010d\u00edta\u010da","isPartOf":{"@id":"https:\/\/spinbetter.gift\/sk\/#website"},"datePublished":"2025-02-14T09:07:36+00:00","dateModified":"2025-03-24T10:27:51+00:00","description":"Prihl\u00e1ste sa do kas\u00edna Spinbetter pre pr\u00edstup k svojmu osobn\u00e9mu \u00fa\u010dtu a pokra\u010dujte v hr\u00e1ch. Pou\u017eite prihlasovacie meno a heslo zadan\u00e9 pri registr\u00e1cii na platforme.","breadcrumb":{"@id":"https:\/\/spinbetter.gift\/sk\/login\/#breadcrumb"},"inLanguage":"sk-SK","potentialAction":[{"@type":"ReadAction","target":["https:\/\/spinbetter.gift\/sk\/login\/"]}]},{"@type":"BreadcrumbList","@id":"https:\/\/spinbetter.gift\/sk\/login\/#breadcrumb","itemListElement":[{"@type":"ListItem","position":1,"name":"\u0413\u043b\u0430\u0432\u043d\u0430\u044f \u0441\u0442\u0440\u0430\u043d\u0438\u0446\u0430","item":"https:\/\/spinbetter.gift\/sk\/"},{"@type":"ListItem","position":2,"name":"Prihl\u00e1ste sa"}]},{"@type":"WebSite","@id":"https:\/\/spinbetter.gift\/sk\/#website","url":"https:\/\/spinbetter.gift\/sk\/","name":"Spinbetter Gift SK","description":"My WordPress Blog","potentialAction":[{"@type":"SearchAction","target":{"@type":"EntryPoint","urlTemplate":"https:\/\/spinbetter.gift\/sk\/?s={search_term_string}"},"query-input":{"@type":"PropertyValueSpecification","valueRequired":true,"valueName":"search_term_string"}}],"inLanguage":"sk-SK"}]}},"_links":{"self":[{"href":"https:\/\/spinbetter.gift\/sk\/wp-json\/wp\/v2\/pages\/162","targetHints":{"allow":["GET"]}}],"collection":[{"href":"https:\/\/spinbetter.gift\/sk\/wp-json\/wp\/v2\/pages"}],"about":[{"href":"https:\/\/spinbetter.gift\/sk\/wp-json\/wp\/v2\/types\/page"}],"author":[{"embeddable":true,"href":"https:\/\/spinbetter.gift\/sk\/wp-json\/wp\/v2\/users\/1"}],"replies":[{"embeddable":true,"href":"https:\/\/spinbetter.gift\/sk\/wp-json\/wp\/v2\/comments?post=162"}],"version-history":[{"count":6,"href":"https:\/\/spinbetter.gift\/sk\/wp-json\/wp\/v2\/pages\/162\/revisions"}],"predecessor-version":[{"id":254,"href":"https:\/\/spinbetter.gift\/sk\/wp-json\/wp\/v2\/pages\/162\/revisions\/254"}],"wp:attachment":[{"href":"https:\/\/spinbetter.gift\/sk\/wp-json\/wp\/v2\/media?parent=162"}],"curies":[{"name":"wp","href":"https:\/\/api.w.org\/{rel}","templated":true}]}}