{"id":261,"date":"2025-07-15T13:01:25","date_gmt":"2025-07-15T13:01:25","guid":{"rendered":"https:\/\/spinbetter.gift\/ro\/?page_id=261"},"modified":"2025-07-15T13:01:34","modified_gmt":"2025-07-15T13:01:34","slug":"spinbetter-welcome-pack","status":"publish","type":"page","link":"https:\/\/spinbetter.gift\/ro\/bonus\/spinbetter-welcome-pack\/","title":{"rendered":"Pachet de bun venit SpinBetter"},"content":{"rendered":"","protected":false},"excerpt":{"rendered":"","protected":false},"author":1,"featured_media":0,"parent":152,"menu_order":0,"comment_status":"closed","ping_status":"closed","template":"","meta":{"footnotes":""},"class_list":["post-261","page","type-page","status-publish","hentry"],"yoast_head":"<!-- This site is optimized with the Yoast SEO plugin v24.2 - https:\/\/yoast.com\/wordpress\/plugins\/seo\/ -->\n<title>Pachet de Bun Venit SpinBetter | p\u00e2n\u0103 la 1500 EUR + 150 FS<\/title>\n<meta name=\"description\" content=\"\u00cenregistreaz\u0103-te \u0219i prime\u0219te bonusuri de p\u00e2n\u0103 la 1500 EUR \u0219i 150 de rotiri gratuite! F\u0103 depuneri \u0219i \u00eenv\u00e2rte sloturi cu beneficii maxime \u00eempreun\u0103 cu cazinoul SpinBetter.\" \/>\n<meta name=\"robots\" content=\"index, follow, max-snippet:-1, max-image-preview:large, max-video-preview:-1\" \/>\n<meta property=\"og:locale\" content=\"ro_RO\" \/>\n<meta property=\"og:type\" content=\"article\" \/>\n<meta property=\"og:title\" content=\"Pachet de Bun Venit SpinBetter | p\u00e2n\u0103 la 1500 EUR + 150 FS\" \/>\n<meta property=\"og:description\" content=\"\u00cenregistreaz\u0103-te \u0219i prime\u0219te bonusuri de p\u00e2n\u0103 la 1500 EUR \u0219i 150 de rotiri gratuite! F\u0103 depuneri \u0219i \u00eenv\u00e2rte sloturi cu beneficii maxime \u00eempreun\u0103 cu cazinoul SpinBetter.\" \/>\n<meta property=\"og:url\" content=\"https:\/\/spinbetter.gift\/ro\/bonus\/spinbetter-welcome-pack\/\" \/>\n<meta property=\"og:site_name\" content=\"Spinbetter Gift RO\" \/>\n<meta property=\"article:modified_time\" content=\"2025-07-15T13:01:34+00:00\" \/>\n<meta name=\"twitter:card\" content=\"summary_large_image\" \/>\n<script type=\"application\/ld+json\" class=\"yoast-schema-graph\">{\"@context\":\"https:\/\/schema.org\",\"@graph\":[{\"@type\":\"WebPage\",\"@id\":\"https:\/\/spinbetter.gift\/ro\/bonus\/spinbetter-welcome-pack\/\",\"url\":\"https:\/\/spinbetter.gift\/ro\/bonus\/spinbetter-welcome-pack\/\",\"name\":\"Pachet de Bun Venit SpinBetter | p\u00e2n\u0103 la 1500 EUR + 150 FS\",\"isPartOf\":{\"@id\":\"https:\/\/spinbetter.gift\/ro\/#website\"},\"datePublished\":\"2025-07-15T13:01:25+00:00\",\"dateModified\":\"2025-07-15T13:01:34+00:00\",\"description\":\"\u00cenregistreaz\u0103-te \u0219i prime\u0219te bonusuri de p\u00e2n\u0103 la 1500 EUR \u0219i 150 de rotiri gratuite! F\u0103 depuneri \u0219i \u00eenv\u00e2rte sloturi cu beneficii maxime \u00eempreun\u0103 cu cazinoul SpinBetter.\",\"breadcrumb\":{\"@id\":\"https:\/\/spinbetter.gift\/ro\/bonus\/spinbetter-welcome-pack\/#breadcrumb\"},\"inLanguage\":\"ro-RO\",\"potentialAction\":[{\"@type\":\"ReadAction\",\"target\":[\"https:\/\/spinbetter.gift\/ro\/bonus\/spinbetter-welcome-pack\/\"]}]},{\"@type\":\"BreadcrumbList\",\"@id\":\"https:\/\/spinbetter.gift\/ro\/bonus\/spinbetter-welcome-pack\/#breadcrumb\",\"itemListElement\":[{\"@type\":\"ListItem\",\"position\":1,\"name\":\"\u0413\u043b\u0430\u0432\u043d\u0430\u044f \u0441\u0442\u0440\u0430\u043d\u0438\u0446\u0430\",\"item\":\"https:\/\/spinbetter.gift\/ro\/\"},{\"@type\":\"ListItem\",\"position\":2,\"name\":\"Bonus\",\"item\":\"https:\/\/spinbetter.gift\/ro\/bonus\/\"},{\"@type\":\"ListItem\",\"position\":3,\"name\":\"Pachet de bun venit SpinBetter\"}]},{\"@type\":\"WebSite\",\"@id\":\"https:\/\/spinbetter.gift\/ro\/#website\",\"url\":\"https:\/\/spinbetter.gift\/ro\/\",\"name\":\"Spinbetter Gift RO\",\"description\":\"My WordPress Blog\",\"potentialAction\":[{\"@type\":\"SearchAction\",\"target\":{\"@type\":\"EntryPoint\",\"urlTemplate\":\"https:\/\/spinbetter.gift\/ro\/?s={search_term_string}\"},\"query-input\":{\"@type\":\"PropertyValueSpecification\",\"valueRequired\":true,\"valueName\":\"search_term_string\"}}],\"inLanguage\":\"ro-RO\"}]}<\/script>\n<!-- \/ Yoast SEO plugin. -->","yoast_head_json":{"title":"Pachet de Bun Venit SpinBetter | p\u00e2n\u0103 la 1500 EUR + 150 FS","description":"\u00cenregistreaz\u0103-te \u0219i prime\u0219te bonusuri de p\u00e2n\u0103 la 1500 EUR \u0219i 150 de rotiri gratuite! F\u0103 depuneri \u0219i \u00eenv\u00e2rte sloturi cu beneficii maxime \u00eempreun\u0103 cu cazinoul SpinBetter.","robots":{"index":"index","follow":"follow","max-snippet":"max-snippet:-1","max-image-preview":"max-image-preview:large","max-video-preview":"max-video-preview:-1"},"og_locale":"ro_RO","og_type":"article","og_title":"Pachet de Bun Venit SpinBetter | p\u00e2n\u0103 la 1500 EUR + 150 FS","og_description":"\u00cenregistreaz\u0103-te \u0219i prime\u0219te bonusuri de p\u00e2n\u0103 la 1500 EUR \u0219i 150 de rotiri gratuite! F\u0103 depuneri \u0219i \u00eenv\u00e2rte sloturi cu beneficii maxime \u00eempreun\u0103 cu cazinoul SpinBetter.","og_url":"https:\/\/spinbetter.gift\/ro\/bonus\/spinbetter-welcome-pack\/","og_site_name":"Spinbetter Gift RO","article_modified_time":"2025-07-15T13:01:34+00:00","twitter_card":"summary_large_image","schema":{"@context":"https:\/\/schema.org","@graph":[{"@type":"WebPage","@id":"https:\/\/spinbetter.gift\/ro\/bonus\/spinbetter-welcome-pack\/","url":"https:\/\/spinbetter.gift\/ro\/bonus\/spinbetter-welcome-pack\/","name":"Pachet de Bun Venit SpinBetter | p\u00e2n\u0103 la 1500 EUR + 150 FS","isPartOf":{"@id":"https:\/\/spinbetter.gift\/ro\/#website"},"datePublished":"2025-07-15T13:01:25+00:00","dateModified":"2025-07-15T13:01:34+00:00","description":"\u00cenregistreaz\u0103-te \u0219i prime\u0219te bonusuri de p\u00e2n\u0103 la 1500 EUR \u0219i 150 de rotiri gratuite! F\u0103 depuneri \u0219i \u00eenv\u00e2rte sloturi cu beneficii maxime \u00eempreun\u0103 cu cazinoul SpinBetter.","breadcrumb":{"@id":"https:\/\/spinbetter.gift\/ro\/bonus\/spinbetter-welcome-pack\/#breadcrumb"},"inLanguage":"ro-RO","potentialAction":[{"@type":"ReadAction","target":["https:\/\/spinbetter.gift\/ro\/bonus\/spinbetter-welcome-pack\/"]}]},{"@type":"BreadcrumbList","@id":"https:\/\/spinbetter.gift\/ro\/bonus\/spinbetter-welcome-pack\/#breadcrumb","itemListElement":[{"@type":"ListItem","position":1,"name":"\u0413\u043b\u0430\u0432\u043d\u0430\u044f \u0441\u0442\u0440\u0430\u043d\u0438\u0446\u0430","item":"https:\/\/spinbetter.gift\/ro\/"},{"@type":"ListItem","position":2,"name":"Bonus","item":"https:\/\/spinbetter.gift\/ro\/bonus\/"},{"@type":"ListItem","position":3,"name":"Pachet de bun venit SpinBetter"}]},{"@type":"WebSite","@id":"https:\/\/spinbetter.gift\/ro\/#website","url":"https:\/\/spinbetter.gift\/ro\/","name":"Spinbetter Gift RO","description":"My WordPress Blog","potentialAction":[{"@type":"SearchAction","target":{"@type":"EntryPoint","urlTemplate":"https:\/\/spinbetter.gift\/ro\/?s={search_term_string}"},"query-input":{"@type":"PropertyValueSpecification","valueRequired":true,"valueName":"search_term_string"}}],"inLanguage":"ro-RO"}]}},"_links":{"self":[{"href":"https:\/\/spinbetter.gift\/ro\/wp-json\/wp\/v2\/pages\/261","targetHints":{"allow":["GET"]}}],"collection":[{"href":"https:\/\/spinbetter.gift\/ro\/wp-json\/wp\/v2\/pages"}],"about":[{"href":"https:\/\/spinbetter.gift\/ro\/wp-json\/wp\/v2\/types\/page"}],"author":[{"embeddable":true,"href":"https:\/\/spinbetter.gift\/ro\/wp-json\/wp\/v2\/users\/1"}],"replies":[{"embeddable":true,"href":"https:\/\/spinbetter.gift\/ro\/wp-json\/wp\/v2\/comments?post=261"}],"version-history":[{"count":1,"href":"https:\/\/spinbetter.gift\/ro\/wp-json\/wp\/v2\/pages\/261\/revisions"}],"predecessor-version":[{"id":262,"href":"https:\/\/spinbetter.gift\/ro\/wp-json\/wp\/v2\/pages\/261\/revisions\/262"}],"up":[{"embeddable":true,"href":"https:\/\/spinbetter.gift\/ro\/wp-json\/wp\/v2\/pages\/152"}],"wp:attachment":[{"href":"https:\/\/spinbetter.gift\/ro\/wp-json\/wp\/v2\/media?parent=261"}],"curies":[{"name":"wp","href":"https:\/\/api.w.org\/{rel}","templated":true}]}}