{"id":264,"date":"2025-07-17T07:16:29","date_gmt":"2025-07-17T07:16:29","guid":{"rendered":"https:\/\/spinbetter.gift\/pl\/?page_id=264"},"modified":"2025-07-17T07:16:38","modified_gmt":"2025-07-17T07:16:38","slug":"subscribe-telegram","status":"publish","type":"page","link":"https:\/\/spinbetter.gift\/pl\/bonus\/subscribe-telegram\/","title":{"rendered":"Subskrybuj Telegram"},"content":{"rendered":"","protected":false},"excerpt":{"rendered":"","protected":false},"author":1,"featured_media":0,"parent":152,"menu_order":0,"comment_status":"closed","ping_status":"closed","template":"","meta":{"footnotes":""},"class_list":["post-264","page","type-page","status-publish","hentry"],"yoast_head":"<!-- This site is optimized with the Yoast SEO plugin v24.2 - https:\/\/yoast.com\/wordpress\/plugins\/seo\/ -->\n<title>SpinBetter rozdaje 100 FS | Subskrybuj Telegram<\/title>\n<meta name=\"description\" content=\"Chcesz bonus\u00f3w bez zb\u0119dnych warunk\u00f3w? Subskrybuj Telegram SpinBetter Casino i zgarnij 100 FS! Pospiesz si\u0119, p\u00f3ki promocja jest aktywna. Otw\u00f3rz si\u0119 na \u015bwiat bonus\u00f3w i promocji!\" \/>\n<meta name=\"robots\" content=\"index, follow, max-snippet:-1, max-image-preview:large, max-video-preview:-1\" \/>\n<meta property=\"og:locale\" content=\"pl_PL\" \/>\n<meta property=\"og:type\" content=\"article\" \/>\n<meta property=\"og:title\" content=\"SpinBetter rozdaje 100 FS | Subskrybuj Telegram\" \/>\n<meta property=\"og:description\" content=\"Chcesz bonus\u00f3w bez zb\u0119dnych warunk\u00f3w? Subskrybuj Telegram SpinBetter Casino i zgarnij 100 FS! Pospiesz si\u0119, p\u00f3ki promocja jest aktywna. Otw\u00f3rz si\u0119 na \u015bwiat bonus\u00f3w i promocji!\" \/>\n<meta property=\"og:url\" content=\"https:\/\/spinbetter.gift\/pl\/bonus\/subscribe-telegram\/\" \/>\n<meta property=\"og:site_name\" content=\"Spinbetter Plus PL\" \/>\n<meta property=\"article:modified_time\" content=\"2025-07-17T07:16:38+00:00\" \/>\n<meta name=\"twitter:card\" content=\"summary_large_image\" \/>\n<script type=\"application\/ld+json\" class=\"yoast-schema-graph\">{\"@context\":\"https:\/\/schema.org\",\"@graph\":[{\"@type\":\"WebPage\",\"@id\":\"https:\/\/spinbetter.gift\/pl\/bonus\/subscribe-telegram\/\",\"url\":\"https:\/\/spinbetter.gift\/pl\/bonus\/subscribe-telegram\/\",\"name\":\"SpinBetter rozdaje 100 FS | Subskrybuj Telegram\",\"isPartOf\":{\"@id\":\"https:\/\/spinbetter.gift\/pl\/#website\"},\"datePublished\":\"2025-07-17T07:16:29+00:00\",\"dateModified\":\"2025-07-17T07:16:38+00:00\",\"description\":\"Chcesz bonus\u00f3w bez zb\u0119dnych warunk\u00f3w? Subskrybuj Telegram SpinBetter Casino i zgarnij 100 FS! Pospiesz si\u0119, p\u00f3ki promocja jest aktywna. Otw\u00f3rz si\u0119 na \u015bwiat bonus\u00f3w i promocji!\",\"breadcrumb\":{\"@id\":\"https:\/\/spinbetter.gift\/pl\/bonus\/subscribe-telegram\/#breadcrumb\"},\"inLanguage\":\"pl-PL\",\"potentialAction\":[{\"@type\":\"ReadAction\",\"target\":[\"https:\/\/spinbetter.gift\/pl\/bonus\/subscribe-telegram\/\"]}]},{\"@type\":\"BreadcrumbList\",\"@id\":\"https:\/\/spinbetter.gift\/pl\/bonus\/subscribe-telegram\/#breadcrumb\",\"itemListElement\":[{\"@type\":\"ListItem\",\"position\":1,\"name\":\"\u0413\u043b\u0430\u0432\u043d\u0430\u044f \u0441\u0442\u0440\u0430\u043d\u0438\u0446\u0430\",\"item\":\"https:\/\/spinbetter.gift\/pl\/\"},{\"@type\":\"ListItem\",\"position\":2,\"name\":\"Premia\",\"item\":\"https:\/\/spinbetter.gift\/pl\/bonus\/\"},{\"@type\":\"ListItem\",\"position\":3,\"name\":\"Subskrybuj Telegram\"}]},{\"@type\":\"WebSite\",\"@id\":\"https:\/\/spinbetter.gift\/pl\/#website\",\"url\":\"https:\/\/spinbetter.gift\/pl\/\",\"name\":\"Spinbetter Plus PL\",\"description\":\"My WordPress Blog\",\"potentialAction\":[{\"@type\":\"SearchAction\",\"target\":{\"@type\":\"EntryPoint\",\"urlTemplate\":\"https:\/\/spinbetter.gift\/pl\/?s={search_term_string}\"},\"query-input\":{\"@type\":\"PropertyValueSpecification\",\"valueRequired\":true,\"valueName\":\"search_term_string\"}}],\"inLanguage\":\"pl-PL\"}]}<\/script>\n<!-- \/ Yoast SEO plugin. -->","yoast_head_json":{"title":"SpinBetter rozdaje 100 FS | Subskrybuj Telegram","description":"Chcesz bonus\u00f3w bez zb\u0119dnych warunk\u00f3w? Subskrybuj Telegram SpinBetter Casino i zgarnij 100 FS! Pospiesz si\u0119, p\u00f3ki promocja jest aktywna. Otw\u00f3rz si\u0119 na \u015bwiat bonus\u00f3w i promocji!","robots":{"index":"index","follow":"follow","max-snippet":"max-snippet:-1","max-image-preview":"max-image-preview:large","max-video-preview":"max-video-preview:-1"},"og_locale":"pl_PL","og_type":"article","og_title":"SpinBetter rozdaje 100 FS | Subskrybuj Telegram","og_description":"Chcesz bonus\u00f3w bez zb\u0119dnych warunk\u00f3w? Subskrybuj Telegram SpinBetter Casino i zgarnij 100 FS! Pospiesz si\u0119, p\u00f3ki promocja jest aktywna. Otw\u00f3rz si\u0119 na \u015bwiat bonus\u00f3w i promocji!","og_url":"https:\/\/spinbetter.gift\/pl\/bonus\/subscribe-telegram\/","og_site_name":"Spinbetter Plus PL","article_modified_time":"2025-07-17T07:16:38+00:00","twitter_card":"summary_large_image","schema":{"@context":"https:\/\/schema.org","@graph":[{"@type":"WebPage","@id":"https:\/\/spinbetter.gift\/pl\/bonus\/subscribe-telegram\/","url":"https:\/\/spinbetter.gift\/pl\/bonus\/subscribe-telegram\/","name":"SpinBetter rozdaje 100 FS | Subskrybuj Telegram","isPartOf":{"@id":"https:\/\/spinbetter.gift\/pl\/#website"},"datePublished":"2025-07-17T07:16:29+00:00","dateModified":"2025-07-17T07:16:38+00:00","description":"Chcesz bonus\u00f3w bez zb\u0119dnych warunk\u00f3w? Subskrybuj Telegram SpinBetter Casino i zgarnij 100 FS! Pospiesz si\u0119, p\u00f3ki promocja jest aktywna. Otw\u00f3rz si\u0119 na \u015bwiat bonus\u00f3w i promocji!","breadcrumb":{"@id":"https:\/\/spinbetter.gift\/pl\/bonus\/subscribe-telegram\/#breadcrumb"},"inLanguage":"pl-PL","potentialAction":[{"@type":"ReadAction","target":["https:\/\/spinbetter.gift\/pl\/bonus\/subscribe-telegram\/"]}]},{"@type":"BreadcrumbList","@id":"https:\/\/spinbetter.gift\/pl\/bonus\/subscribe-telegram\/#breadcrumb","itemListElement":[{"@type":"ListItem","position":1,"name":"\u0413\u043b\u0430\u0432\u043d\u0430\u044f \u0441\u0442\u0440\u0430\u043d\u0438\u0446\u0430","item":"https:\/\/spinbetter.gift\/pl\/"},{"@type":"ListItem","position":2,"name":"Premia","item":"https:\/\/spinbetter.gift\/pl\/bonus\/"},{"@type":"ListItem","position":3,"name":"Subskrybuj Telegram"}]},{"@type":"WebSite","@id":"https:\/\/spinbetter.gift\/pl\/#website","url":"https:\/\/spinbetter.gift\/pl\/","name":"Spinbetter Plus PL","description":"My WordPress Blog","potentialAction":[{"@type":"SearchAction","target":{"@type":"EntryPoint","urlTemplate":"https:\/\/spinbetter.gift\/pl\/?s={search_term_string}"},"query-input":{"@type":"PropertyValueSpecification","valueRequired":true,"valueName":"search_term_string"}}],"inLanguage":"pl-PL"}]}},"_links":{"self":[{"href":"https:\/\/spinbetter.gift\/pl\/wp-json\/wp\/v2\/pages\/264","targetHints":{"allow":["GET"]}}],"collection":[{"href":"https:\/\/spinbetter.gift\/pl\/wp-json\/wp\/v2\/pages"}],"about":[{"href":"https:\/\/spinbetter.gift\/pl\/wp-json\/wp\/v2\/types\/page"}],"author":[{"embeddable":true,"href":"https:\/\/spinbetter.gift\/pl\/wp-json\/wp\/v2\/users\/1"}],"replies":[{"embeddable":true,"href":"https:\/\/spinbetter.gift\/pl\/wp-json\/wp\/v2\/comments?post=264"}],"version-history":[{"count":1,"href":"https:\/\/spinbetter.gift\/pl\/wp-json\/wp\/v2\/pages\/264\/revisions"}],"predecessor-version":[{"id":265,"href":"https:\/\/spinbetter.gift\/pl\/wp-json\/wp\/v2\/pages\/264\/revisions\/265"}],"up":[{"embeddable":true,"href":"https:\/\/spinbetter.gift\/pl\/wp-json\/wp\/v2\/pages\/152"}],"wp:attachment":[{"href":"https:\/\/spinbetter.gift\/pl\/wp-json\/wp\/v2\/media?parent=264"}],"curies":[{"name":"wp","href":"https:\/\/api.w.org\/{rel}","templated":true}]}}