{"id":168,"date":"2025-02-14T09:09:43","date_gmt":"2025-02-14T09:09:43","guid":{"rendered":"https:\/\/spinbetter.gift\/pe\/?page_id=168"},"modified":"2025-03-03T09:58:52","modified_gmt":"2025-03-03T09:58:52","slug":"app","status":"publish","type":"page","link":"https:\/\/spinbetter.gift\/pe\/app\/","title":{"rendered":"Aplicaci\u00f3n"},"content":{"rendered":"<p>&nbsp;<\/p>\n<p>&nbsp;<\/p>\n","protected":false},"excerpt":{"rendered":"<p>&nbsp; &nbsp;<\/p>\n","protected":false},"author":1,"featured_media":0,"parent":0,"menu_order":0,"comment_status":"closed","ping_status":"closed","template":"","meta":{"footnotes":""},"class_list":["post-168","page","type-page","status-publish","hentry"],"yoast_head":"<!-- This site is optimized with the Yoast SEO plugin v24.2 - https:\/\/yoast.com\/wordpress\/plugins\/seo\/ -->\n<title>Descarga Spinbetter Per\u00fa online para jugar desde un smartphone<\/title>\n<meta name=\"description\" content=\"Spinbetter Per\u00fa apk ser\u00e1 una gran oportunidad para jugar. Descargue el software en su tel\u00e9fono inteligente, inicie sesi\u00f3n y apueste en las tragamonedas seleccionadas.\" \/>\n<meta name=\"robots\" content=\"index, follow, max-snippet:-1, max-image-preview:large, max-video-preview:-1\" \/>\n<meta property=\"og:locale\" content=\"es_ES\" \/>\n<meta property=\"og:type\" content=\"article\" \/>\n<meta property=\"og:title\" content=\"Descarga Spinbetter Per\u00fa online para jugar desde un smartphone\" \/>\n<meta property=\"og:description\" content=\"Spinbetter Per\u00fa apk ser\u00e1 una gran oportunidad para jugar. Descargue el software en su tel\u00e9fono inteligente, inicie sesi\u00f3n y apueste en las tragamonedas seleccionadas.\" \/>\n<meta property=\"og:url\" content=\"https:\/\/spinbetter.gift\/pe\/app\/\" \/>\n<meta property=\"og:site_name\" content=\"Spinbetter Gift PE\" \/>\n<meta property=\"article:modified_time\" content=\"2025-03-03T09:58:52+00:00\" \/>\n<meta name=\"twitter:card\" content=\"summary_large_image\" \/>\n<script type=\"application\/ld+json\" class=\"yoast-schema-graph\">{\"@context\":\"https:\/\/schema.org\",\"@graph\":[{\"@type\":\"WebPage\",\"@id\":\"https:\/\/spinbetter.gift\/pe\/app\/\",\"url\":\"https:\/\/spinbetter.gift\/pe\/app\/\",\"name\":\"Descarga Spinbetter Per\u00fa online para jugar desde un smartphone\",\"isPartOf\":{\"@id\":\"https:\/\/spinbetter.gift\/pe\/#website\"},\"datePublished\":\"2025-02-14T09:09:43+00:00\",\"dateModified\":\"2025-03-03T09:58:52+00:00\",\"description\":\"Spinbetter Per\u00fa apk ser\u00e1 una gran oportunidad para jugar. Descargue el software en su tel\u00e9fono inteligente, inicie sesi\u00f3n y apueste en las tragamonedas seleccionadas.\",\"breadcrumb\":{\"@id\":\"https:\/\/spinbetter.gift\/pe\/app\/#breadcrumb\"},\"inLanguage\":\"es-PE\",\"potentialAction\":[{\"@type\":\"ReadAction\",\"target\":[\"https:\/\/spinbetter.gift\/pe\/app\/\"]}]},{\"@type\":\"BreadcrumbList\",\"@id\":\"https:\/\/spinbetter.gift\/pe\/app\/#breadcrumb\",\"itemListElement\":[{\"@type\":\"ListItem\",\"position\":1,\"name\":\"\u0413\u043b\u0430\u0432\u043d\u0430\u044f \u0441\u0442\u0440\u0430\u043d\u0438\u0446\u0430\",\"item\":\"https:\/\/spinbetter.gift\/pe\/\"},{\"@type\":\"ListItem\",\"position\":2,\"name\":\"Aplicaci\u00f3n\"}]},{\"@type\":\"WebSite\",\"@id\":\"https:\/\/spinbetter.gift\/pe\/#website\",\"url\":\"https:\/\/spinbetter.gift\/pe\/\",\"name\":\"Spinbetter Gift PE\",\"description\":\"My WordPress Blog\",\"potentialAction\":[{\"@type\":\"SearchAction\",\"target\":{\"@type\":\"EntryPoint\",\"urlTemplate\":\"https:\/\/spinbetter.gift\/pe\/?s={search_term_string}\"},\"query-input\":{\"@type\":\"PropertyValueSpecification\",\"valueRequired\":true,\"valueName\":\"search_term_string\"}}],\"inLanguage\":\"es-PE\"}]}<\/script>\n<!-- \/ Yoast SEO plugin. -->","yoast_head_json":{"title":"Descarga Spinbetter Per\u00fa online para jugar desde un smartphone","description":"Spinbetter Per\u00fa apk ser\u00e1 una gran oportunidad para jugar. Descargue el software en su tel\u00e9fono inteligente, inicie sesi\u00f3n y apueste en las tragamonedas seleccionadas.","robots":{"index":"index","follow":"follow","max-snippet":"max-snippet:-1","max-image-preview":"max-image-preview:large","max-video-preview":"max-video-preview:-1"},"og_locale":"es_ES","og_type":"article","og_title":"Descarga Spinbetter Per\u00fa online para jugar desde un smartphone","og_description":"Spinbetter Per\u00fa apk ser\u00e1 una gran oportunidad para jugar. Descargue el software en su tel\u00e9fono inteligente, inicie sesi\u00f3n y apueste en las tragamonedas seleccionadas.","og_url":"https:\/\/spinbetter.gift\/pe\/app\/","og_site_name":"Spinbetter Gift PE","article_modified_time":"2025-03-03T09:58:52+00:00","twitter_card":"summary_large_image","schema":{"@context":"https:\/\/schema.org","@graph":[{"@type":"WebPage","@id":"https:\/\/spinbetter.gift\/pe\/app\/","url":"https:\/\/spinbetter.gift\/pe\/app\/","name":"Descarga Spinbetter Per\u00fa online para jugar desde un smartphone","isPartOf":{"@id":"https:\/\/spinbetter.gift\/pe\/#website"},"datePublished":"2025-02-14T09:09:43+00:00","dateModified":"2025-03-03T09:58:52+00:00","description":"Spinbetter Per\u00fa apk ser\u00e1 una gran oportunidad para jugar. Descargue el software en su tel\u00e9fono inteligente, inicie sesi\u00f3n y apueste en las tragamonedas seleccionadas.","breadcrumb":{"@id":"https:\/\/spinbetter.gift\/pe\/app\/#breadcrumb"},"inLanguage":"es-PE","potentialAction":[{"@type":"ReadAction","target":["https:\/\/spinbetter.gift\/pe\/app\/"]}]},{"@type":"BreadcrumbList","@id":"https:\/\/spinbetter.gift\/pe\/app\/#breadcrumb","itemListElement":[{"@type":"ListItem","position":1,"name":"\u0413\u043b\u0430\u0432\u043d\u0430\u044f \u0441\u0442\u0440\u0430\u043d\u0438\u0446\u0430","item":"https:\/\/spinbetter.gift\/pe\/"},{"@type":"ListItem","position":2,"name":"Aplicaci\u00f3n"}]},{"@type":"WebSite","@id":"https:\/\/spinbetter.gift\/pe\/#website","url":"https:\/\/spinbetter.gift\/pe\/","name":"Spinbetter Gift PE","description":"My WordPress Blog","potentialAction":[{"@type":"SearchAction","target":{"@type":"EntryPoint","urlTemplate":"https:\/\/spinbetter.gift\/pe\/?s={search_term_string}"},"query-input":{"@type":"PropertyValueSpecification","valueRequired":true,"valueName":"search_term_string"}}],"inLanguage":"es-PE"}]}},"_links":{"self":[{"href":"https:\/\/spinbetter.gift\/pe\/wp-json\/wp\/v2\/pages\/168","targetHints":{"allow":["GET"]}}],"collection":[{"href":"https:\/\/spinbetter.gift\/pe\/wp-json\/wp\/v2\/pages"}],"about":[{"href":"https:\/\/spinbetter.gift\/pe\/wp-json\/wp\/v2\/types\/page"}],"author":[{"embeddable":true,"href":"https:\/\/spinbetter.gift\/pe\/wp-json\/wp\/v2\/users\/1"}],"replies":[{"embeddable":true,"href":"https:\/\/spinbetter.gift\/pe\/wp-json\/wp\/v2\/comments?post=168"}],"version-history":[{"count":12,"href":"https:\/\/spinbetter.gift\/pe\/wp-json\/wp\/v2\/pages\/168\/revisions"}],"predecessor-version":[{"id":264,"href":"https:\/\/spinbetter.gift\/pe\/wp-json\/wp\/v2\/pages\/168\/revisions\/264"}],"wp:attachment":[{"href":"https:\/\/spinbetter.gift\/pe\/wp-json\/wp\/v2\/media?parent=168"}],"curies":[{"name":"wp","href":"https:\/\/api.w.org\/{rel}","templated":true}]}}