{"id":162,"date":"2025-02-14T09:07:36","date_gmt":"2025-02-14T09:07:36","guid":{"rendered":"https:\/\/spinbetter.gift\/no\/?page_id=162"},"modified":"2025-03-20T19:40:10","modified_gmt":"2025-03-20T19:40:10","slug":"login","status":"publish","type":"page","link":"https:\/\/spinbetter.gift\/no\/login\/","title":{"rendered":"Logg inn"},"content":{"rendered":"<p>&nbsp;<\/p>\n<p>&nbsp;<\/p>\n","protected":false},"excerpt":{"rendered":"<p>&nbsp; &nbsp;<\/p>\n","protected":false},"author":1,"featured_media":0,"parent":0,"menu_order":0,"comment_status":"closed","ping_status":"closed","template":"","meta":{"footnotes":""},"class_list":["post-162","page","type-page","status-publish","hentry"],"yoast_head":"<!-- This site is optimized with the Yoast SEO plugin v24.2 - https:\/\/yoast.com\/wordpress\/plugins\/seo\/ -->\n<title>Spinbetter p\u00e5logging fra mobil enhet eller datamaskin<\/title>\n<meta name=\"description\" content=\"Spinbetter casino logg inn for \u00e5 f\u00e5 tilgang til din personlige konto og fortsett til spillene. Bruk p\u00e5loggingsnavnet og passordet som ble oppgitt ved registrering p\u00e5 plattformen.\" \/>\n<meta name=\"robots\" content=\"index, follow, max-snippet:-1, max-image-preview:large, max-video-preview:-1\" \/>\n<meta property=\"og:locale\" content=\"nb_NO\" \/>\n<meta property=\"og:type\" content=\"article\" \/>\n<meta property=\"og:title\" content=\"Spinbetter p\u00e5logging fra mobil enhet eller datamaskin\" \/>\n<meta property=\"og:description\" content=\"Spinbetter casino logg inn for \u00e5 f\u00e5 tilgang til din personlige konto og fortsett til spillene. Bruk p\u00e5loggingsnavnet og passordet som ble oppgitt ved registrering p\u00e5 plattformen.\" \/>\n<meta property=\"og:url\" content=\"https:\/\/spinbetter.gift\/no\/login\/\" \/>\n<meta property=\"og:site_name\" content=\"Spinbetter Gift NO\" \/>\n<meta property=\"article:modified_time\" content=\"2025-03-20T19:40:10+00:00\" \/>\n<meta name=\"twitter:card\" content=\"summary_large_image\" \/>\n<script type=\"application\/ld+json\" class=\"yoast-schema-graph\">{\"@context\":\"https:\/\/schema.org\",\"@graph\":[{\"@type\":\"WebPage\",\"@id\":\"https:\/\/spinbetter.gift\/no\/login\/\",\"url\":\"https:\/\/spinbetter.gift\/no\/login\/\",\"name\":\"Spinbetter p\u00e5logging fra mobil enhet eller datamaskin\",\"isPartOf\":{\"@id\":\"https:\/\/spinbetter.gift\/no\/#website\"},\"datePublished\":\"2025-02-14T09:07:36+00:00\",\"dateModified\":\"2025-03-20T19:40:10+00:00\",\"description\":\"Spinbetter casino logg inn for \u00e5 f\u00e5 tilgang til din personlige konto og fortsett til spillene. Bruk p\u00e5loggingsnavnet og passordet som ble oppgitt ved registrering p\u00e5 plattformen.\",\"breadcrumb\":{\"@id\":\"https:\/\/spinbetter.gift\/no\/login\/#breadcrumb\"},\"inLanguage\":\"nb-NO\",\"potentialAction\":[{\"@type\":\"ReadAction\",\"target\":[\"https:\/\/spinbetter.gift\/no\/login\/\"]}]},{\"@type\":\"BreadcrumbList\",\"@id\":\"https:\/\/spinbetter.gift\/no\/login\/#breadcrumb\",\"itemListElement\":[{\"@type\":\"ListItem\",\"position\":1,\"name\":\"\u0413\u043b\u0430\u0432\u043d\u0430\u044f \u0441\u0442\u0440\u0430\u043d\u0438\u0446\u0430\",\"item\":\"https:\/\/spinbetter.gift\/no\/\"},{\"@type\":\"ListItem\",\"position\":2,\"name\":\"Logg inn\"}]},{\"@type\":\"WebSite\",\"@id\":\"https:\/\/spinbetter.gift\/no\/#website\",\"url\":\"https:\/\/spinbetter.gift\/no\/\",\"name\":\"Spinbetter Gift NO\",\"description\":\"My WordPress Blog\",\"potentialAction\":[{\"@type\":\"SearchAction\",\"target\":{\"@type\":\"EntryPoint\",\"urlTemplate\":\"https:\/\/spinbetter.gift\/no\/?s={search_term_string}\"},\"query-input\":{\"@type\":\"PropertyValueSpecification\",\"valueRequired\":true,\"valueName\":\"search_term_string\"}}],\"inLanguage\":\"nb-NO\"}]}<\/script>\n<!-- \/ Yoast SEO plugin. -->","yoast_head_json":{"title":"Spinbetter p\u00e5logging fra mobil enhet eller datamaskin","description":"Spinbetter casino logg inn for \u00e5 f\u00e5 tilgang til din personlige konto og fortsett til spillene. Bruk p\u00e5loggingsnavnet og passordet som ble oppgitt ved registrering p\u00e5 plattformen.","robots":{"index":"index","follow":"follow","max-snippet":"max-snippet:-1","max-image-preview":"max-image-preview:large","max-video-preview":"max-video-preview:-1"},"og_locale":"nb_NO","og_type":"article","og_title":"Spinbetter p\u00e5logging fra mobil enhet eller datamaskin","og_description":"Spinbetter casino logg inn for \u00e5 f\u00e5 tilgang til din personlige konto og fortsett til spillene. Bruk p\u00e5loggingsnavnet og passordet som ble oppgitt ved registrering p\u00e5 plattformen.","og_url":"https:\/\/spinbetter.gift\/no\/login\/","og_site_name":"Spinbetter Gift NO","article_modified_time":"2025-03-20T19:40:10+00:00","twitter_card":"summary_large_image","schema":{"@context":"https:\/\/schema.org","@graph":[{"@type":"WebPage","@id":"https:\/\/spinbetter.gift\/no\/login\/","url":"https:\/\/spinbetter.gift\/no\/login\/","name":"Spinbetter p\u00e5logging fra mobil enhet eller datamaskin","isPartOf":{"@id":"https:\/\/spinbetter.gift\/no\/#website"},"datePublished":"2025-02-14T09:07:36+00:00","dateModified":"2025-03-20T19:40:10+00:00","description":"Spinbetter casino logg inn for \u00e5 f\u00e5 tilgang til din personlige konto og fortsett til spillene. Bruk p\u00e5loggingsnavnet og passordet som ble oppgitt ved registrering p\u00e5 plattformen.","breadcrumb":{"@id":"https:\/\/spinbetter.gift\/no\/login\/#breadcrumb"},"inLanguage":"nb-NO","potentialAction":[{"@type":"ReadAction","target":["https:\/\/spinbetter.gift\/no\/login\/"]}]},{"@type":"BreadcrumbList","@id":"https:\/\/spinbetter.gift\/no\/login\/#breadcrumb","itemListElement":[{"@type":"ListItem","position":1,"name":"\u0413\u043b\u0430\u0432\u043d\u0430\u044f \u0441\u0442\u0440\u0430\u043d\u0438\u0446\u0430","item":"https:\/\/spinbetter.gift\/no\/"},{"@type":"ListItem","position":2,"name":"Logg inn"}]},{"@type":"WebSite","@id":"https:\/\/spinbetter.gift\/no\/#website","url":"https:\/\/spinbetter.gift\/no\/","name":"Spinbetter Gift NO","description":"My WordPress Blog","potentialAction":[{"@type":"SearchAction","target":{"@type":"EntryPoint","urlTemplate":"https:\/\/spinbetter.gift\/no\/?s={search_term_string}"},"query-input":{"@type":"PropertyValueSpecification","valueRequired":true,"valueName":"search_term_string"}}],"inLanguage":"nb-NO"}]}},"_links":{"self":[{"href":"https:\/\/spinbetter.gift\/no\/wp-json\/wp\/v2\/pages\/162","targetHints":{"allow":["GET"]}}],"collection":[{"href":"https:\/\/spinbetter.gift\/no\/wp-json\/wp\/v2\/pages"}],"about":[{"href":"https:\/\/spinbetter.gift\/no\/wp-json\/wp\/v2\/types\/page"}],"author":[{"embeddable":true,"href":"https:\/\/spinbetter.gift\/no\/wp-json\/wp\/v2\/users\/1"}],"replies":[{"embeddable":true,"href":"https:\/\/spinbetter.gift\/no\/wp-json\/wp\/v2\/comments?post=162"}],"version-history":[{"count":6,"href":"https:\/\/spinbetter.gift\/no\/wp-json\/wp\/v2\/pages\/162\/revisions"}],"predecessor-version":[{"id":253,"href":"https:\/\/spinbetter.gift\/no\/wp-json\/wp\/v2\/pages\/162\/revisions\/253"}],"wp:attachment":[{"href":"https:\/\/spinbetter.gift\/no\/wp-json\/wp\/v2\/media?parent=162"}],"curies":[{"name":"wp","href":"https:\/\/api.w.org\/{rel}","templated":true}]}}