{"id":2,"date":"2023-05-18T17:18:34","date_gmt":"2023-05-18T17:18:34","guid":{"rendered":"https:\/\/spinbetter.gift\/lv\/?page_id=2"},"modified":"2025-07-18T10:54:53","modified_gmt":"2025-07-18T10:54:53","slug":"sample-page","status":"publish","type":"page","link":"https:\/\/spinbetter.gift\/lv\/","title":{"rendered":"M\u0101jas lapa"},"content":{"rendered":"<p>&nbsp;<\/p>\n<p>&nbsp;<\/p>\n<p>&nbsp;<\/p>\n","protected":false},"excerpt":{"rendered":"<p>&nbsp; &nbsp; &nbsp;<\/p>\n","protected":false},"author":1,"featured_media":0,"parent":0,"menu_order":0,"comment_status":"closed","ping_status":"open","template":"","meta":{"footnotes":""},"class_list":["post-2","page","type-page","status-publish","hentry"],"yoast_head":"<!-- This site is optimized with the Yoast SEO plugin v24.2 - https:\/\/yoast.com\/wordpress\/plugins\/seo\/ -->\n<title>Spinbetter kazino (Spinbetter) spilgt\u0101m uzvar\u0101m<\/title>\n<meta name=\"description\" content=\"Spinbetter kazino pied\u0101v\u0101 lielu sp\u0113\u013cu kolekciju. Ir bonusi un akcijas jaunpien\u0101c\u0113jiem un past\u0101v\u012bgajiem klientiem.\" \/>\n<meta name=\"robots\" content=\"index, follow, max-snippet:-1, max-image-preview:large, max-video-preview:-1\" \/>\n<meta property=\"og:locale\" content=\"lv_LV\" \/>\n<meta property=\"og:type\" content=\"article\" \/>\n<meta property=\"og:title\" content=\"Spinbetter kazino (Spinbetter) spilgt\u0101m uzvar\u0101m\" \/>\n<meta property=\"og:description\" content=\"Spinbetter kazino pied\u0101v\u0101 lielu sp\u0113\u013cu kolekciju. Ir bonusi un akcijas jaunpien\u0101c\u0113jiem un past\u0101v\u012bgajiem klientiem.\" \/>\n<meta property=\"og:url\" content=\"https:\/\/spinbetter.gift\/lv\/\" \/>\n<meta property=\"og:site_name\" content=\"Spinbetter Gift LV\" \/>\n<meta property=\"article:modified_time\" content=\"2025-07-18T10:54:53+00:00\" \/>\n<meta name=\"twitter:card\" content=\"summary_large_image\" \/>\n<script type=\"application\/ld+json\" class=\"yoast-schema-graph\">{\"@context\":\"https:\/\/schema.org\",\"@graph\":[{\"@type\":\"WebPage\",\"@id\":\"https:\/\/spinbetter.gift\/lv\/\",\"url\":\"https:\/\/spinbetter.gift\/lv\/\",\"name\":\"Spinbetter kazino (Spinbetter) spilgt\u0101m uzvar\u0101m\",\"isPartOf\":{\"@id\":\"https:\/\/spinbetter.gift\/lv\/#website\"},\"datePublished\":\"2023-05-18T17:18:34+00:00\",\"dateModified\":\"2025-07-18T10:54:53+00:00\",\"description\":\"Spinbetter kazino pied\u0101v\u0101 lielu sp\u0113\u013cu kolekciju. Ir bonusi un akcijas jaunpien\u0101c\u0113jiem un past\u0101v\u012bgajiem klientiem.\",\"breadcrumb\":{\"@id\":\"https:\/\/spinbetter.gift\/lv\/#breadcrumb\"},\"inLanguage\":\"lv-LV\",\"potentialAction\":[{\"@type\":\"ReadAction\",\"target\":[\"https:\/\/spinbetter.gift\/lv\/\"]}]},{\"@type\":\"BreadcrumbList\",\"@id\":\"https:\/\/spinbetter.gift\/lv\/#breadcrumb\",\"itemListElement\":[{\"@type\":\"ListItem\",\"position\":1,\"name\":\"\u0413\u043b\u0430\u0432\u043d\u0430\u044f \u0441\u0442\u0440\u0430\u043d\u0438\u0446\u0430\",\"item\":\"https:\/\/spinbetter.gift\/lv\/\"},{\"@type\":\"ListItem\",\"position\":2,\"name\":\"M\u0101jas lapa\"}]},{\"@type\":\"WebSite\",\"@id\":\"https:\/\/spinbetter.gift\/lv\/#website\",\"url\":\"https:\/\/spinbetter.gift\/lv\/\",\"name\":\"Spinbetter Gift LV\",\"description\":\"My WordPress Blog\",\"potentialAction\":[{\"@type\":\"SearchAction\",\"target\":{\"@type\":\"EntryPoint\",\"urlTemplate\":\"https:\/\/spinbetter.gift\/lv\/?s={search_term_string}\"},\"query-input\":{\"@type\":\"PropertyValueSpecification\",\"valueRequired\":true,\"valueName\":\"search_term_string\"}}],\"inLanguage\":\"lv-LV\"}]}<\/script>\n<!-- \/ Yoast SEO plugin. -->","yoast_head_json":{"title":"Spinbetter kazino (Spinbetter) spilgt\u0101m uzvar\u0101m","description":"Spinbetter kazino pied\u0101v\u0101 lielu sp\u0113\u013cu kolekciju. Ir bonusi un akcijas jaunpien\u0101c\u0113jiem un past\u0101v\u012bgajiem klientiem.","robots":{"index":"index","follow":"follow","max-snippet":"max-snippet:-1","max-image-preview":"max-image-preview:large","max-video-preview":"max-video-preview:-1"},"og_locale":"lv_LV","og_type":"article","og_title":"Spinbetter kazino (Spinbetter) spilgt\u0101m uzvar\u0101m","og_description":"Spinbetter kazino pied\u0101v\u0101 lielu sp\u0113\u013cu kolekciju. Ir bonusi un akcijas jaunpien\u0101c\u0113jiem un past\u0101v\u012bgajiem klientiem.","og_url":"https:\/\/spinbetter.gift\/lv\/","og_site_name":"Spinbetter Gift LV","article_modified_time":"2025-07-18T10:54:53+00:00","twitter_card":"summary_large_image","schema":{"@context":"https:\/\/schema.org","@graph":[{"@type":"WebPage","@id":"https:\/\/spinbetter.gift\/lv\/","url":"https:\/\/spinbetter.gift\/lv\/","name":"Spinbetter kazino (Spinbetter) spilgt\u0101m uzvar\u0101m","isPartOf":{"@id":"https:\/\/spinbetter.gift\/lv\/#website"},"datePublished":"2023-05-18T17:18:34+00:00","dateModified":"2025-07-18T10:54:53+00:00","description":"Spinbetter kazino pied\u0101v\u0101 lielu sp\u0113\u013cu kolekciju. Ir bonusi un akcijas jaunpien\u0101c\u0113jiem un past\u0101v\u012bgajiem klientiem.","breadcrumb":{"@id":"https:\/\/spinbetter.gift\/lv\/#breadcrumb"},"inLanguage":"lv-LV","potentialAction":[{"@type":"ReadAction","target":["https:\/\/spinbetter.gift\/lv\/"]}]},{"@type":"BreadcrumbList","@id":"https:\/\/spinbetter.gift\/lv\/#breadcrumb","itemListElement":[{"@type":"ListItem","position":1,"name":"\u0413\u043b\u0430\u0432\u043d\u0430\u044f \u0441\u0442\u0440\u0430\u043d\u0438\u0446\u0430","item":"https:\/\/spinbetter.gift\/lv\/"},{"@type":"ListItem","position":2,"name":"M\u0101jas lapa"}]},{"@type":"WebSite","@id":"https:\/\/spinbetter.gift\/lv\/#website","url":"https:\/\/spinbetter.gift\/lv\/","name":"Spinbetter Gift LV","description":"My WordPress Blog","potentialAction":[{"@type":"SearchAction","target":{"@type":"EntryPoint","urlTemplate":"https:\/\/spinbetter.gift\/lv\/?s={search_term_string}"},"query-input":{"@type":"PropertyValueSpecification","valueRequired":true,"valueName":"search_term_string"}}],"inLanguage":"lv-LV"}]}},"_links":{"self":[{"href":"https:\/\/spinbetter.gift\/lv\/wp-json\/wp\/v2\/pages\/2","targetHints":{"allow":["GET"]}}],"collection":[{"href":"https:\/\/spinbetter.gift\/lv\/wp-json\/wp\/v2\/pages"}],"about":[{"href":"https:\/\/spinbetter.gift\/lv\/wp-json\/wp\/v2\/types\/page"}],"author":[{"embeddable":true,"href":"https:\/\/spinbetter.gift\/lv\/wp-json\/wp\/v2\/users\/1"}],"replies":[{"embeddable":true,"href":"https:\/\/spinbetter.gift\/lv\/wp-json\/wp\/v2\/comments?post=2"}],"version-history":[{"count":9,"href":"https:\/\/spinbetter.gift\/lv\/wp-json\/wp\/v2\/pages\/2\/revisions"}],"predecessor-version":[{"id":267,"href":"https:\/\/spinbetter.gift\/lv\/wp-json\/wp\/v2\/pages\/2\/revisions\/267"}],"wp:attachment":[{"href":"https:\/\/spinbetter.gift\/lv\/wp-json\/wp\/v2\/media?parent=2"}],"curies":[{"name":"wp","href":"https:\/\/api.w.org\/{rel}","templated":true}]}}