{"id":166,"date":"2025-02-14T09:09:08","date_gmt":"2025-02-14T09:09:08","guid":{"rendered":"https:\/\/spinbetter.gift\/lv\/?page_id=166"},"modified":"2025-03-14T16:47:01","modified_gmt":"2025-03-14T16:47:01","slug":"partners","status":"publish","type":"page","link":"https:\/\/spinbetter.gift\/lv\/partners\/","title":{"rendered":"Partneri"},"content":{"rendered":"<p>&nbsp;<\/p>\n<p>&nbsp;<\/p>\n","protected":false},"excerpt":{"rendered":"<p>&nbsp; &nbsp;<\/p>\n","protected":false},"author":1,"featured_media":0,"parent":0,"menu_order":0,"comment_status":"closed","ping_status":"closed","template":"","meta":{"footnotes":""},"class_list":["post-166","page","type-page","status-publish","hentry"],"yoast_head":"<!-- This site is optimized with the Yoast SEO plugin v24.2 - https:\/\/yoast.com\/wordpress\/plugins\/seo\/ -->\n<title>Spinbetter partneri pas\u012bvo ien\u0101kumu g\u016b\u0161anai<\/title>\n<meta name=\"description\" content=\"Piedalies Spinbet partneru programm\u0101, lai azartsp\u0113\u013cu resursam piesaist\u012btu jaunus lietot\u0101jus. Sa\u0146emiet atl\u012bdz\u012bbu!\" \/>\n<meta name=\"robots\" content=\"index, follow, max-snippet:-1, max-image-preview:large, max-video-preview:-1\" \/>\n<meta property=\"og:locale\" content=\"lv_LV\" \/>\n<meta property=\"og:type\" content=\"article\" \/>\n<meta property=\"og:title\" content=\"Spinbetter partneri pas\u012bvo ien\u0101kumu g\u016b\u0161anai\" \/>\n<meta property=\"og:description\" content=\"Piedalies Spinbet partneru programm\u0101, lai azartsp\u0113\u013cu resursam piesaist\u012btu jaunus lietot\u0101jus. Sa\u0146emiet atl\u012bdz\u012bbu!\" \/>\n<meta property=\"og:url\" content=\"https:\/\/spinbetter.gift\/lv\/partners\/\" \/>\n<meta property=\"og:site_name\" content=\"Spinbetter Gift LV\" \/>\n<meta property=\"article:modified_time\" content=\"2025-03-14T16:47:01+00:00\" \/>\n<meta name=\"twitter:card\" content=\"summary_large_image\" \/>\n<script type=\"application\/ld+json\" class=\"yoast-schema-graph\">{\"@context\":\"https:\/\/schema.org\",\"@graph\":[{\"@type\":\"WebPage\",\"@id\":\"https:\/\/spinbetter.gift\/lv\/partners\/\",\"url\":\"https:\/\/spinbetter.gift\/lv\/partners\/\",\"name\":\"Spinbetter partneri pas\u012bvo ien\u0101kumu g\u016b\u0161anai\",\"isPartOf\":{\"@id\":\"https:\/\/spinbetter.gift\/lv\/#website\"},\"datePublished\":\"2025-02-14T09:09:08+00:00\",\"dateModified\":\"2025-03-14T16:47:01+00:00\",\"description\":\"Piedalies Spinbet partneru programm\u0101, lai azartsp\u0113\u013cu resursam piesaist\u012btu jaunus lietot\u0101jus. Sa\u0146emiet atl\u012bdz\u012bbu!\",\"breadcrumb\":{\"@id\":\"https:\/\/spinbetter.gift\/lv\/partners\/#breadcrumb\"},\"inLanguage\":\"lv-LV\",\"potentialAction\":[{\"@type\":\"ReadAction\",\"target\":[\"https:\/\/spinbetter.gift\/lv\/partners\/\"]}]},{\"@type\":\"BreadcrumbList\",\"@id\":\"https:\/\/spinbetter.gift\/lv\/partners\/#breadcrumb\",\"itemListElement\":[{\"@type\":\"ListItem\",\"position\":1,\"name\":\"\u0413\u043b\u0430\u0432\u043d\u0430\u044f \u0441\u0442\u0440\u0430\u043d\u0438\u0446\u0430\",\"item\":\"https:\/\/spinbetter.gift\/lv\/\"},{\"@type\":\"ListItem\",\"position\":2,\"name\":\"Partneri\"}]},{\"@type\":\"WebSite\",\"@id\":\"https:\/\/spinbetter.gift\/lv\/#website\",\"url\":\"https:\/\/spinbetter.gift\/lv\/\",\"name\":\"Spinbetter Gift LV\",\"description\":\"My WordPress Blog\",\"potentialAction\":[{\"@type\":\"SearchAction\",\"target\":{\"@type\":\"EntryPoint\",\"urlTemplate\":\"https:\/\/spinbetter.gift\/lv\/?s={search_term_string}\"},\"query-input\":{\"@type\":\"PropertyValueSpecification\",\"valueRequired\":true,\"valueName\":\"search_term_string\"}}],\"inLanguage\":\"lv-LV\"}]}<\/script>\n<!-- \/ Yoast SEO plugin. -->","yoast_head_json":{"title":"Spinbetter partneri pas\u012bvo ien\u0101kumu g\u016b\u0161anai","description":"Piedalies Spinbet partneru programm\u0101, lai azartsp\u0113\u013cu resursam piesaist\u012btu jaunus lietot\u0101jus. Sa\u0146emiet atl\u012bdz\u012bbu!","robots":{"index":"index","follow":"follow","max-snippet":"max-snippet:-1","max-image-preview":"max-image-preview:large","max-video-preview":"max-video-preview:-1"},"og_locale":"lv_LV","og_type":"article","og_title":"Spinbetter partneri pas\u012bvo ien\u0101kumu g\u016b\u0161anai","og_description":"Piedalies Spinbet partneru programm\u0101, lai azartsp\u0113\u013cu resursam piesaist\u012btu jaunus lietot\u0101jus. Sa\u0146emiet atl\u012bdz\u012bbu!","og_url":"https:\/\/spinbetter.gift\/lv\/partners\/","og_site_name":"Spinbetter Gift LV","article_modified_time":"2025-03-14T16:47:01+00:00","twitter_card":"summary_large_image","schema":{"@context":"https:\/\/schema.org","@graph":[{"@type":"WebPage","@id":"https:\/\/spinbetter.gift\/lv\/partners\/","url":"https:\/\/spinbetter.gift\/lv\/partners\/","name":"Spinbetter partneri pas\u012bvo ien\u0101kumu g\u016b\u0161anai","isPartOf":{"@id":"https:\/\/spinbetter.gift\/lv\/#website"},"datePublished":"2025-02-14T09:09:08+00:00","dateModified":"2025-03-14T16:47:01+00:00","description":"Piedalies Spinbet partneru programm\u0101, lai azartsp\u0113\u013cu resursam piesaist\u012btu jaunus lietot\u0101jus. Sa\u0146emiet atl\u012bdz\u012bbu!","breadcrumb":{"@id":"https:\/\/spinbetter.gift\/lv\/partners\/#breadcrumb"},"inLanguage":"lv-LV","potentialAction":[{"@type":"ReadAction","target":["https:\/\/spinbetter.gift\/lv\/partners\/"]}]},{"@type":"BreadcrumbList","@id":"https:\/\/spinbetter.gift\/lv\/partners\/#breadcrumb","itemListElement":[{"@type":"ListItem","position":1,"name":"\u0413\u043b\u0430\u0432\u043d\u0430\u044f \u0441\u0442\u0440\u0430\u043d\u0438\u0446\u0430","item":"https:\/\/spinbetter.gift\/lv\/"},{"@type":"ListItem","position":2,"name":"Partneri"}]},{"@type":"WebSite","@id":"https:\/\/spinbetter.gift\/lv\/#website","url":"https:\/\/spinbetter.gift\/lv\/","name":"Spinbetter Gift LV","description":"My WordPress Blog","potentialAction":[{"@type":"SearchAction","target":{"@type":"EntryPoint","urlTemplate":"https:\/\/spinbetter.gift\/lv\/?s={search_term_string}"},"query-input":{"@type":"PropertyValueSpecification","valueRequired":true,"valueName":"search_term_string"}}],"inLanguage":"lv-LV"}]}},"_links":{"self":[{"href":"https:\/\/spinbetter.gift\/lv\/wp-json\/wp\/v2\/pages\/166","targetHints":{"allow":["GET"]}}],"collection":[{"href":"https:\/\/spinbetter.gift\/lv\/wp-json\/wp\/v2\/pages"}],"about":[{"href":"https:\/\/spinbetter.gift\/lv\/wp-json\/wp\/v2\/types\/page"}],"author":[{"embeddable":true,"href":"https:\/\/spinbetter.gift\/lv\/wp-json\/wp\/v2\/users\/1"}],"replies":[{"embeddable":true,"href":"https:\/\/spinbetter.gift\/lv\/wp-json\/wp\/v2\/comments?post=166"}],"version-history":[{"count":7,"href":"https:\/\/spinbetter.gift\/lv\/wp-json\/wp\/v2\/pages\/166\/revisions"}],"predecessor-version":[{"id":255,"href":"https:\/\/spinbetter.gift\/lv\/wp-json\/wp\/v2\/pages\/166\/revisions\/255"}],"wp:attachment":[{"href":"https:\/\/spinbetter.gift\/lv\/wp-json\/wp\/v2\/media?parent=166"}],"curies":[{"name":"wp","href":"https:\/\/api.w.org\/{rel}","templated":true}]}}