{"id":266,"date":"2025-07-17T07:13:19","date_gmt":"2025-07-17T07:13:19","guid":{"rendered":"https:\/\/spinbetter.gift\/lu\/?page_id=266"},"modified":"2025-07-17T07:13:28","modified_gmt":"2025-07-17T07:13:28","slug":"subscribe-telegram","status":"publish","type":"page","link":"https:\/\/spinbetter.gift\/lu\/bonus\/subscribe-telegram\/","title":{"rendered":"Telegram abonn\u00e9ieren"},"content":{"rendered":"","protected":false},"excerpt":{"rendered":"","protected":false},"author":1,"featured_media":0,"parent":152,"menu_order":0,"comment_status":"closed","ping_status":"closed","template":"","meta":{"footnotes":""},"class_list":["post-266","page","type-page","status-publish","hentry"],"yoast_head":"<!-- This site is optimized with the Yoast SEO plugin v24.2 - https:\/\/yoast.com\/wordpress\/plugins\/seo\/ -->\n<title>SpinBetter verschenkt 100 FS | Abonn\u00e9iert Iech op Telegram<\/title>\n<meta name=\"description\" content=\"W\u00ebllt Dir Bonusen ouni onn\u00e9ideg Konditiounen? Abonn\u00e9iert Iech op den Telegram SpinBetter Casino a kritt 100 FS! Maacht s\u00e9ier, w\u00e4rend d&#039;Promotioun aktiv ass. Maacht d&#039;Welt vu Bonusen a Promotiounen op!\" \/>\n<meta name=\"robots\" content=\"index, follow, max-snippet:-1, max-image-preview:large, max-video-preview:-1\" \/>\n<meta property=\"og:locale\" content=\"nl_NL\" \/>\n<meta property=\"og:type\" content=\"article\" \/>\n<meta property=\"og:title\" content=\"SpinBetter verschenkt 100 FS | Abonn\u00e9iert Iech op Telegram\" \/>\n<meta property=\"og:description\" content=\"W\u00ebllt Dir Bonusen ouni onn\u00e9ideg Konditiounen? Abonn\u00e9iert Iech op den Telegram SpinBetter Casino a kritt 100 FS! Maacht s\u00e9ier, w\u00e4rend d&#039;Promotioun aktiv ass. Maacht d&#039;Welt vu Bonusen a Promotiounen op!\" \/>\n<meta property=\"og:url\" content=\"https:\/\/spinbetter.gift\/lu\/bonus\/subscribe-telegram\/\" \/>\n<meta property=\"og:site_name\" content=\"Spinbetter Gift LU\" \/>\n<meta property=\"article:modified_time\" content=\"2025-07-17T07:13:28+00:00\" \/>\n<meta name=\"twitter:card\" content=\"summary_large_image\" \/>\n<script type=\"application\/ld+json\" class=\"yoast-schema-graph\">{\"@context\":\"https:\/\/schema.org\",\"@graph\":[{\"@type\":\"WebPage\",\"@id\":\"https:\/\/spinbetter.gift\/lu\/bonus\/subscribe-telegram\/\",\"url\":\"https:\/\/spinbetter.gift\/lu\/bonus\/subscribe-telegram\/\",\"name\":\"SpinBetter verschenkt 100 FS | Abonn\u00e9iert Iech op Telegram\",\"isPartOf\":{\"@id\":\"https:\/\/spinbetter.gift\/lu\/#website\"},\"datePublished\":\"2025-07-17T07:13:19+00:00\",\"dateModified\":\"2025-07-17T07:13:28+00:00\",\"description\":\"W\u00ebllt Dir Bonusen ouni onn\u00e9ideg Konditiounen? Abonn\u00e9iert Iech op den Telegram SpinBetter Casino a kritt 100 FS! Maacht s\u00e9ier, w\u00e4rend d'Promotioun aktiv ass. Maacht d'Welt vu Bonusen a Promotiounen op!\",\"breadcrumb\":{\"@id\":\"https:\/\/spinbetter.gift\/lu\/bonus\/subscribe-telegram\/#breadcrumb\"},\"inLanguage\":\"nl-NL\",\"potentialAction\":[{\"@type\":\"ReadAction\",\"target\":[\"https:\/\/spinbetter.gift\/lu\/bonus\/subscribe-telegram\/\"]}]},{\"@type\":\"BreadcrumbList\",\"@id\":\"https:\/\/spinbetter.gift\/lu\/bonus\/subscribe-telegram\/#breadcrumb\",\"itemListElement\":[{\"@type\":\"ListItem\",\"position\":1,\"name\":\"\u0413\u043b\u0430\u0432\u043d\u0430\u044f \u0441\u0442\u0440\u0430\u043d\u0438\u0446\u0430\",\"item\":\"https:\/\/spinbetter.gift\/lu\/\"},{\"@type\":\"ListItem\",\"position\":2,\"name\":\"Bonus\",\"item\":\"https:\/\/spinbetter.gift\/lu\/bonus\/\"},{\"@type\":\"ListItem\",\"position\":3,\"name\":\"Telegram abonn\u00e9ieren\"}]},{\"@type\":\"WebSite\",\"@id\":\"https:\/\/spinbetter.gift\/lu\/#website\",\"url\":\"https:\/\/spinbetter.gift\/lu\/\",\"name\":\"Spinbetter Gift LU\",\"description\":\"My WordPress Blog\",\"potentialAction\":[{\"@type\":\"SearchAction\",\"target\":{\"@type\":\"EntryPoint\",\"urlTemplate\":\"https:\/\/spinbetter.gift\/lu\/?s={search_term_string}\"},\"query-input\":{\"@type\":\"PropertyValueSpecification\",\"valueRequired\":true,\"valueName\":\"search_term_string\"}}],\"inLanguage\":\"nl-NL\"}]}<\/script>\n<!-- \/ Yoast SEO plugin. -->","yoast_head_json":{"title":"SpinBetter verschenkt 100 FS | Abonn\u00e9iert Iech op Telegram","description":"W\u00ebllt Dir Bonusen ouni onn\u00e9ideg Konditiounen? Abonn\u00e9iert Iech op den Telegram SpinBetter Casino a kritt 100 FS! Maacht s\u00e9ier, w\u00e4rend d'Promotioun aktiv ass. Maacht d'Welt vu Bonusen a Promotiounen op!","robots":{"index":"index","follow":"follow","max-snippet":"max-snippet:-1","max-image-preview":"max-image-preview:large","max-video-preview":"max-video-preview:-1"},"og_locale":"nl_NL","og_type":"article","og_title":"SpinBetter verschenkt 100 FS | Abonn\u00e9iert Iech op Telegram","og_description":"W\u00ebllt Dir Bonusen ouni onn\u00e9ideg Konditiounen? Abonn\u00e9iert Iech op den Telegram SpinBetter Casino a kritt 100 FS! Maacht s\u00e9ier, w\u00e4rend d'Promotioun aktiv ass. Maacht d'Welt vu Bonusen a Promotiounen op!","og_url":"https:\/\/spinbetter.gift\/lu\/bonus\/subscribe-telegram\/","og_site_name":"Spinbetter Gift LU","article_modified_time":"2025-07-17T07:13:28+00:00","twitter_card":"summary_large_image","schema":{"@context":"https:\/\/schema.org","@graph":[{"@type":"WebPage","@id":"https:\/\/spinbetter.gift\/lu\/bonus\/subscribe-telegram\/","url":"https:\/\/spinbetter.gift\/lu\/bonus\/subscribe-telegram\/","name":"SpinBetter verschenkt 100 FS | Abonn\u00e9iert Iech op Telegram","isPartOf":{"@id":"https:\/\/spinbetter.gift\/lu\/#website"},"datePublished":"2025-07-17T07:13:19+00:00","dateModified":"2025-07-17T07:13:28+00:00","description":"W\u00ebllt Dir Bonusen ouni onn\u00e9ideg Konditiounen? Abonn\u00e9iert Iech op den Telegram SpinBetter Casino a kritt 100 FS! Maacht s\u00e9ier, w\u00e4rend d'Promotioun aktiv ass. Maacht d'Welt vu Bonusen a Promotiounen op!","breadcrumb":{"@id":"https:\/\/spinbetter.gift\/lu\/bonus\/subscribe-telegram\/#breadcrumb"},"inLanguage":"nl-NL","potentialAction":[{"@type":"ReadAction","target":["https:\/\/spinbetter.gift\/lu\/bonus\/subscribe-telegram\/"]}]},{"@type":"BreadcrumbList","@id":"https:\/\/spinbetter.gift\/lu\/bonus\/subscribe-telegram\/#breadcrumb","itemListElement":[{"@type":"ListItem","position":1,"name":"\u0413\u043b\u0430\u0432\u043d\u0430\u044f \u0441\u0442\u0440\u0430\u043d\u0438\u0446\u0430","item":"https:\/\/spinbetter.gift\/lu\/"},{"@type":"ListItem","position":2,"name":"Bonus","item":"https:\/\/spinbetter.gift\/lu\/bonus\/"},{"@type":"ListItem","position":3,"name":"Telegram abonn\u00e9ieren"}]},{"@type":"WebSite","@id":"https:\/\/spinbetter.gift\/lu\/#website","url":"https:\/\/spinbetter.gift\/lu\/","name":"Spinbetter Gift LU","description":"My WordPress Blog","potentialAction":[{"@type":"SearchAction","target":{"@type":"EntryPoint","urlTemplate":"https:\/\/spinbetter.gift\/lu\/?s={search_term_string}"},"query-input":{"@type":"PropertyValueSpecification","valueRequired":true,"valueName":"search_term_string"}}],"inLanguage":"nl-NL"}]}},"_links":{"self":[{"href":"https:\/\/spinbetter.gift\/lu\/wp-json\/wp\/v2\/pages\/266","targetHints":{"allow":["GET"]}}],"collection":[{"href":"https:\/\/spinbetter.gift\/lu\/wp-json\/wp\/v2\/pages"}],"about":[{"href":"https:\/\/spinbetter.gift\/lu\/wp-json\/wp\/v2\/types\/page"}],"author":[{"embeddable":true,"href":"https:\/\/spinbetter.gift\/lu\/wp-json\/wp\/v2\/users\/1"}],"replies":[{"embeddable":true,"href":"https:\/\/spinbetter.gift\/lu\/wp-json\/wp\/v2\/comments?post=266"}],"version-history":[{"count":1,"href":"https:\/\/spinbetter.gift\/lu\/wp-json\/wp\/v2\/pages\/266\/revisions"}],"predecessor-version":[{"id":267,"href":"https:\/\/spinbetter.gift\/lu\/wp-json\/wp\/v2\/pages\/266\/revisions\/267"}],"up":[{"embeddable":true,"href":"https:\/\/spinbetter.gift\/lu\/wp-json\/wp\/v2\/pages\/152"}],"wp:attachment":[{"href":"https:\/\/spinbetter.gift\/lu\/wp-json\/wp\/v2\/media?parent=266"}],"curies":[{"name":"wp","href":"https:\/\/api.w.org\/{rel}","templated":true}]}}