{"id":168,"date":"2025-02-14T09:09:43","date_gmt":"2025-02-14T09:09:43","guid":{"rendered":"https:\/\/spinbetter.gift\/lu\/?page_id=168"},"modified":"2025-03-28T10:27:30","modified_gmt":"2025-03-28T10:27:30","slug":"app","status":"publish","type":"page","link":"https:\/\/spinbetter.gift\/lu\/app\/","title":{"rendered":"Applikatioun"},"content":{"rendered":"<p>&nbsp;<\/p>\n<p>&nbsp;<\/p>\n<p>&nbsp;<\/p>\n","protected":false},"excerpt":{"rendered":"<p>&nbsp; &nbsp; &nbsp;<\/p>\n","protected":false},"author":1,"featured_media":0,"parent":0,"menu_order":0,"comment_status":"closed","ping_status":"closed","template":"","meta":{"footnotes":""},"class_list":["post-168","page","type-page","status-publish","hentry"],"yoast_head":"<!-- This site is optimized with the Yoast SEO plugin v24.2 - https:\/\/yoast.com\/wordpress\/plugins\/seo\/ -->\n<title>Spinbetter download online fir aus engem Smartphone ze spillen<\/title>\n<meta name=\"description\" content=\"Spinbetter apk w\u00e4ert eng super Gelee\u00ebnheet ginn ze spillen. Luet d&#039;Software op \u00c4rem Smartphone erof, aloggen an wetten an der gewielter Plaze .\" \/>\n<meta name=\"robots\" content=\"index, follow, max-snippet:-1, max-image-preview:large, max-video-preview:-1\" \/>\n<meta property=\"og:locale\" content=\"nl_NL\" \/>\n<meta property=\"og:type\" content=\"article\" \/>\n<meta property=\"og:title\" content=\"Spinbetter download online fir aus engem Smartphone ze spillen\" \/>\n<meta property=\"og:description\" content=\"Spinbetter apk w\u00e4ert eng super Gelee\u00ebnheet ginn ze spillen. Luet d&#039;Software op \u00c4rem Smartphone erof, aloggen an wetten an der gewielter Plaze .\" \/>\n<meta property=\"og:url\" content=\"https:\/\/spinbetter.gift\/lu\/app\/\" \/>\n<meta property=\"og:site_name\" content=\"Spinbetter Gift LU\" \/>\n<meta property=\"article:modified_time\" content=\"2025-03-28T10:27:30+00:00\" \/>\n<meta name=\"twitter:card\" content=\"summary_large_image\" \/>\n<script type=\"application\/ld+json\" class=\"yoast-schema-graph\">{\"@context\":\"https:\/\/schema.org\",\"@graph\":[{\"@type\":\"WebPage\",\"@id\":\"https:\/\/spinbetter.gift\/lu\/app\/\",\"url\":\"https:\/\/spinbetter.gift\/lu\/app\/\",\"name\":\"Spinbetter download online fir aus engem Smartphone ze spillen\",\"isPartOf\":{\"@id\":\"https:\/\/spinbetter.gift\/lu\/#website\"},\"datePublished\":\"2025-02-14T09:09:43+00:00\",\"dateModified\":\"2025-03-28T10:27:30+00:00\",\"description\":\"Spinbetter apk w\u00e4ert eng super Gelee\u00ebnheet ginn ze spillen. Luet d'Software op \u00c4rem Smartphone erof, aloggen an wetten an der gewielter Plaze .\",\"breadcrumb\":{\"@id\":\"https:\/\/spinbetter.gift\/lu\/app\/#breadcrumb\"},\"inLanguage\":\"nl-NL\",\"potentialAction\":[{\"@type\":\"ReadAction\",\"target\":[\"https:\/\/spinbetter.gift\/lu\/app\/\"]}]},{\"@type\":\"BreadcrumbList\",\"@id\":\"https:\/\/spinbetter.gift\/lu\/app\/#breadcrumb\",\"itemListElement\":[{\"@type\":\"ListItem\",\"position\":1,\"name\":\"\u0413\u043b\u0430\u0432\u043d\u0430\u044f \u0441\u0442\u0440\u0430\u043d\u0438\u0446\u0430\",\"item\":\"https:\/\/spinbetter.gift\/lu\/\"},{\"@type\":\"ListItem\",\"position\":2,\"name\":\"Applikatioun\"}]},{\"@type\":\"WebSite\",\"@id\":\"https:\/\/spinbetter.gift\/lu\/#website\",\"url\":\"https:\/\/spinbetter.gift\/lu\/\",\"name\":\"Spinbetter Gift LU\",\"description\":\"My WordPress Blog\",\"potentialAction\":[{\"@type\":\"SearchAction\",\"target\":{\"@type\":\"EntryPoint\",\"urlTemplate\":\"https:\/\/spinbetter.gift\/lu\/?s={search_term_string}\"},\"query-input\":{\"@type\":\"PropertyValueSpecification\",\"valueRequired\":true,\"valueName\":\"search_term_string\"}}],\"inLanguage\":\"nl-NL\"}]}<\/script>\n<!-- \/ Yoast SEO plugin. -->","yoast_head_json":{"title":"Spinbetter download online fir aus engem Smartphone ze spillen","description":"Spinbetter apk w\u00e4ert eng super Gelee\u00ebnheet ginn ze spillen. Luet d'Software op \u00c4rem Smartphone erof, aloggen an wetten an der gewielter Plaze .","robots":{"index":"index","follow":"follow","max-snippet":"max-snippet:-1","max-image-preview":"max-image-preview:large","max-video-preview":"max-video-preview:-1"},"og_locale":"nl_NL","og_type":"article","og_title":"Spinbetter download online fir aus engem Smartphone ze spillen","og_description":"Spinbetter apk w\u00e4ert eng super Gelee\u00ebnheet ginn ze spillen. Luet d'Software op \u00c4rem Smartphone erof, aloggen an wetten an der gewielter Plaze .","og_url":"https:\/\/spinbetter.gift\/lu\/app\/","og_site_name":"Spinbetter Gift LU","article_modified_time":"2025-03-28T10:27:30+00:00","twitter_card":"summary_large_image","schema":{"@context":"https:\/\/schema.org","@graph":[{"@type":"WebPage","@id":"https:\/\/spinbetter.gift\/lu\/app\/","url":"https:\/\/spinbetter.gift\/lu\/app\/","name":"Spinbetter download online fir aus engem Smartphone ze spillen","isPartOf":{"@id":"https:\/\/spinbetter.gift\/lu\/#website"},"datePublished":"2025-02-14T09:09:43+00:00","dateModified":"2025-03-28T10:27:30+00:00","description":"Spinbetter apk w\u00e4ert eng super Gelee\u00ebnheet ginn ze spillen. Luet d'Software op \u00c4rem Smartphone erof, aloggen an wetten an der gewielter Plaze .","breadcrumb":{"@id":"https:\/\/spinbetter.gift\/lu\/app\/#breadcrumb"},"inLanguage":"nl-NL","potentialAction":[{"@type":"ReadAction","target":["https:\/\/spinbetter.gift\/lu\/app\/"]}]},{"@type":"BreadcrumbList","@id":"https:\/\/spinbetter.gift\/lu\/app\/#breadcrumb","itemListElement":[{"@type":"ListItem","position":1,"name":"\u0413\u043b\u0430\u0432\u043d\u0430\u044f \u0441\u0442\u0440\u0430\u043d\u0438\u0446\u0430","item":"https:\/\/spinbetter.gift\/lu\/"},{"@type":"ListItem","position":2,"name":"Applikatioun"}]},{"@type":"WebSite","@id":"https:\/\/spinbetter.gift\/lu\/#website","url":"https:\/\/spinbetter.gift\/lu\/","name":"Spinbetter Gift LU","description":"My WordPress Blog","potentialAction":[{"@type":"SearchAction","target":{"@type":"EntryPoint","urlTemplate":"https:\/\/spinbetter.gift\/lu\/?s={search_term_string}"},"query-input":{"@type":"PropertyValueSpecification","valueRequired":true,"valueName":"search_term_string"}}],"inLanguage":"nl-NL"}]}},"_links":{"self":[{"href":"https:\/\/spinbetter.gift\/lu\/wp-json\/wp\/v2\/pages\/168","targetHints":{"allow":["GET"]}}],"collection":[{"href":"https:\/\/spinbetter.gift\/lu\/wp-json\/wp\/v2\/pages"}],"about":[{"href":"https:\/\/spinbetter.gift\/lu\/wp-json\/wp\/v2\/types\/page"}],"author":[{"embeddable":true,"href":"https:\/\/spinbetter.gift\/lu\/wp-json\/wp\/v2\/users\/1"}],"replies":[{"embeddable":true,"href":"https:\/\/spinbetter.gift\/lu\/wp-json\/wp\/v2\/comments?post=168"}],"version-history":[{"count":9,"href":"https:\/\/spinbetter.gift\/lu\/wp-json\/wp\/v2\/pages\/168\/revisions"}],"predecessor-version":[{"id":253,"href":"https:\/\/spinbetter.gift\/lu\/wp-json\/wp\/v2\/pages\/168\/revisions\/253"}],"wp:attachment":[{"href":"https:\/\/spinbetter.gift\/lu\/wp-json\/wp\/v2\/media?parent=168"}],"curies":[{"name":"wp","href":"https:\/\/api.w.org\/{rel}","templated":true}]}}