{"id":162,"date":"2025-02-14T09:07:36","date_gmt":"2025-02-14T09:07:36","guid":{"rendered":"https:\/\/spinbetter.gift\/lu\/?page_id=162"},"modified":"2025-03-28T10:33:01","modified_gmt":"2025-03-28T10:33:01","slug":"login","status":"publish","type":"page","link":"https:\/\/spinbetter.gift\/lu\/login\/","title":{"rendered":"Login"},"content":{"rendered":"<p>&nbsp;<\/p>\n<p>&nbsp;<\/p>\n","protected":false},"excerpt":{"rendered":"<p>&nbsp; &nbsp;<\/p>\n","protected":false},"author":1,"featured_media":0,"parent":0,"menu_order":0,"comment_status":"closed","ping_status":"closed","template":"","meta":{"footnotes":""},"class_list":["post-162","page","type-page","status-publish","hentry"],"yoast_head":"<!-- This site is optimized with the Yoast SEO plugin v24.2 - https:\/\/yoast.com\/wordpress\/plugins\/seo\/ -->\n<title>Spinbesser Login vum mobilen Apparat oder Computer<\/title>\n<meta name=\"description\" content=\"Spinbetter Casino Login fir Zougang zu \u00c4re pers\u00e9inleche Kont a fuert op d&#039;Spiller. Benotzt de Login a Passwuert aginn wann Dir Iech op der Plattform registr\u00e9iert.\" \/>\n<meta name=\"robots\" content=\"index, follow, max-snippet:-1, max-image-preview:large, max-video-preview:-1\" \/>\n<meta property=\"og:locale\" content=\"nl_NL\" \/>\n<meta property=\"og:type\" content=\"article\" \/>\n<meta property=\"og:title\" content=\"Spinbesser Login vum mobilen Apparat oder Computer\" \/>\n<meta property=\"og:description\" content=\"Spinbetter Casino Login fir Zougang zu \u00c4re pers\u00e9inleche Kont a fuert op d&#039;Spiller. Benotzt de Login a Passwuert aginn wann Dir Iech op der Plattform registr\u00e9iert.\" \/>\n<meta property=\"og:url\" content=\"https:\/\/spinbetter.gift\/lu\/login\/\" \/>\n<meta property=\"og:site_name\" content=\"Spinbetter Gift LU\" \/>\n<meta property=\"article:modified_time\" content=\"2025-03-28T10:33:01+00:00\" \/>\n<meta name=\"twitter:card\" content=\"summary_large_image\" \/>\n<script type=\"application\/ld+json\" class=\"yoast-schema-graph\">{\"@context\":\"https:\/\/schema.org\",\"@graph\":[{\"@type\":\"WebPage\",\"@id\":\"https:\/\/spinbetter.gift\/lu\/login\/\",\"url\":\"https:\/\/spinbetter.gift\/lu\/login\/\",\"name\":\"Spinbesser Login vum mobilen Apparat oder Computer\",\"isPartOf\":{\"@id\":\"https:\/\/spinbetter.gift\/lu\/#website\"},\"datePublished\":\"2025-02-14T09:07:36+00:00\",\"dateModified\":\"2025-03-28T10:33:01+00:00\",\"description\":\"Spinbetter Casino Login fir Zougang zu \u00c4re pers\u00e9inleche Kont a fuert op d'Spiller. Benotzt de Login a Passwuert aginn wann Dir Iech op der Plattform registr\u00e9iert.\",\"breadcrumb\":{\"@id\":\"https:\/\/spinbetter.gift\/lu\/login\/#breadcrumb\"},\"inLanguage\":\"nl-NL\",\"potentialAction\":[{\"@type\":\"ReadAction\",\"target\":[\"https:\/\/spinbetter.gift\/lu\/login\/\"]}]},{\"@type\":\"BreadcrumbList\",\"@id\":\"https:\/\/spinbetter.gift\/lu\/login\/#breadcrumb\",\"itemListElement\":[{\"@type\":\"ListItem\",\"position\":1,\"name\":\"\u0413\u043b\u0430\u0432\u043d\u0430\u044f \u0441\u0442\u0440\u0430\u043d\u0438\u0446\u0430\",\"item\":\"https:\/\/spinbetter.gift\/lu\/\"},{\"@type\":\"ListItem\",\"position\":2,\"name\":\"Login\"}]},{\"@type\":\"WebSite\",\"@id\":\"https:\/\/spinbetter.gift\/lu\/#website\",\"url\":\"https:\/\/spinbetter.gift\/lu\/\",\"name\":\"Spinbetter Gift LU\",\"description\":\"My WordPress Blog\",\"potentialAction\":[{\"@type\":\"SearchAction\",\"target\":{\"@type\":\"EntryPoint\",\"urlTemplate\":\"https:\/\/spinbetter.gift\/lu\/?s={search_term_string}\"},\"query-input\":{\"@type\":\"PropertyValueSpecification\",\"valueRequired\":true,\"valueName\":\"search_term_string\"}}],\"inLanguage\":\"nl-NL\"}]}<\/script>\n<!-- \/ Yoast SEO plugin. -->","yoast_head_json":{"title":"Spinbesser Login vum mobilen Apparat oder Computer","description":"Spinbetter Casino Login fir Zougang zu \u00c4re pers\u00e9inleche Kont a fuert op d'Spiller. Benotzt de Login a Passwuert aginn wann Dir Iech op der Plattform registr\u00e9iert.","robots":{"index":"index","follow":"follow","max-snippet":"max-snippet:-1","max-image-preview":"max-image-preview:large","max-video-preview":"max-video-preview:-1"},"og_locale":"nl_NL","og_type":"article","og_title":"Spinbesser Login vum mobilen Apparat oder Computer","og_description":"Spinbetter Casino Login fir Zougang zu \u00c4re pers\u00e9inleche Kont a fuert op d'Spiller. Benotzt de Login a Passwuert aginn wann Dir Iech op der Plattform registr\u00e9iert.","og_url":"https:\/\/spinbetter.gift\/lu\/login\/","og_site_name":"Spinbetter Gift LU","article_modified_time":"2025-03-28T10:33:01+00:00","twitter_card":"summary_large_image","schema":{"@context":"https:\/\/schema.org","@graph":[{"@type":"WebPage","@id":"https:\/\/spinbetter.gift\/lu\/login\/","url":"https:\/\/spinbetter.gift\/lu\/login\/","name":"Spinbesser Login vum mobilen Apparat oder Computer","isPartOf":{"@id":"https:\/\/spinbetter.gift\/lu\/#website"},"datePublished":"2025-02-14T09:07:36+00:00","dateModified":"2025-03-28T10:33:01+00:00","description":"Spinbetter Casino Login fir Zougang zu \u00c4re pers\u00e9inleche Kont a fuert op d'Spiller. Benotzt de Login a Passwuert aginn wann Dir Iech op der Plattform registr\u00e9iert.","breadcrumb":{"@id":"https:\/\/spinbetter.gift\/lu\/login\/#breadcrumb"},"inLanguage":"nl-NL","potentialAction":[{"@type":"ReadAction","target":["https:\/\/spinbetter.gift\/lu\/login\/"]}]},{"@type":"BreadcrumbList","@id":"https:\/\/spinbetter.gift\/lu\/login\/#breadcrumb","itemListElement":[{"@type":"ListItem","position":1,"name":"\u0413\u043b\u0430\u0432\u043d\u0430\u044f \u0441\u0442\u0440\u0430\u043d\u0438\u0446\u0430","item":"https:\/\/spinbetter.gift\/lu\/"},{"@type":"ListItem","position":2,"name":"Login"}]},{"@type":"WebSite","@id":"https:\/\/spinbetter.gift\/lu\/#website","url":"https:\/\/spinbetter.gift\/lu\/","name":"Spinbetter Gift LU","description":"My WordPress Blog","potentialAction":[{"@type":"SearchAction","target":{"@type":"EntryPoint","urlTemplate":"https:\/\/spinbetter.gift\/lu\/?s={search_term_string}"},"query-input":{"@type":"PropertyValueSpecification","valueRequired":true,"valueName":"search_term_string"}}],"inLanguage":"nl-NL"}]}},"_links":{"self":[{"href":"https:\/\/spinbetter.gift\/lu\/wp-json\/wp\/v2\/pages\/162","targetHints":{"allow":["GET"]}}],"collection":[{"href":"https:\/\/spinbetter.gift\/lu\/wp-json\/wp\/v2\/pages"}],"about":[{"href":"https:\/\/spinbetter.gift\/lu\/wp-json\/wp\/v2\/types\/page"}],"author":[{"embeddable":true,"href":"https:\/\/spinbetter.gift\/lu\/wp-json\/wp\/v2\/users\/1"}],"replies":[{"embeddable":true,"href":"https:\/\/spinbetter.gift\/lu\/wp-json\/wp\/v2\/comments?post=162"}],"version-history":[{"count":5,"href":"https:\/\/spinbetter.gift\/lu\/wp-json\/wp\/v2\/pages\/162\/revisions"}],"predecessor-version":[{"id":254,"href":"https:\/\/spinbetter.gift\/lu\/wp-json\/wp\/v2\/pages\/162\/revisions\/254"}],"wp:attachment":[{"href":"https:\/\/spinbetter.gift\/lu\/wp-json\/wp\/v2\/media?parent=162"}],"curies":[{"name":"wp","href":"https:\/\/api.w.org\/{rel}","templated":true}]}}