{"id":166,"date":"2025-02-14T09:09:08","date_gmt":"2025-02-14T09:09:08","guid":{"rendered":"https:\/\/spinbetter.gift\/hu\/?page_id=166"},"modified":"2025-03-19T09:04:53","modified_gmt":"2025-03-19T09:04:53","slug":"partners","status":"publish","type":"page","link":"https:\/\/spinbetter.gift\/hu\/partners\/","title":{"rendered":"Partnerek"},"content":{"rendered":"<p>&nbsp;<\/p>\n<p>&nbsp;<\/p>\n<p>&nbsp;<\/p>\n<p>&nbsp;<\/p>\n","protected":false},"excerpt":{"rendered":"<p>&nbsp; &nbsp; &nbsp; &nbsp;<\/p>\n","protected":false},"author":1,"featured_media":0,"parent":0,"menu_order":0,"comment_status":"closed","ping_status":"closed","template":"","meta":{"footnotes":""},"class_list":["post-166","page","type-page","status-publish","hentry"],"yoast_head":"<!-- This site is optimized with the Yoast SEO plugin v24.2 - https:\/\/yoast.com\/wordpress\/plugins\/seo\/ -->\n<title>Spinbetter partnerek passz\u00edv j\u00f6vedelem gener\u00e1l\u00e1s\u00e1ra<\/title>\n<meta name=\"description\" content=\"Vegyen r\u00e9szt a Spinbet partnerprogramban, hogy \u00faj felhaszn\u00e1l\u00f3kat vonzzon a szerencsej\u00e1t\u00e9kokhoz. Jutalmat kap!\" \/>\n<meta name=\"robots\" content=\"index, follow, max-snippet:-1, max-image-preview:large, max-video-preview:-1\" \/>\n<meta property=\"og:locale\" content=\"hu_HU\" \/>\n<meta property=\"og:type\" content=\"article\" \/>\n<meta property=\"og:title\" content=\"Spinbetter partnerek passz\u00edv j\u00f6vedelem gener\u00e1l\u00e1s\u00e1ra\" \/>\n<meta property=\"og:description\" content=\"Vegyen r\u00e9szt a Spinbet partnerprogramban, hogy \u00faj felhaszn\u00e1l\u00f3kat vonzzon a szerencsej\u00e1t\u00e9kokhoz. Jutalmat kap!\" \/>\n<meta property=\"og:url\" content=\"https:\/\/spinbetter.gift\/hu\/partners\/\" \/>\n<meta property=\"og:site_name\" content=\"Spinbetter Gift HU\" \/>\n<meta property=\"article:modified_time\" content=\"2025-03-19T09:04:53+00:00\" \/>\n<meta name=\"twitter:card\" content=\"summary_large_image\" \/>\n<script type=\"application\/ld+json\" class=\"yoast-schema-graph\">{\"@context\":\"https:\/\/schema.org\",\"@graph\":[{\"@type\":\"WebPage\",\"@id\":\"https:\/\/spinbetter.gift\/hu\/partners\/\",\"url\":\"https:\/\/spinbetter.gift\/hu\/partners\/\",\"name\":\"Spinbetter partnerek passz\u00edv j\u00f6vedelem gener\u00e1l\u00e1s\u00e1ra\",\"isPartOf\":{\"@id\":\"https:\/\/spinbetter.gift\/hu\/#website\"},\"datePublished\":\"2025-02-14T09:09:08+00:00\",\"dateModified\":\"2025-03-19T09:04:53+00:00\",\"description\":\"Vegyen r\u00e9szt a Spinbet partnerprogramban, hogy \u00faj felhaszn\u00e1l\u00f3kat vonzzon a szerencsej\u00e1t\u00e9kokhoz. Jutalmat kap!\",\"breadcrumb\":{\"@id\":\"https:\/\/spinbetter.gift\/hu\/partners\/#breadcrumb\"},\"inLanguage\":\"hu\",\"potentialAction\":[{\"@type\":\"ReadAction\",\"target\":[\"https:\/\/spinbetter.gift\/hu\/partners\/\"]}]},{\"@type\":\"BreadcrumbList\",\"@id\":\"https:\/\/spinbetter.gift\/hu\/partners\/#breadcrumb\",\"itemListElement\":[{\"@type\":\"ListItem\",\"position\":1,\"name\":\"\u0413\u043b\u0430\u0432\u043d\u0430\u044f \u0441\u0442\u0440\u0430\u043d\u0438\u0446\u0430\",\"item\":\"https:\/\/spinbetter.gift\/hu\/\"},{\"@type\":\"ListItem\",\"position\":2,\"name\":\"Partnerek\"}]},{\"@type\":\"WebSite\",\"@id\":\"https:\/\/spinbetter.gift\/hu\/#website\",\"url\":\"https:\/\/spinbetter.gift\/hu\/\",\"name\":\"Spinbetter Gift HU\",\"description\":\"My WordPress Blog\",\"potentialAction\":[{\"@type\":\"SearchAction\",\"target\":{\"@type\":\"EntryPoint\",\"urlTemplate\":\"https:\/\/spinbetter.gift\/hu\/?s={search_term_string}\"},\"query-input\":{\"@type\":\"PropertyValueSpecification\",\"valueRequired\":true,\"valueName\":\"search_term_string\"}}],\"inLanguage\":\"hu\"}]}<\/script>\n<!-- \/ Yoast SEO plugin. -->","yoast_head_json":{"title":"Spinbetter partnerek passz\u00edv j\u00f6vedelem gener\u00e1l\u00e1s\u00e1ra","description":"Vegyen r\u00e9szt a Spinbet partnerprogramban, hogy \u00faj felhaszn\u00e1l\u00f3kat vonzzon a szerencsej\u00e1t\u00e9kokhoz. Jutalmat kap!","robots":{"index":"index","follow":"follow","max-snippet":"max-snippet:-1","max-image-preview":"max-image-preview:large","max-video-preview":"max-video-preview:-1"},"og_locale":"hu_HU","og_type":"article","og_title":"Spinbetter partnerek passz\u00edv j\u00f6vedelem gener\u00e1l\u00e1s\u00e1ra","og_description":"Vegyen r\u00e9szt a Spinbet partnerprogramban, hogy \u00faj felhaszn\u00e1l\u00f3kat vonzzon a szerencsej\u00e1t\u00e9kokhoz. Jutalmat kap!","og_url":"https:\/\/spinbetter.gift\/hu\/partners\/","og_site_name":"Spinbetter Gift HU","article_modified_time":"2025-03-19T09:04:53+00:00","twitter_card":"summary_large_image","schema":{"@context":"https:\/\/schema.org","@graph":[{"@type":"WebPage","@id":"https:\/\/spinbetter.gift\/hu\/partners\/","url":"https:\/\/spinbetter.gift\/hu\/partners\/","name":"Spinbetter partnerek passz\u00edv j\u00f6vedelem gener\u00e1l\u00e1s\u00e1ra","isPartOf":{"@id":"https:\/\/spinbetter.gift\/hu\/#website"},"datePublished":"2025-02-14T09:09:08+00:00","dateModified":"2025-03-19T09:04:53+00:00","description":"Vegyen r\u00e9szt a Spinbet partnerprogramban, hogy \u00faj felhaszn\u00e1l\u00f3kat vonzzon a szerencsej\u00e1t\u00e9kokhoz. Jutalmat kap!","breadcrumb":{"@id":"https:\/\/spinbetter.gift\/hu\/partners\/#breadcrumb"},"inLanguage":"hu","potentialAction":[{"@type":"ReadAction","target":["https:\/\/spinbetter.gift\/hu\/partners\/"]}]},{"@type":"BreadcrumbList","@id":"https:\/\/spinbetter.gift\/hu\/partners\/#breadcrumb","itemListElement":[{"@type":"ListItem","position":1,"name":"\u0413\u043b\u0430\u0432\u043d\u0430\u044f \u0441\u0442\u0440\u0430\u043d\u0438\u0446\u0430","item":"https:\/\/spinbetter.gift\/hu\/"},{"@type":"ListItem","position":2,"name":"Partnerek"}]},{"@type":"WebSite","@id":"https:\/\/spinbetter.gift\/hu\/#website","url":"https:\/\/spinbetter.gift\/hu\/","name":"Spinbetter Gift HU","description":"My WordPress Blog","potentialAction":[{"@type":"SearchAction","target":{"@type":"EntryPoint","urlTemplate":"https:\/\/spinbetter.gift\/hu\/?s={search_term_string}"},"query-input":{"@type":"PropertyValueSpecification","valueRequired":true,"valueName":"search_term_string"}}],"inLanguage":"hu"}]}},"_links":{"self":[{"href":"https:\/\/spinbetter.gift\/hu\/wp-json\/wp\/v2\/pages\/166","targetHints":{"allow":["GET"]}}],"collection":[{"href":"https:\/\/spinbetter.gift\/hu\/wp-json\/wp\/v2\/pages"}],"about":[{"href":"https:\/\/spinbetter.gift\/hu\/wp-json\/wp\/v2\/types\/page"}],"author":[{"embeddable":true,"href":"https:\/\/spinbetter.gift\/hu\/wp-json\/wp\/v2\/users\/1"}],"replies":[{"embeddable":true,"href":"https:\/\/spinbetter.gift\/hu\/wp-json\/wp\/v2\/comments?post=166"}],"version-history":[{"count":8,"href":"https:\/\/spinbetter.gift\/hu\/wp-json\/wp\/v2\/pages\/166\/revisions"}],"predecessor-version":[{"id":255,"href":"https:\/\/spinbetter.gift\/hu\/wp-json\/wp\/v2\/pages\/166\/revisions\/255"}],"wp:attachment":[{"href":"https:\/\/spinbetter.gift\/hu\/wp-json\/wp\/v2\/media?parent=166"}],"curies":[{"name":"wp","href":"https:\/\/api.w.org\/{rel}","templated":true}]}}