{"id":160,"date":"2025-02-14T09:06:57","date_gmt":"2025-02-14T09:06:57","guid":{"rendered":"https:\/\/spinbetter.gift\/hu\/?page_id=160"},"modified":"2025-03-19T08:16:41","modified_gmt":"2025-03-19T08:16:41","slug":"registration","status":"publish","type":"page","link":"https:\/\/spinbetter.gift\/hu\/registration\/","title":{"rendered":"Bejegyz\u00e9s"},"content":{"rendered":"<p>&nbsp;<\/p>\n<p>&nbsp;<\/p>\n<p>&nbsp;<\/p>\n","protected":false},"excerpt":{"rendered":"<p>&nbsp; &nbsp; &nbsp;<\/p>\n","protected":false},"author":1,"featured_media":0,"parent":0,"menu_order":0,"comment_status":"closed","ping_status":"closed","template":"","meta":{"footnotes":""},"class_list":["post-160","page","type-page","status-publish","hentry"],"yoast_head":"<!-- This site is optimized with the Yoast SEO plugin v24.2 - https:\/\/yoast.com\/wordpress\/plugins\/seo\/ -->\n<title>Spinbetter \u00faj felhaszn\u00e1l\u00f3k regisztr\u00e1l\u00e1sa szerencsej\u00e1t\u00e9kokhoz<\/title>\n<meta name=\"description\" content=\"V\u00e9gezze el a Spinbetter regisztr\u00e1ci\u00f3t, \u00e9s hozz\u00e1f\u00e9rjen a platform teljes funkci\u00f3j\u00e1hoz. T\u00f6ltsd ki a k\u00e9rd\u0151\u00edvet, hogy t\u00f6rzsv\u00e1s\u00e1rl\u00f3v\u00e1 v\u00e1lj.\" \/>\n<meta name=\"robots\" content=\"index, follow, max-snippet:-1, max-image-preview:large, max-video-preview:-1\" \/>\n<meta property=\"og:locale\" content=\"hu_HU\" \/>\n<meta property=\"og:type\" content=\"article\" \/>\n<meta property=\"og:title\" content=\"Spinbetter \u00faj felhaszn\u00e1l\u00f3k regisztr\u00e1l\u00e1sa szerencsej\u00e1t\u00e9kokhoz\" \/>\n<meta property=\"og:description\" content=\"V\u00e9gezze el a Spinbetter regisztr\u00e1ci\u00f3t, \u00e9s hozz\u00e1f\u00e9rjen a platform teljes funkci\u00f3j\u00e1hoz. T\u00f6ltsd ki a k\u00e9rd\u0151\u00edvet, hogy t\u00f6rzsv\u00e1s\u00e1rl\u00f3v\u00e1 v\u00e1lj.\" \/>\n<meta property=\"og:url\" content=\"https:\/\/spinbetter.gift\/hu\/registration\/\" \/>\n<meta property=\"og:site_name\" content=\"Spinbetter Gift HU\" \/>\n<meta property=\"article:modified_time\" content=\"2025-03-19T08:16:41+00:00\" \/>\n<meta name=\"twitter:card\" content=\"summary_large_image\" \/>\n<script type=\"application\/ld+json\" class=\"yoast-schema-graph\">{\"@context\":\"https:\/\/schema.org\",\"@graph\":[{\"@type\":\"WebPage\",\"@id\":\"https:\/\/spinbetter.gift\/hu\/registration\/\",\"url\":\"https:\/\/spinbetter.gift\/hu\/registration\/\",\"name\":\"Spinbetter \u00faj felhaszn\u00e1l\u00f3k regisztr\u00e1l\u00e1sa szerencsej\u00e1t\u00e9kokhoz\",\"isPartOf\":{\"@id\":\"https:\/\/spinbetter.gift\/hu\/#website\"},\"datePublished\":\"2025-02-14T09:06:57+00:00\",\"dateModified\":\"2025-03-19T08:16:41+00:00\",\"description\":\"V\u00e9gezze el a Spinbetter regisztr\u00e1ci\u00f3t, \u00e9s hozz\u00e1f\u00e9rjen a platform teljes funkci\u00f3j\u00e1hoz. T\u00f6ltsd ki a k\u00e9rd\u0151\u00edvet, hogy t\u00f6rzsv\u00e1s\u00e1rl\u00f3v\u00e1 v\u00e1lj.\",\"breadcrumb\":{\"@id\":\"https:\/\/spinbetter.gift\/hu\/registration\/#breadcrumb\"},\"inLanguage\":\"hu\",\"potentialAction\":[{\"@type\":\"ReadAction\",\"target\":[\"https:\/\/spinbetter.gift\/hu\/registration\/\"]}]},{\"@type\":\"BreadcrumbList\",\"@id\":\"https:\/\/spinbetter.gift\/hu\/registration\/#breadcrumb\",\"itemListElement\":[{\"@type\":\"ListItem\",\"position\":1,\"name\":\"\u0413\u043b\u0430\u0432\u043d\u0430\u044f \u0441\u0442\u0440\u0430\u043d\u0438\u0446\u0430\",\"item\":\"https:\/\/spinbetter.gift\/hu\/\"},{\"@type\":\"ListItem\",\"position\":2,\"name\":\"Bejegyz\u00e9s\"}]},{\"@type\":\"WebSite\",\"@id\":\"https:\/\/spinbetter.gift\/hu\/#website\",\"url\":\"https:\/\/spinbetter.gift\/hu\/\",\"name\":\"Spinbetter Gift HU\",\"description\":\"My WordPress Blog\",\"potentialAction\":[{\"@type\":\"SearchAction\",\"target\":{\"@type\":\"EntryPoint\",\"urlTemplate\":\"https:\/\/spinbetter.gift\/hu\/?s={search_term_string}\"},\"query-input\":{\"@type\":\"PropertyValueSpecification\",\"valueRequired\":true,\"valueName\":\"search_term_string\"}}],\"inLanguage\":\"hu\"}]}<\/script>\n<!-- \/ Yoast SEO plugin. -->","yoast_head_json":{"title":"Spinbetter \u00faj felhaszn\u00e1l\u00f3k regisztr\u00e1l\u00e1sa szerencsej\u00e1t\u00e9kokhoz","description":"V\u00e9gezze el a Spinbetter regisztr\u00e1ci\u00f3t, \u00e9s hozz\u00e1f\u00e9rjen a platform teljes funkci\u00f3j\u00e1hoz. T\u00f6ltsd ki a k\u00e9rd\u0151\u00edvet, hogy t\u00f6rzsv\u00e1s\u00e1rl\u00f3v\u00e1 v\u00e1lj.","robots":{"index":"index","follow":"follow","max-snippet":"max-snippet:-1","max-image-preview":"max-image-preview:large","max-video-preview":"max-video-preview:-1"},"og_locale":"hu_HU","og_type":"article","og_title":"Spinbetter \u00faj felhaszn\u00e1l\u00f3k regisztr\u00e1l\u00e1sa szerencsej\u00e1t\u00e9kokhoz","og_description":"V\u00e9gezze el a Spinbetter regisztr\u00e1ci\u00f3t, \u00e9s hozz\u00e1f\u00e9rjen a platform teljes funkci\u00f3j\u00e1hoz. T\u00f6ltsd ki a k\u00e9rd\u0151\u00edvet, hogy t\u00f6rzsv\u00e1s\u00e1rl\u00f3v\u00e1 v\u00e1lj.","og_url":"https:\/\/spinbetter.gift\/hu\/registration\/","og_site_name":"Spinbetter Gift HU","article_modified_time":"2025-03-19T08:16:41+00:00","twitter_card":"summary_large_image","schema":{"@context":"https:\/\/schema.org","@graph":[{"@type":"WebPage","@id":"https:\/\/spinbetter.gift\/hu\/registration\/","url":"https:\/\/spinbetter.gift\/hu\/registration\/","name":"Spinbetter \u00faj felhaszn\u00e1l\u00f3k regisztr\u00e1l\u00e1sa szerencsej\u00e1t\u00e9kokhoz","isPartOf":{"@id":"https:\/\/spinbetter.gift\/hu\/#website"},"datePublished":"2025-02-14T09:06:57+00:00","dateModified":"2025-03-19T08:16:41+00:00","description":"V\u00e9gezze el a Spinbetter regisztr\u00e1ci\u00f3t, \u00e9s hozz\u00e1f\u00e9rjen a platform teljes funkci\u00f3j\u00e1hoz. T\u00f6ltsd ki a k\u00e9rd\u0151\u00edvet, hogy t\u00f6rzsv\u00e1s\u00e1rl\u00f3v\u00e1 v\u00e1lj.","breadcrumb":{"@id":"https:\/\/spinbetter.gift\/hu\/registration\/#breadcrumb"},"inLanguage":"hu","potentialAction":[{"@type":"ReadAction","target":["https:\/\/spinbetter.gift\/hu\/registration\/"]}]},{"@type":"BreadcrumbList","@id":"https:\/\/spinbetter.gift\/hu\/registration\/#breadcrumb","itemListElement":[{"@type":"ListItem","position":1,"name":"\u0413\u043b\u0430\u0432\u043d\u0430\u044f \u0441\u0442\u0440\u0430\u043d\u0438\u0446\u0430","item":"https:\/\/spinbetter.gift\/hu\/"},{"@type":"ListItem","position":2,"name":"Bejegyz\u00e9s"}]},{"@type":"WebSite","@id":"https:\/\/spinbetter.gift\/hu\/#website","url":"https:\/\/spinbetter.gift\/hu\/","name":"Spinbetter Gift HU","description":"My WordPress Blog","potentialAction":[{"@type":"SearchAction","target":{"@type":"EntryPoint","urlTemplate":"https:\/\/spinbetter.gift\/hu\/?s={search_term_string}"},"query-input":{"@type":"PropertyValueSpecification","valueRequired":true,"valueName":"search_term_string"}}],"inLanguage":"hu"}]}},"_links":{"self":[{"href":"https:\/\/spinbetter.gift\/hu\/wp-json\/wp\/v2\/pages\/160","targetHints":{"allow":["GET"]}}],"collection":[{"href":"https:\/\/spinbetter.gift\/hu\/wp-json\/wp\/v2\/pages"}],"about":[{"href":"https:\/\/spinbetter.gift\/hu\/wp-json\/wp\/v2\/types\/page"}],"author":[{"embeddable":true,"href":"https:\/\/spinbetter.gift\/hu\/wp-json\/wp\/v2\/users\/1"}],"replies":[{"embeddable":true,"href":"https:\/\/spinbetter.gift\/hu\/wp-json\/wp\/v2\/comments?post=160"}],"version-history":[{"count":6,"href":"https:\/\/spinbetter.gift\/hu\/wp-json\/wp\/v2\/pages\/160\/revisions"}],"predecessor-version":[{"id":252,"href":"https:\/\/spinbetter.gift\/hu\/wp-json\/wp\/v2\/pages\/160\/revisions\/252"}],"wp:attachment":[{"href":"https:\/\/spinbetter.gift\/hu\/wp-json\/wp\/v2\/media?parent=160"}],"curies":[{"name":"wp","href":"https:\/\/api.w.org\/{rel}","templated":true}]}}