{"id":267,"date":"2025-07-15T11:23:18","date_gmt":"2025-07-15T11:23:18","guid":{"rendered":"https:\/\/spinbetter.gift\/fr\/?page_id=267"},"modified":"2025-07-15T11:23:28","modified_gmt":"2025-07-15T11:23:28","slug":"spinbetter-welcome-pack","status":"publish","type":"page","link":"https:\/\/spinbetter.gift\/fr\/bonus\/spinbetter-welcome-pack\/","title":{"rendered":"Pack de bienvenue SpinBetter"},"content":{"rendered":"","protected":false},"excerpt":{"rendered":"","protected":false},"author":1,"featured_media":0,"parent":152,"menu_order":0,"comment_status":"closed","ping_status":"closed","template":"","meta":{"footnotes":""},"class_list":["post-267","page","type-page","status-publish","hentry"],"yoast_head":"<!-- This site is optimized with the Yoast SEO plugin v24.2 - https:\/\/yoast.com\/wordpress\/plugins\/seo\/ -->\n<title>Pack de bienvenue SpinBetter | jusqu&#039;\u00e0 1\u00a0500 EUR + 150 FS<\/title>\n<meta name=\"description\" content=\"Inscrivez-vous et recevez jusqu&#039;\u00e0 1\u00a0500\u00a0EUR de bonus et 150\u00a0tours gratuits\u00a0! Effectuez des d\u00e9p\u00f4ts et profitez pleinement des machines \u00e0 sous avec le casino SpinBetter.\" \/>\n<meta name=\"robots\" content=\"noindex, follow, max-snippet:-1, max-image-preview:large, max-video-preview:-1\" \/>\n<meta property=\"og:locale\" content=\"fr_FR\" \/>\n<meta property=\"og:type\" content=\"article\" \/>\n<meta property=\"og:title\" content=\"Pack de bienvenue SpinBetter | jusqu&#039;\u00e0 1\u00a0500 EUR + 150 FS\" \/>\n<meta property=\"og:description\" content=\"Inscrivez-vous et recevez jusqu&#039;\u00e0 1\u00a0500\u00a0EUR de bonus et 150\u00a0tours gratuits\u00a0! Effectuez des d\u00e9p\u00f4ts et profitez pleinement des machines \u00e0 sous avec le casino SpinBetter.\" \/>\n<meta property=\"og:url\" content=\"https:\/\/spinbetter.gift\/fr\/bonus\/spinbetter-welcome-pack\/\" \/>\n<meta property=\"og:site_name\" content=\"Spinbetter Gift FR\" \/>\n<meta property=\"article:modified_time\" content=\"2025-07-15T11:23:28+00:00\" \/>\n<meta name=\"twitter:card\" content=\"summary_large_image\" \/>\n<script type=\"application\/ld+json\" class=\"yoast-schema-graph\">{\"@context\":\"https:\/\/schema.org\",\"@graph\":[{\"@type\":\"WebPage\",\"@id\":\"https:\/\/spinbetter.gift\/fr\/bonus\/spinbetter-welcome-pack\/\",\"url\":\"https:\/\/spinbetter.gift\/fr\/bonus\/spinbetter-welcome-pack\/\",\"name\":\"Pack de bienvenue SpinBetter | jusqu'\u00e0 1\u00a0500 EUR + 150 FS\",\"isPartOf\":{\"@id\":\"https:\/\/spinbetter.gift\/fr\/#website\"},\"datePublished\":\"2025-07-15T11:23:18+00:00\",\"dateModified\":\"2025-07-15T11:23:28+00:00\",\"description\":\"Inscrivez-vous et recevez jusqu'\u00e0 1\u00a0500\u00a0EUR de bonus et 150\u00a0tours gratuits\u00a0! Effectuez des d\u00e9p\u00f4ts et profitez pleinement des machines \u00e0 sous avec le casino SpinBetter.\",\"breadcrumb\":{\"@id\":\"https:\/\/spinbetter.gift\/fr\/bonus\/spinbetter-welcome-pack\/#breadcrumb\"},\"inLanguage\":\"fr-FR\",\"potentialAction\":[{\"@type\":\"ReadAction\",\"target\":[\"https:\/\/spinbetter.gift\/fr\/bonus\/spinbetter-welcome-pack\/\"]}]},{\"@type\":\"BreadcrumbList\",\"@id\":\"https:\/\/spinbetter.gift\/fr\/bonus\/spinbetter-welcome-pack\/#breadcrumb\",\"itemListElement\":[{\"@type\":\"ListItem\",\"position\":1,\"name\":\"\u0413\u043b\u0430\u0432\u043d\u0430\u044f \u0441\u0442\u0440\u0430\u043d\u0438\u0446\u0430\",\"item\":\"https:\/\/spinbetter.gift\/fr\/\"},{\"@type\":\"ListItem\",\"position\":2,\"name\":\"Prime\",\"item\":\"https:\/\/spinbetter.gift\/fr\/bonus\/\"},{\"@type\":\"ListItem\",\"position\":3,\"name\":\"Pack de bienvenue SpinBetter\"}]},{\"@type\":\"WebSite\",\"@id\":\"https:\/\/spinbetter.gift\/fr\/#website\",\"url\":\"https:\/\/spinbetter.gift\/fr\/\",\"name\":\"Spinbetter Gift FR\",\"description\":\"My WordPress Blog\",\"potentialAction\":[{\"@type\":\"SearchAction\",\"target\":{\"@type\":\"EntryPoint\",\"urlTemplate\":\"https:\/\/spinbetter.gift\/fr\/?s={search_term_string}\"},\"query-input\":{\"@type\":\"PropertyValueSpecification\",\"valueRequired\":true,\"valueName\":\"search_term_string\"}}],\"inLanguage\":\"fr-FR\"}]}<\/script>\n<!-- \/ Yoast SEO plugin. -->","yoast_head_json":{"title":"Pack de bienvenue SpinBetter | jusqu'\u00e0 1\u00a0500 EUR + 150 FS","description":"Inscrivez-vous et recevez jusqu'\u00e0 1\u00a0500\u00a0EUR de bonus et 150\u00a0tours gratuits\u00a0! Effectuez des d\u00e9p\u00f4ts et profitez pleinement des machines \u00e0 sous avec le casino SpinBetter.","robots":{"index":"noindex","follow":"follow","max-snippet":"max-snippet:-1","max-image-preview":"max-image-preview:large","max-video-preview":"max-video-preview:-1"},"og_locale":"fr_FR","og_type":"article","og_title":"Pack de bienvenue SpinBetter | jusqu'\u00e0 1\u00a0500 EUR + 150 FS","og_description":"Inscrivez-vous et recevez jusqu'\u00e0 1\u00a0500\u00a0EUR de bonus et 150\u00a0tours gratuits\u00a0! Effectuez des d\u00e9p\u00f4ts et profitez pleinement des machines \u00e0 sous avec le casino SpinBetter.","og_url":"https:\/\/spinbetter.gift\/fr\/bonus\/spinbetter-welcome-pack\/","og_site_name":"Spinbetter Gift FR","article_modified_time":"2025-07-15T11:23:28+00:00","twitter_card":"summary_large_image","schema":{"@context":"https:\/\/schema.org","@graph":[{"@type":"WebPage","@id":"https:\/\/spinbetter.gift\/fr\/bonus\/spinbetter-welcome-pack\/","url":"https:\/\/spinbetter.gift\/fr\/bonus\/spinbetter-welcome-pack\/","name":"Pack de bienvenue SpinBetter | jusqu'\u00e0 1\u00a0500 EUR + 150 FS","isPartOf":{"@id":"https:\/\/spinbetter.gift\/fr\/#website"},"datePublished":"2025-07-15T11:23:18+00:00","dateModified":"2025-07-15T11:23:28+00:00","description":"Inscrivez-vous et recevez jusqu'\u00e0 1\u00a0500\u00a0EUR de bonus et 150\u00a0tours gratuits\u00a0! Effectuez des d\u00e9p\u00f4ts et profitez pleinement des machines \u00e0 sous avec le casino SpinBetter.","breadcrumb":{"@id":"https:\/\/spinbetter.gift\/fr\/bonus\/spinbetter-welcome-pack\/#breadcrumb"},"inLanguage":"fr-FR","potentialAction":[{"@type":"ReadAction","target":["https:\/\/spinbetter.gift\/fr\/bonus\/spinbetter-welcome-pack\/"]}]},{"@type":"BreadcrumbList","@id":"https:\/\/spinbetter.gift\/fr\/bonus\/spinbetter-welcome-pack\/#breadcrumb","itemListElement":[{"@type":"ListItem","position":1,"name":"\u0413\u043b\u0430\u0432\u043d\u0430\u044f \u0441\u0442\u0440\u0430\u043d\u0438\u0446\u0430","item":"https:\/\/spinbetter.gift\/fr\/"},{"@type":"ListItem","position":2,"name":"Prime","item":"https:\/\/spinbetter.gift\/fr\/bonus\/"},{"@type":"ListItem","position":3,"name":"Pack de bienvenue SpinBetter"}]},{"@type":"WebSite","@id":"https:\/\/spinbetter.gift\/fr\/#website","url":"https:\/\/spinbetter.gift\/fr\/","name":"Spinbetter Gift FR","description":"My WordPress Blog","potentialAction":[{"@type":"SearchAction","target":{"@type":"EntryPoint","urlTemplate":"https:\/\/spinbetter.gift\/fr\/?s={search_term_string}"},"query-input":{"@type":"PropertyValueSpecification","valueRequired":true,"valueName":"search_term_string"}}],"inLanguage":"fr-FR"}]}},"_links":{"self":[{"href":"https:\/\/spinbetter.gift\/fr\/wp-json\/wp\/v2\/pages\/267","targetHints":{"allow":["GET"]}}],"collection":[{"href":"https:\/\/spinbetter.gift\/fr\/wp-json\/wp\/v2\/pages"}],"about":[{"href":"https:\/\/spinbetter.gift\/fr\/wp-json\/wp\/v2\/types\/page"}],"author":[{"embeddable":true,"href":"https:\/\/spinbetter.gift\/fr\/wp-json\/wp\/v2\/users\/1"}],"replies":[{"embeddable":true,"href":"https:\/\/spinbetter.gift\/fr\/wp-json\/wp\/v2\/comments?post=267"}],"version-history":[{"count":1,"href":"https:\/\/spinbetter.gift\/fr\/wp-json\/wp\/v2\/pages\/267\/revisions"}],"predecessor-version":[{"id":268,"href":"https:\/\/spinbetter.gift\/fr\/wp-json\/wp\/v2\/pages\/267\/revisions\/268"}],"up":[{"embeddable":true,"href":"https:\/\/spinbetter.gift\/fr\/wp-json\/wp\/v2\/pages\/152"}],"wp:attachment":[{"href":"https:\/\/spinbetter.gift\/fr\/wp-json\/wp\/v2\/media?parent=267"}],"curies":[{"name":"wp","href":"https:\/\/api.w.org\/{rel}","templated":true}]}}