{"id":162,"date":"2025-02-14T09:07:36","date_gmt":"2025-02-14T09:07:36","guid":{"rendered":"https:\/\/spinbetter.gift\/fr\/?page_id=162"},"modified":"2025-03-04T19:32:48","modified_gmt":"2025-03-04T19:32:48","slug":"login","status":"publish","type":"page","link":"https:\/\/spinbetter.gift\/fr\/login\/","title":{"rendered":"Se connecter"},"content":{"rendered":"<p>&nbsp;<\/p>\n<p>&nbsp;<\/p>\n<p>&nbsp;<\/p>\n","protected":false},"excerpt":{"rendered":"<p>&nbsp; &nbsp; &nbsp;<\/p>\n","protected":false},"author":1,"featured_media":0,"parent":0,"menu_order":0,"comment_status":"closed","ping_status":"closed","template":"","meta":{"footnotes":""},"class_list":["post-162","page","type-page","status-publish","hentry"],"yoast_head":"<!-- This site is optimized with the Yoast SEO plugin v24.2 - https:\/\/yoast.com\/wordpress\/plugins\/seo\/ -->\n<title>Connexion \u00e0 Spinbetter depuis un appareil mobile ou un ordinateur<\/title>\n<meta name=\"description\" content=\"Connectez-vous au casino Spinbetter pour acc\u00e9der \u00e0 votre compte personnel et acc\u00e9der aux jeux. Utilisez le login et le mot de passe saisis lors de votre inscription sur la plateforme.\" \/>\n<meta name=\"robots\" content=\"noindex, follow, max-snippet:-1, max-image-preview:large, max-video-preview:-1\" \/>\n<meta property=\"og:locale\" content=\"fr_FR\" \/>\n<meta property=\"og:type\" content=\"article\" \/>\n<meta property=\"og:title\" content=\"Connexion \u00e0 Spinbetter depuis un appareil mobile ou un ordinateur\" \/>\n<meta property=\"og:description\" content=\"Connectez-vous au casino Spinbetter pour acc\u00e9der \u00e0 votre compte personnel et acc\u00e9der aux jeux. Utilisez le login et le mot de passe saisis lors de votre inscription sur la plateforme.\" \/>\n<meta property=\"og:url\" content=\"https:\/\/spinbetter.gift\/fr\/login\/\" \/>\n<meta property=\"og:site_name\" content=\"Spinbetter Gift FR\" \/>\n<meta property=\"article:modified_time\" content=\"2025-03-04T19:32:48+00:00\" \/>\n<meta name=\"twitter:card\" content=\"summary_large_image\" \/>\n<script type=\"application\/ld+json\" class=\"yoast-schema-graph\">{\"@context\":\"https:\/\/schema.org\",\"@graph\":[{\"@type\":\"WebPage\",\"@id\":\"https:\/\/spinbetter.gift\/fr\/login\/\",\"url\":\"https:\/\/spinbetter.gift\/fr\/login\/\",\"name\":\"Connexion \u00e0 Spinbetter depuis un appareil mobile ou un ordinateur\",\"isPartOf\":{\"@id\":\"https:\/\/spinbetter.gift\/fr\/#website\"},\"datePublished\":\"2025-02-14T09:07:36+00:00\",\"dateModified\":\"2025-03-04T19:32:48+00:00\",\"description\":\"Connectez-vous au casino Spinbetter pour acc\u00e9der \u00e0 votre compte personnel et acc\u00e9der aux jeux. Utilisez le login et le mot de passe saisis lors de votre inscription sur la plateforme.\",\"breadcrumb\":{\"@id\":\"https:\/\/spinbetter.gift\/fr\/login\/#breadcrumb\"},\"inLanguage\":\"fr-FR\",\"potentialAction\":[{\"@type\":\"ReadAction\",\"target\":[\"https:\/\/spinbetter.gift\/fr\/login\/\"]}]},{\"@type\":\"BreadcrumbList\",\"@id\":\"https:\/\/spinbetter.gift\/fr\/login\/#breadcrumb\",\"itemListElement\":[{\"@type\":\"ListItem\",\"position\":1,\"name\":\"\u0413\u043b\u0430\u0432\u043d\u0430\u044f \u0441\u0442\u0440\u0430\u043d\u0438\u0446\u0430\",\"item\":\"https:\/\/spinbetter.gift\/fr\/\"},{\"@type\":\"ListItem\",\"position\":2,\"name\":\"Se connecter\"}]},{\"@type\":\"WebSite\",\"@id\":\"https:\/\/spinbetter.gift\/fr\/#website\",\"url\":\"https:\/\/spinbetter.gift\/fr\/\",\"name\":\"Spinbetter Gift FR\",\"description\":\"My WordPress Blog\",\"potentialAction\":[{\"@type\":\"SearchAction\",\"target\":{\"@type\":\"EntryPoint\",\"urlTemplate\":\"https:\/\/spinbetter.gift\/fr\/?s={search_term_string}\"},\"query-input\":{\"@type\":\"PropertyValueSpecification\",\"valueRequired\":true,\"valueName\":\"search_term_string\"}}],\"inLanguage\":\"fr-FR\"}]}<\/script>\n<!-- \/ Yoast SEO plugin. -->","yoast_head_json":{"title":"Connexion \u00e0 Spinbetter depuis un appareil mobile ou un ordinateur","description":"Connectez-vous au casino Spinbetter pour acc\u00e9der \u00e0 votre compte personnel et acc\u00e9der aux jeux. Utilisez le login et le mot de passe saisis lors de votre inscription sur la plateforme.","robots":{"index":"noindex","follow":"follow","max-snippet":"max-snippet:-1","max-image-preview":"max-image-preview:large","max-video-preview":"max-video-preview:-1"},"og_locale":"fr_FR","og_type":"article","og_title":"Connexion \u00e0 Spinbetter depuis un appareil mobile ou un ordinateur","og_description":"Connectez-vous au casino Spinbetter pour acc\u00e9der \u00e0 votre compte personnel et acc\u00e9der aux jeux. Utilisez le login et le mot de passe saisis lors de votre inscription sur la plateforme.","og_url":"https:\/\/spinbetter.gift\/fr\/login\/","og_site_name":"Spinbetter Gift FR","article_modified_time":"2025-03-04T19:32:48+00:00","twitter_card":"summary_large_image","schema":{"@context":"https:\/\/schema.org","@graph":[{"@type":"WebPage","@id":"https:\/\/spinbetter.gift\/fr\/login\/","url":"https:\/\/spinbetter.gift\/fr\/login\/","name":"Connexion \u00e0 Spinbetter depuis un appareil mobile ou un ordinateur","isPartOf":{"@id":"https:\/\/spinbetter.gift\/fr\/#website"},"datePublished":"2025-02-14T09:07:36+00:00","dateModified":"2025-03-04T19:32:48+00:00","description":"Connectez-vous au casino Spinbetter pour acc\u00e9der \u00e0 votre compte personnel et acc\u00e9der aux jeux. Utilisez le login et le mot de passe saisis lors de votre inscription sur la plateforme.","breadcrumb":{"@id":"https:\/\/spinbetter.gift\/fr\/login\/#breadcrumb"},"inLanguage":"fr-FR","potentialAction":[{"@type":"ReadAction","target":["https:\/\/spinbetter.gift\/fr\/login\/"]}]},{"@type":"BreadcrumbList","@id":"https:\/\/spinbetter.gift\/fr\/login\/#breadcrumb","itemListElement":[{"@type":"ListItem","position":1,"name":"\u0413\u043b\u0430\u0432\u043d\u0430\u044f \u0441\u0442\u0440\u0430\u043d\u0438\u0446\u0430","item":"https:\/\/spinbetter.gift\/fr\/"},{"@type":"ListItem","position":2,"name":"Se connecter"}]},{"@type":"WebSite","@id":"https:\/\/spinbetter.gift\/fr\/#website","url":"https:\/\/spinbetter.gift\/fr\/","name":"Spinbetter Gift FR","description":"My WordPress Blog","potentialAction":[{"@type":"SearchAction","target":{"@type":"EntryPoint","urlTemplate":"https:\/\/spinbetter.gift\/fr\/?s={search_term_string}"},"query-input":{"@type":"PropertyValueSpecification","valueRequired":true,"valueName":"search_term_string"}}],"inLanguage":"fr-FR"}]}},"_links":{"self":[{"href":"https:\/\/spinbetter.gift\/fr\/wp-json\/wp\/v2\/pages\/162","targetHints":{"allow":["GET"]}}],"collection":[{"href":"https:\/\/spinbetter.gift\/fr\/wp-json\/wp\/v2\/pages"}],"about":[{"href":"https:\/\/spinbetter.gift\/fr\/wp-json\/wp\/v2\/types\/page"}],"author":[{"embeddable":true,"href":"https:\/\/spinbetter.gift\/fr\/wp-json\/wp\/v2\/users\/1"}],"replies":[{"embeddable":true,"href":"https:\/\/spinbetter.gift\/fr\/wp-json\/wp\/v2\/comments?post=162"}],"version-history":[{"count":7,"href":"https:\/\/spinbetter.gift\/fr\/wp-json\/wp\/v2\/pages\/162\/revisions"}],"predecessor-version":[{"id":252,"href":"https:\/\/spinbetter.gift\/fr\/wp-json\/wp\/v2\/pages\/162\/revisions\/252"}],"wp:attachment":[{"href":"https:\/\/spinbetter.gift\/fr\/wp-json\/wp\/v2\/media?parent=162"}],"curies":[{"name":"wp","href":"https:\/\/api.w.org\/{rel}","templated":true}]}}