{"id":160,"date":"2025-02-14T09:06:57","date_gmt":"2025-02-14T09:06:57","guid":{"rendered":"https:\/\/spinbetter.gift\/fr\/?page_id=160"},"modified":"2025-03-04T10:49:13","modified_gmt":"2025-03-04T10:49:13","slug":"registration","status":"publish","type":"page","link":"https:\/\/spinbetter.gift\/fr\/registration\/","title":{"rendered":"Inscription"},"content":{"rendered":"<p>&nbsp;<\/p>\n<p>&nbsp;<\/p>\n<p>&nbsp;<\/p>\n","protected":false},"excerpt":{"rendered":"<p>&nbsp; &nbsp; &nbsp;<\/p>\n","protected":false},"author":1,"featured_media":0,"parent":0,"menu_order":0,"comment_status":"closed","ping_status":"closed","template":"","meta":{"footnotes":""},"class_list":["post-160","page","type-page","status-publish","hentry"],"yoast_head":"<!-- This site is optimized with the Yoast SEO plugin v24.2 - https:\/\/yoast.com\/wordpress\/plugins\/seo\/ -->\n<title>Enregistrement de nouveaux utilisateurs pour les jeux de hasard sur Spinbetter<\/title>\n<meta name=\"description\" content=\"Inscrivez-vous sur Spinbetter et acc\u00e9dez \u00e0 toutes les fonctionnalit\u00e9s de la plateforme. Remplissez le questionnaire pour devenir un client r\u00e9gulier.\" \/>\n<meta name=\"robots\" content=\"noindex, follow, max-snippet:-1, max-image-preview:large, max-video-preview:-1\" \/>\n<meta property=\"og:locale\" content=\"fr_FR\" \/>\n<meta property=\"og:type\" content=\"article\" \/>\n<meta property=\"og:title\" content=\"Enregistrement de nouveaux utilisateurs pour les jeux de hasard sur Spinbetter\" \/>\n<meta property=\"og:description\" content=\"Inscrivez-vous sur Spinbetter et acc\u00e9dez \u00e0 toutes les fonctionnalit\u00e9s de la plateforme. Remplissez le questionnaire pour devenir un client r\u00e9gulier.\" \/>\n<meta property=\"og:url\" content=\"https:\/\/spinbetter.gift\/fr\/registration\/\" \/>\n<meta property=\"og:site_name\" content=\"Spinbetter Gift FR\" \/>\n<meta property=\"article:modified_time\" content=\"2025-03-04T10:49:13+00:00\" \/>\n<meta name=\"twitter:card\" content=\"summary_large_image\" \/>\n<script type=\"application\/ld+json\" class=\"yoast-schema-graph\">{\"@context\":\"https:\/\/schema.org\",\"@graph\":[{\"@type\":\"WebPage\",\"@id\":\"https:\/\/spinbetter.gift\/fr\/registration\/\",\"url\":\"https:\/\/spinbetter.gift\/fr\/registration\/\",\"name\":\"Enregistrement de nouveaux utilisateurs pour les jeux de hasard sur Spinbetter\",\"isPartOf\":{\"@id\":\"https:\/\/spinbetter.gift\/fr\/#website\"},\"datePublished\":\"2025-02-14T09:06:57+00:00\",\"dateModified\":\"2025-03-04T10:49:13+00:00\",\"description\":\"Inscrivez-vous sur Spinbetter et acc\u00e9dez \u00e0 toutes les fonctionnalit\u00e9s de la plateforme. Remplissez le questionnaire pour devenir un client r\u00e9gulier.\",\"breadcrumb\":{\"@id\":\"https:\/\/spinbetter.gift\/fr\/registration\/#breadcrumb\"},\"inLanguage\":\"fr-FR\",\"potentialAction\":[{\"@type\":\"ReadAction\",\"target\":[\"https:\/\/spinbetter.gift\/fr\/registration\/\"]}]},{\"@type\":\"BreadcrumbList\",\"@id\":\"https:\/\/spinbetter.gift\/fr\/registration\/#breadcrumb\",\"itemListElement\":[{\"@type\":\"ListItem\",\"position\":1,\"name\":\"\u0413\u043b\u0430\u0432\u043d\u0430\u044f \u0441\u0442\u0440\u0430\u043d\u0438\u0446\u0430\",\"item\":\"https:\/\/spinbetter.gift\/fr\/\"},{\"@type\":\"ListItem\",\"position\":2,\"name\":\"Inscription\"}]},{\"@type\":\"WebSite\",\"@id\":\"https:\/\/spinbetter.gift\/fr\/#website\",\"url\":\"https:\/\/spinbetter.gift\/fr\/\",\"name\":\"Spinbetter Gift FR\",\"description\":\"My WordPress Blog\",\"potentialAction\":[{\"@type\":\"SearchAction\",\"target\":{\"@type\":\"EntryPoint\",\"urlTemplate\":\"https:\/\/spinbetter.gift\/fr\/?s={search_term_string}\"},\"query-input\":{\"@type\":\"PropertyValueSpecification\",\"valueRequired\":true,\"valueName\":\"search_term_string\"}}],\"inLanguage\":\"fr-FR\"}]}<\/script>\n<!-- \/ Yoast SEO plugin. -->","yoast_head_json":{"title":"Enregistrement de nouveaux utilisateurs pour les jeux de hasard sur Spinbetter","description":"Inscrivez-vous sur Spinbetter et acc\u00e9dez \u00e0 toutes les fonctionnalit\u00e9s de la plateforme. Remplissez le questionnaire pour devenir un client r\u00e9gulier.","robots":{"index":"noindex","follow":"follow","max-snippet":"max-snippet:-1","max-image-preview":"max-image-preview:large","max-video-preview":"max-video-preview:-1"},"og_locale":"fr_FR","og_type":"article","og_title":"Enregistrement de nouveaux utilisateurs pour les jeux de hasard sur Spinbetter","og_description":"Inscrivez-vous sur Spinbetter et acc\u00e9dez \u00e0 toutes les fonctionnalit\u00e9s de la plateforme. Remplissez le questionnaire pour devenir un client r\u00e9gulier.","og_url":"https:\/\/spinbetter.gift\/fr\/registration\/","og_site_name":"Spinbetter Gift FR","article_modified_time":"2025-03-04T10:49:13+00:00","twitter_card":"summary_large_image","schema":{"@context":"https:\/\/schema.org","@graph":[{"@type":"WebPage","@id":"https:\/\/spinbetter.gift\/fr\/registration\/","url":"https:\/\/spinbetter.gift\/fr\/registration\/","name":"Enregistrement de nouveaux utilisateurs pour les jeux de hasard sur Spinbetter","isPartOf":{"@id":"https:\/\/spinbetter.gift\/fr\/#website"},"datePublished":"2025-02-14T09:06:57+00:00","dateModified":"2025-03-04T10:49:13+00:00","description":"Inscrivez-vous sur Spinbetter et acc\u00e9dez \u00e0 toutes les fonctionnalit\u00e9s de la plateforme. Remplissez le questionnaire pour devenir un client r\u00e9gulier.","breadcrumb":{"@id":"https:\/\/spinbetter.gift\/fr\/registration\/#breadcrumb"},"inLanguage":"fr-FR","potentialAction":[{"@type":"ReadAction","target":["https:\/\/spinbetter.gift\/fr\/registration\/"]}]},{"@type":"BreadcrumbList","@id":"https:\/\/spinbetter.gift\/fr\/registration\/#breadcrumb","itemListElement":[{"@type":"ListItem","position":1,"name":"\u0413\u043b\u0430\u0432\u043d\u0430\u044f \u0441\u0442\u0440\u0430\u043d\u0438\u0446\u0430","item":"https:\/\/spinbetter.gift\/fr\/"},{"@type":"ListItem","position":2,"name":"Inscription"}]},{"@type":"WebSite","@id":"https:\/\/spinbetter.gift\/fr\/#website","url":"https:\/\/spinbetter.gift\/fr\/","name":"Spinbetter Gift FR","description":"My WordPress Blog","potentialAction":[{"@type":"SearchAction","target":{"@type":"EntryPoint","urlTemplate":"https:\/\/spinbetter.gift\/fr\/?s={search_term_string}"},"query-input":{"@type":"PropertyValueSpecification","valueRequired":true,"valueName":"search_term_string"}}],"inLanguage":"fr-FR"}]}},"_links":{"self":[{"href":"https:\/\/spinbetter.gift\/fr\/wp-json\/wp\/v2\/pages\/160","targetHints":{"allow":["GET"]}}],"collection":[{"href":"https:\/\/spinbetter.gift\/fr\/wp-json\/wp\/v2\/pages"}],"about":[{"href":"https:\/\/spinbetter.gift\/fr\/wp-json\/wp\/v2\/types\/page"}],"author":[{"embeddable":true,"href":"https:\/\/spinbetter.gift\/fr\/wp-json\/wp\/v2\/users\/1"}],"replies":[{"embeddable":true,"href":"https:\/\/spinbetter.gift\/fr\/wp-json\/wp\/v2\/comments?post=160"}],"version-history":[{"count":8,"href":"https:\/\/spinbetter.gift\/fr\/wp-json\/wp\/v2\/pages\/160\/revisions"}],"predecessor-version":[{"id":249,"href":"https:\/\/spinbetter.gift\/fr\/wp-json\/wp\/v2\/pages\/160\/revisions\/249"}],"wp:attachment":[{"href":"https:\/\/spinbetter.gift\/fr\/wp-json\/wp\/v2\/media?parent=160"}],"curies":[{"name":"wp","href":"https:\/\/api.w.org\/{rel}","templated":true}]}}