{"id":168,"date":"2025-02-14T09:09:43","date_gmt":"2025-02-14T09:09:43","guid":{"rendered":"https:\/\/spinbetter.gift\/fi\/?page_id=168"},"modified":"2025-03-20T12:31:48","modified_gmt":"2025-03-20T12:31:48","slug":"app","status":"publish","type":"page","link":"https:\/\/spinbetter.gift\/fi\/app\/","title":{"rendered":"Sovellus"},"content":{"rendered":"<p>&nbsp;<\/p>\n<p>&nbsp;<\/p>\n","protected":false},"excerpt":{"rendered":"<p>&nbsp; &nbsp;<\/p>\n","protected":false},"author":1,"featured_media":0,"parent":0,"menu_order":0,"comment_status":"closed","ping_status":"closed","template":"","meta":{"footnotes":""},"class_list":["post-168","page","type-page","status-publish","hentry"],"yoast_head":"<!-- This site is optimized with the Yoast SEO plugin v24.2 - https:\/\/yoast.com\/wordpress\/plugins\/seo\/ -->\n<title>Spinbetter lataa verkossa pelataksesi \u00e4lypuhelimella<\/title>\n<meta name=\"description\" content=\"Spinbetter apk on loistava tilaisuus pelata. Lataa ohjelmisto \u00e4lypuhelimeesi, kirjaudu sis\u00e4\u00e4n ja ly\u00f6d\u00e4 vetoa valituista kolikkopeleist\u00e4.\" \/>\n<meta name=\"robots\" content=\"index, follow, max-snippet:-1, max-image-preview:large, max-video-preview:-1\" \/>\n<meta property=\"og:locale\" content=\"fi_FI\" \/>\n<meta property=\"og:type\" content=\"article\" \/>\n<meta property=\"og:title\" content=\"Spinbetter lataa verkossa pelataksesi \u00e4lypuhelimella\" \/>\n<meta property=\"og:description\" content=\"Spinbetter apk on loistava tilaisuus pelata. Lataa ohjelmisto \u00e4lypuhelimeesi, kirjaudu sis\u00e4\u00e4n ja ly\u00f6d\u00e4 vetoa valituista kolikkopeleist\u00e4.\" \/>\n<meta property=\"og:url\" content=\"https:\/\/spinbetter.gift\/fi\/app\/\" \/>\n<meta property=\"og:site_name\" content=\"Spinbetter Gift FI\" \/>\n<meta property=\"article:modified_time\" content=\"2025-03-20T12:31:48+00:00\" \/>\n<meta name=\"twitter:card\" content=\"summary_large_image\" \/>\n<script type=\"application\/ld+json\" class=\"yoast-schema-graph\">{\"@context\":\"https:\/\/schema.org\",\"@graph\":[{\"@type\":\"WebPage\",\"@id\":\"https:\/\/spinbetter.gift\/fi\/app\/\",\"url\":\"https:\/\/spinbetter.gift\/fi\/app\/\",\"name\":\"Spinbetter lataa verkossa pelataksesi \u00e4lypuhelimella\",\"isPartOf\":{\"@id\":\"https:\/\/spinbetter.gift\/fi\/#website\"},\"datePublished\":\"2025-02-14T09:09:43+00:00\",\"dateModified\":\"2025-03-20T12:31:48+00:00\",\"description\":\"Spinbetter apk on loistava tilaisuus pelata. Lataa ohjelmisto \u00e4lypuhelimeesi, kirjaudu sis\u00e4\u00e4n ja ly\u00f6d\u00e4 vetoa valituista kolikkopeleist\u00e4.\",\"breadcrumb\":{\"@id\":\"https:\/\/spinbetter.gift\/fi\/app\/#breadcrumb\"},\"inLanguage\":\"fi\",\"potentialAction\":[{\"@type\":\"ReadAction\",\"target\":[\"https:\/\/spinbetter.gift\/fi\/app\/\"]}]},{\"@type\":\"BreadcrumbList\",\"@id\":\"https:\/\/spinbetter.gift\/fi\/app\/#breadcrumb\",\"itemListElement\":[{\"@type\":\"ListItem\",\"position\":1,\"name\":\"\u0413\u043b\u0430\u0432\u043d\u0430\u044f \u0441\u0442\u0440\u0430\u043d\u0438\u0446\u0430\",\"item\":\"https:\/\/spinbetter.gift\/fi\/\"},{\"@type\":\"ListItem\",\"position\":2,\"name\":\"Sovellus\"}]},{\"@type\":\"WebSite\",\"@id\":\"https:\/\/spinbetter.gift\/fi\/#website\",\"url\":\"https:\/\/spinbetter.gift\/fi\/\",\"name\":\"Spinbetter Gift FI\",\"description\":\"My WordPress Blog\",\"potentialAction\":[{\"@type\":\"SearchAction\",\"target\":{\"@type\":\"EntryPoint\",\"urlTemplate\":\"https:\/\/spinbetter.gift\/fi\/?s={search_term_string}\"},\"query-input\":{\"@type\":\"PropertyValueSpecification\",\"valueRequired\":true,\"valueName\":\"search_term_string\"}}],\"inLanguage\":\"fi\"}]}<\/script>\n<!-- \/ Yoast SEO plugin. -->","yoast_head_json":{"title":"Spinbetter lataa verkossa pelataksesi \u00e4lypuhelimella","description":"Spinbetter apk on loistava tilaisuus pelata. Lataa ohjelmisto \u00e4lypuhelimeesi, kirjaudu sis\u00e4\u00e4n ja ly\u00f6d\u00e4 vetoa valituista kolikkopeleist\u00e4.","robots":{"index":"index","follow":"follow","max-snippet":"max-snippet:-1","max-image-preview":"max-image-preview:large","max-video-preview":"max-video-preview:-1"},"og_locale":"fi_FI","og_type":"article","og_title":"Spinbetter lataa verkossa pelataksesi \u00e4lypuhelimella","og_description":"Spinbetter apk on loistava tilaisuus pelata. Lataa ohjelmisto \u00e4lypuhelimeesi, kirjaudu sis\u00e4\u00e4n ja ly\u00f6d\u00e4 vetoa valituista kolikkopeleist\u00e4.","og_url":"https:\/\/spinbetter.gift\/fi\/app\/","og_site_name":"Spinbetter Gift FI","article_modified_time":"2025-03-20T12:31:48+00:00","twitter_card":"summary_large_image","schema":{"@context":"https:\/\/schema.org","@graph":[{"@type":"WebPage","@id":"https:\/\/spinbetter.gift\/fi\/app\/","url":"https:\/\/spinbetter.gift\/fi\/app\/","name":"Spinbetter lataa verkossa pelataksesi \u00e4lypuhelimella","isPartOf":{"@id":"https:\/\/spinbetter.gift\/fi\/#website"},"datePublished":"2025-02-14T09:09:43+00:00","dateModified":"2025-03-20T12:31:48+00:00","description":"Spinbetter apk on loistava tilaisuus pelata. Lataa ohjelmisto \u00e4lypuhelimeesi, kirjaudu sis\u00e4\u00e4n ja ly\u00f6d\u00e4 vetoa valituista kolikkopeleist\u00e4.","breadcrumb":{"@id":"https:\/\/spinbetter.gift\/fi\/app\/#breadcrumb"},"inLanguage":"fi","potentialAction":[{"@type":"ReadAction","target":["https:\/\/spinbetter.gift\/fi\/app\/"]}]},{"@type":"BreadcrumbList","@id":"https:\/\/spinbetter.gift\/fi\/app\/#breadcrumb","itemListElement":[{"@type":"ListItem","position":1,"name":"\u0413\u043b\u0430\u0432\u043d\u0430\u044f \u0441\u0442\u0440\u0430\u043d\u0438\u0446\u0430","item":"https:\/\/spinbetter.gift\/fi\/"},{"@type":"ListItem","position":2,"name":"Sovellus"}]},{"@type":"WebSite","@id":"https:\/\/spinbetter.gift\/fi\/#website","url":"https:\/\/spinbetter.gift\/fi\/","name":"Spinbetter Gift FI","description":"My WordPress Blog","potentialAction":[{"@type":"SearchAction","target":{"@type":"EntryPoint","urlTemplate":"https:\/\/spinbetter.gift\/fi\/?s={search_term_string}"},"query-input":{"@type":"PropertyValueSpecification","valueRequired":true,"valueName":"search_term_string"}}],"inLanguage":"fi"}]}},"_links":{"self":[{"href":"https:\/\/spinbetter.gift\/fi\/wp-json\/wp\/v2\/pages\/168","targetHints":{"allow":["GET"]}}],"collection":[{"href":"https:\/\/spinbetter.gift\/fi\/wp-json\/wp\/v2\/pages"}],"about":[{"href":"https:\/\/spinbetter.gift\/fi\/wp-json\/wp\/v2\/types\/page"}],"author":[{"embeddable":true,"href":"https:\/\/spinbetter.gift\/fi\/wp-json\/wp\/v2\/users\/1"}],"replies":[{"embeddable":true,"href":"https:\/\/spinbetter.gift\/fi\/wp-json\/wp\/v2\/comments?post=168"}],"version-history":[{"count":10,"href":"https:\/\/spinbetter.gift\/fi\/wp-json\/wp\/v2\/pages\/168\/revisions"}],"predecessor-version":[{"id":250,"href":"https:\/\/spinbetter.gift\/fi\/wp-json\/wp\/v2\/pages\/168\/revisions\/250"}],"wp:attachment":[{"href":"https:\/\/spinbetter.gift\/fi\/wp-json\/wp\/v2\/media?parent=168"}],"curies":[{"name":"wp","href":"https:\/\/api.w.org\/{rel}","templated":true}]}}