{"id":272,"date":"2025-07-16T20:05:20","date_gmt":"2025-07-16T20:05:20","guid":{"rendered":"https:\/\/spinbetter.gift\/es\/?page_id=272"},"modified":"2025-07-16T20:05:28","modified_gmt":"2025-07-16T20:05:28","slug":"subscribe-telegram","status":"publish","type":"page","link":"https:\/\/spinbetter.gift\/es\/bonus\/subscribe-telegram\/","title":{"rendered":"Suscr\u00edbete a Telegram"},"content":{"rendered":"","protected":false},"excerpt":{"rendered":"","protected":false},"author":1,"featured_media":0,"parent":152,"menu_order":0,"comment_status":"closed","ping_status":"closed","template":"","meta":{"footnotes":""},"class_list":["post-272","page","type-page","status-publish","hentry"],"yoast_head":"<!-- This site is optimized with the Yoast SEO plugin v24.2 - https:\/\/yoast.com\/wordpress\/plugins\/seo\/ -->\n<title>SpinBetter regala 100 FS | Suscr\u00edbete a Telegram<\/title>\n<meta name=\"description\" content=\"\u00bfQuieres bonos sin condiciones innecesarias? \u00a1Suscr\u00edbete al casino SpinBetter de Telegram y consigue 100 FS! Date prisa mientras la promoci\u00f3n est\u00e9 activa. \u00a1Descubre un mundo de bonos y promociones!\" \/>\n<meta name=\"robots\" content=\"index, follow, max-snippet:-1, max-image-preview:large, max-video-preview:-1\" \/>\n<meta property=\"og:locale\" content=\"es_ES\" \/>\n<meta property=\"og:type\" content=\"article\" \/>\n<meta property=\"og:title\" content=\"SpinBetter regala 100 FS | Suscr\u00edbete a Telegram\" \/>\n<meta property=\"og:description\" content=\"\u00bfQuieres bonos sin condiciones innecesarias? \u00a1Suscr\u00edbete al casino SpinBetter de Telegram y consigue 100 FS! Date prisa mientras la promoci\u00f3n est\u00e9 activa. \u00a1Descubre un mundo de bonos y promociones!\" \/>\n<meta property=\"og:url\" content=\"https:\/\/spinbetter.gift\/es\/bonus\/subscribe-telegram\/\" \/>\n<meta property=\"og:site_name\" content=\"Spinbetter Gift ES\" \/>\n<meta property=\"article:modified_time\" content=\"2025-07-16T20:05:28+00:00\" \/>\n<meta name=\"twitter:card\" content=\"summary_large_image\" \/>\n<script type=\"application\/ld+json\" class=\"yoast-schema-graph\">{\"@context\":\"https:\/\/schema.org\",\"@graph\":[{\"@type\":\"WebPage\",\"@id\":\"https:\/\/spinbetter.gift\/es\/bonus\/subscribe-telegram\/\",\"url\":\"https:\/\/spinbetter.gift\/es\/bonus\/subscribe-telegram\/\",\"name\":\"SpinBetter regala 100 FS | Suscr\u00edbete a Telegram\",\"isPartOf\":{\"@id\":\"https:\/\/spinbetter.gift\/es\/#website\"},\"datePublished\":\"2025-07-16T20:05:20+00:00\",\"dateModified\":\"2025-07-16T20:05:28+00:00\",\"description\":\"\u00bfQuieres bonos sin condiciones innecesarias? \u00a1Suscr\u00edbete al casino SpinBetter de Telegram y consigue 100 FS! Date prisa mientras la promoci\u00f3n est\u00e9 activa. \u00a1Descubre un mundo de bonos y promociones!\",\"breadcrumb\":{\"@id\":\"https:\/\/spinbetter.gift\/es\/bonus\/subscribe-telegram\/#breadcrumb\"},\"inLanguage\":\"es\",\"potentialAction\":[{\"@type\":\"ReadAction\",\"target\":[\"https:\/\/spinbetter.gift\/es\/bonus\/subscribe-telegram\/\"]}]},{\"@type\":\"BreadcrumbList\",\"@id\":\"https:\/\/spinbetter.gift\/es\/bonus\/subscribe-telegram\/#breadcrumb\",\"itemListElement\":[{\"@type\":\"ListItem\",\"position\":1,\"name\":\"\u0413\u043b\u0430\u0432\u043d\u0430\u044f \u0441\u0442\u0440\u0430\u043d\u0438\u0446\u0430\",\"item\":\"https:\/\/spinbetter.gift\/es\/\"},{\"@type\":\"ListItem\",\"position\":2,\"name\":\"Bono\",\"item\":\"https:\/\/spinbetter.gift\/es\/bonus\/\"},{\"@type\":\"ListItem\",\"position\":3,\"name\":\"Suscr\u00edbete a Telegram\"}]},{\"@type\":\"WebSite\",\"@id\":\"https:\/\/spinbetter.gift\/es\/#website\",\"url\":\"https:\/\/spinbetter.gift\/es\/\",\"name\":\"Spinbetter Gift ES\",\"description\":\"My WordPress Blog\",\"potentialAction\":[{\"@type\":\"SearchAction\",\"target\":{\"@type\":\"EntryPoint\",\"urlTemplate\":\"https:\/\/spinbetter.gift\/es\/?s={search_term_string}\"},\"query-input\":{\"@type\":\"PropertyValueSpecification\",\"valueRequired\":true,\"valueName\":\"search_term_string\"}}],\"inLanguage\":\"es\"}]}<\/script>\n<!-- \/ Yoast SEO plugin. -->","yoast_head_json":{"title":"SpinBetter regala 100 FS | Suscr\u00edbete a Telegram","description":"\u00bfQuieres bonos sin condiciones innecesarias? \u00a1Suscr\u00edbete al casino SpinBetter de Telegram y consigue 100 FS! Date prisa mientras la promoci\u00f3n est\u00e9 activa. \u00a1Descubre un mundo de bonos y promociones!","robots":{"index":"index","follow":"follow","max-snippet":"max-snippet:-1","max-image-preview":"max-image-preview:large","max-video-preview":"max-video-preview:-1"},"og_locale":"es_ES","og_type":"article","og_title":"SpinBetter regala 100 FS | Suscr\u00edbete a Telegram","og_description":"\u00bfQuieres bonos sin condiciones innecesarias? \u00a1Suscr\u00edbete al casino SpinBetter de Telegram y consigue 100 FS! Date prisa mientras la promoci\u00f3n est\u00e9 activa. \u00a1Descubre un mundo de bonos y promociones!","og_url":"https:\/\/spinbetter.gift\/es\/bonus\/subscribe-telegram\/","og_site_name":"Spinbetter Gift ES","article_modified_time":"2025-07-16T20:05:28+00:00","twitter_card":"summary_large_image","schema":{"@context":"https:\/\/schema.org","@graph":[{"@type":"WebPage","@id":"https:\/\/spinbetter.gift\/es\/bonus\/subscribe-telegram\/","url":"https:\/\/spinbetter.gift\/es\/bonus\/subscribe-telegram\/","name":"SpinBetter regala 100 FS | Suscr\u00edbete a Telegram","isPartOf":{"@id":"https:\/\/spinbetter.gift\/es\/#website"},"datePublished":"2025-07-16T20:05:20+00:00","dateModified":"2025-07-16T20:05:28+00:00","description":"\u00bfQuieres bonos sin condiciones innecesarias? \u00a1Suscr\u00edbete al casino SpinBetter de Telegram y consigue 100 FS! Date prisa mientras la promoci\u00f3n est\u00e9 activa. \u00a1Descubre un mundo de bonos y promociones!","breadcrumb":{"@id":"https:\/\/spinbetter.gift\/es\/bonus\/subscribe-telegram\/#breadcrumb"},"inLanguage":"es","potentialAction":[{"@type":"ReadAction","target":["https:\/\/spinbetter.gift\/es\/bonus\/subscribe-telegram\/"]}]},{"@type":"BreadcrumbList","@id":"https:\/\/spinbetter.gift\/es\/bonus\/subscribe-telegram\/#breadcrumb","itemListElement":[{"@type":"ListItem","position":1,"name":"\u0413\u043b\u0430\u0432\u043d\u0430\u044f \u0441\u0442\u0440\u0430\u043d\u0438\u0446\u0430","item":"https:\/\/spinbetter.gift\/es\/"},{"@type":"ListItem","position":2,"name":"Bono","item":"https:\/\/spinbetter.gift\/es\/bonus\/"},{"@type":"ListItem","position":3,"name":"Suscr\u00edbete a Telegram"}]},{"@type":"WebSite","@id":"https:\/\/spinbetter.gift\/es\/#website","url":"https:\/\/spinbetter.gift\/es\/","name":"Spinbetter Gift ES","description":"My WordPress Blog","potentialAction":[{"@type":"SearchAction","target":{"@type":"EntryPoint","urlTemplate":"https:\/\/spinbetter.gift\/es\/?s={search_term_string}"},"query-input":{"@type":"PropertyValueSpecification","valueRequired":true,"valueName":"search_term_string"}}],"inLanguage":"es"}]}},"_links":{"self":[{"href":"https:\/\/spinbetter.gift\/es\/wp-json\/wp\/v2\/pages\/272","targetHints":{"allow":["GET"]}}],"collection":[{"href":"https:\/\/spinbetter.gift\/es\/wp-json\/wp\/v2\/pages"}],"about":[{"href":"https:\/\/spinbetter.gift\/es\/wp-json\/wp\/v2\/types\/page"}],"author":[{"embeddable":true,"href":"https:\/\/spinbetter.gift\/es\/wp-json\/wp\/v2\/users\/1"}],"replies":[{"embeddable":true,"href":"https:\/\/spinbetter.gift\/es\/wp-json\/wp\/v2\/comments?post=272"}],"version-history":[{"count":1,"href":"https:\/\/spinbetter.gift\/es\/wp-json\/wp\/v2\/pages\/272\/revisions"}],"predecessor-version":[{"id":273,"href":"https:\/\/spinbetter.gift\/es\/wp-json\/wp\/v2\/pages\/272\/revisions\/273"}],"up":[{"embeddable":true,"href":"https:\/\/spinbetter.gift\/es\/wp-json\/wp\/v2\/pages\/152"}],"wp:attachment":[{"href":"https:\/\/spinbetter.gift\/es\/wp-json\/wp\/v2\/media?parent=272"}],"curies":[{"name":"wp","href":"https:\/\/api.w.org\/{rel}","templated":true}]}}