{"id":162,"date":"2025-02-14T09:07:36","date_gmt":"2025-02-14T09:07:36","guid":{"rendered":"https:\/\/spinbetter.gift\/ee\/?page_id=162"},"modified":"2025-03-12T11:44:41","modified_gmt":"2025-03-12T11:44:41","slug":"login","status":"publish","type":"page","link":"https:\/\/spinbetter.gift\/ee\/login\/","title":{"rendered":"Logi sisse"},"content":{"rendered":"<p>&nbsp;<\/p>\n<p>&nbsp;<\/p>\n","protected":false},"excerpt":{"rendered":"<p>&nbsp; &nbsp;<\/p>\n","protected":false},"author":1,"featured_media":0,"parent":0,"menu_order":0,"comment_status":"closed","ping_status":"closed","template":"","meta":{"footnotes":""},"class_list":["post-162","page","type-page","status-publish","hentry"],"yoast_head":"<!-- This site is optimized with the Yoast SEO plugin v24.2 - https:\/\/yoast.com\/wordpress\/plugins\/seo\/ -->\n<title>Spinbetter sisselogimine mobiilseadmest v\u00f5i arvutist<\/title>\n<meta name=\"description\" content=\"Spinbetter kasiinosse logige sisse, et p\u00e4\u00e4seda ligi oma isiklikule kontole ja j\u00e4tkata m\u00e4ngudega. Kasutage platvormil registreerumisel sisestatud sisselogimist ja parooli.\" \/>\n<meta name=\"robots\" content=\"index, follow, max-snippet:-1, max-image-preview:large, max-video-preview:-1\" \/>\n<meta property=\"og:locale\" content=\"et_EE\" \/>\n<meta property=\"og:type\" content=\"article\" \/>\n<meta property=\"og:title\" content=\"Spinbetter sisselogimine mobiilseadmest v\u00f5i arvutist\" \/>\n<meta property=\"og:description\" content=\"Spinbetter kasiinosse logige sisse, et p\u00e4\u00e4seda ligi oma isiklikule kontole ja j\u00e4tkata m\u00e4ngudega. Kasutage platvormil registreerumisel sisestatud sisselogimist ja parooli.\" \/>\n<meta property=\"og:url\" content=\"https:\/\/spinbetter.gift\/ee\/login\/\" \/>\n<meta property=\"og:site_name\" content=\"Spinbetter Gift EE\" \/>\n<meta property=\"article:modified_time\" content=\"2025-03-12T11:44:41+00:00\" \/>\n<meta name=\"twitter:card\" content=\"summary_large_image\" \/>\n<script type=\"application\/ld+json\" class=\"yoast-schema-graph\">{\"@context\":\"https:\/\/schema.org\",\"@graph\":[{\"@type\":\"WebPage\",\"@id\":\"https:\/\/spinbetter.gift\/ee\/login\/\",\"url\":\"https:\/\/spinbetter.gift\/ee\/login\/\",\"name\":\"Spinbetter sisselogimine mobiilseadmest v\u00f5i arvutist\",\"isPartOf\":{\"@id\":\"https:\/\/spinbetter.gift\/ee\/#website\"},\"datePublished\":\"2025-02-14T09:07:36+00:00\",\"dateModified\":\"2025-03-12T11:44:41+00:00\",\"description\":\"Spinbetter kasiinosse logige sisse, et p\u00e4\u00e4seda ligi oma isiklikule kontole ja j\u00e4tkata m\u00e4ngudega. Kasutage platvormil registreerumisel sisestatud sisselogimist ja parooli.\",\"breadcrumb\":{\"@id\":\"https:\/\/spinbetter.gift\/ee\/login\/#breadcrumb\"},\"inLanguage\":\"et\",\"potentialAction\":[{\"@type\":\"ReadAction\",\"target\":[\"https:\/\/spinbetter.gift\/ee\/login\/\"]}]},{\"@type\":\"BreadcrumbList\",\"@id\":\"https:\/\/spinbetter.gift\/ee\/login\/#breadcrumb\",\"itemListElement\":[{\"@type\":\"ListItem\",\"position\":1,\"name\":\"\u0413\u043b\u0430\u0432\u043d\u0430\u044f \u0441\u0442\u0440\u0430\u043d\u0438\u0446\u0430\",\"item\":\"https:\/\/spinbetter.gift\/ee\/\"},{\"@type\":\"ListItem\",\"position\":2,\"name\":\"Logi sisse\"}]},{\"@type\":\"WebSite\",\"@id\":\"https:\/\/spinbetter.gift\/ee\/#website\",\"url\":\"https:\/\/spinbetter.gift\/ee\/\",\"name\":\"Spinbetter Gift EE\",\"description\":\"My WordPress Blog\",\"potentialAction\":[{\"@type\":\"SearchAction\",\"target\":{\"@type\":\"EntryPoint\",\"urlTemplate\":\"https:\/\/spinbetter.gift\/ee\/?s={search_term_string}\"},\"query-input\":{\"@type\":\"PropertyValueSpecification\",\"valueRequired\":true,\"valueName\":\"search_term_string\"}}],\"inLanguage\":\"et\"}]}<\/script>\n<!-- \/ Yoast SEO plugin. -->","yoast_head_json":{"title":"Spinbetter sisselogimine mobiilseadmest v\u00f5i arvutist","description":"Spinbetter kasiinosse logige sisse, et p\u00e4\u00e4seda ligi oma isiklikule kontole ja j\u00e4tkata m\u00e4ngudega. Kasutage platvormil registreerumisel sisestatud sisselogimist ja parooli.","robots":{"index":"index","follow":"follow","max-snippet":"max-snippet:-1","max-image-preview":"max-image-preview:large","max-video-preview":"max-video-preview:-1"},"og_locale":"et_EE","og_type":"article","og_title":"Spinbetter sisselogimine mobiilseadmest v\u00f5i arvutist","og_description":"Spinbetter kasiinosse logige sisse, et p\u00e4\u00e4seda ligi oma isiklikule kontole ja j\u00e4tkata m\u00e4ngudega. Kasutage platvormil registreerumisel sisestatud sisselogimist ja parooli.","og_url":"https:\/\/spinbetter.gift\/ee\/login\/","og_site_name":"Spinbetter Gift EE","article_modified_time":"2025-03-12T11:44:41+00:00","twitter_card":"summary_large_image","schema":{"@context":"https:\/\/schema.org","@graph":[{"@type":"WebPage","@id":"https:\/\/spinbetter.gift\/ee\/login\/","url":"https:\/\/spinbetter.gift\/ee\/login\/","name":"Spinbetter sisselogimine mobiilseadmest v\u00f5i arvutist","isPartOf":{"@id":"https:\/\/spinbetter.gift\/ee\/#website"},"datePublished":"2025-02-14T09:07:36+00:00","dateModified":"2025-03-12T11:44:41+00:00","description":"Spinbetter kasiinosse logige sisse, et p\u00e4\u00e4seda ligi oma isiklikule kontole ja j\u00e4tkata m\u00e4ngudega. Kasutage platvormil registreerumisel sisestatud sisselogimist ja parooli.","breadcrumb":{"@id":"https:\/\/spinbetter.gift\/ee\/login\/#breadcrumb"},"inLanguage":"et","potentialAction":[{"@type":"ReadAction","target":["https:\/\/spinbetter.gift\/ee\/login\/"]}]},{"@type":"BreadcrumbList","@id":"https:\/\/spinbetter.gift\/ee\/login\/#breadcrumb","itemListElement":[{"@type":"ListItem","position":1,"name":"\u0413\u043b\u0430\u0432\u043d\u0430\u044f \u0441\u0442\u0440\u0430\u043d\u0438\u0446\u0430","item":"https:\/\/spinbetter.gift\/ee\/"},{"@type":"ListItem","position":2,"name":"Logi sisse"}]},{"@type":"WebSite","@id":"https:\/\/spinbetter.gift\/ee\/#website","url":"https:\/\/spinbetter.gift\/ee\/","name":"Spinbetter Gift EE","description":"My WordPress Blog","potentialAction":[{"@type":"SearchAction","target":{"@type":"EntryPoint","urlTemplate":"https:\/\/spinbetter.gift\/ee\/?s={search_term_string}"},"query-input":{"@type":"PropertyValueSpecification","valueRequired":true,"valueName":"search_term_string"}}],"inLanguage":"et"}]}},"_links":{"self":[{"href":"https:\/\/spinbetter.gift\/ee\/wp-json\/wp\/v2\/pages\/162","targetHints":{"allow":["GET"]}}],"collection":[{"href":"https:\/\/spinbetter.gift\/ee\/wp-json\/wp\/v2\/pages"}],"about":[{"href":"https:\/\/spinbetter.gift\/ee\/wp-json\/wp\/v2\/types\/page"}],"author":[{"embeddable":true,"href":"https:\/\/spinbetter.gift\/ee\/wp-json\/wp\/v2\/users\/1"}],"replies":[{"embeddable":true,"href":"https:\/\/spinbetter.gift\/ee\/wp-json\/wp\/v2\/comments?post=162"}],"version-history":[{"count":6,"href":"https:\/\/spinbetter.gift\/ee\/wp-json\/wp\/v2\/pages\/162\/revisions"}],"predecessor-version":[{"id":248,"href":"https:\/\/spinbetter.gift\/ee\/wp-json\/wp\/v2\/pages\/162\/revisions\/248"}],"wp:attachment":[{"href":"https:\/\/spinbetter.gift\/ee\/wp-json\/wp\/v2\/media?parent=162"}],"curies":[{"name":"wp","href":"https:\/\/api.w.org\/{rel}","templated":true}]}}