{"id":263,"date":"2025-07-16T19:58:49","date_gmt":"2025-07-16T19:58:49","guid":{"rendered":"https:\/\/spinbetter.gift\/dk\/?page_id=263"},"modified":"2025-07-16T19:58:57","modified_gmt":"2025-07-16T19:58:57","slug":"subscribe-telegram","status":"publish","type":"page","link":"https:\/\/spinbetter.gift\/dk\/bonus\/subscribe-telegram\/","title":{"rendered":"Abonner p\u00e5 Telegram"},"content":{"rendered":"","protected":false},"excerpt":{"rendered":"","protected":false},"author":1,"featured_media":0,"parent":152,"menu_order":0,"comment_status":"closed","ping_status":"closed","template":"","meta":{"footnotes":""},"class_list":["post-263","page","type-page","status-publish","hentry"],"yoast_head":"<!-- This site is optimized with the Yoast SEO plugin v24.2 - https:\/\/yoast.com\/wordpress\/plugins\/seo\/ -->\n<title>SpinBetter udlodder 100 FS | Abonner p\u00e5 Telegram<\/title>\n<meta name=\"description\" content=\"Vil du have bonusser uden un\u00f8dvendige betingelser? Abonner p\u00e5 Telegram SpinBetter casino og f\u00e5 100 FS! Skynd dig, mens kampagnen er aktiv. \u00c5bn en verden af bonusser og kampagner!\" \/>\n<meta name=\"robots\" content=\"index, follow, max-snippet:-1, max-image-preview:large, max-video-preview:-1\" \/>\n<meta property=\"og:locale\" content=\"da_DK\" \/>\n<meta property=\"og:type\" content=\"article\" \/>\n<meta property=\"og:title\" content=\"SpinBetter udlodder 100 FS | Abonner p\u00e5 Telegram\" \/>\n<meta property=\"og:description\" content=\"Vil du have bonusser uden un\u00f8dvendige betingelser? Abonner p\u00e5 Telegram SpinBetter casino og f\u00e5 100 FS! Skynd dig, mens kampagnen er aktiv. \u00c5bn en verden af bonusser og kampagner!\" \/>\n<meta property=\"og:url\" content=\"https:\/\/spinbetter.gift\/dk\/bonus\/subscribe-telegram\/\" \/>\n<meta property=\"og:site_name\" content=\"Spinbetter Gift DK\" \/>\n<meta property=\"article:modified_time\" content=\"2025-07-16T19:58:57+00:00\" \/>\n<meta name=\"twitter:card\" content=\"summary_large_image\" \/>\n<script type=\"application\/ld+json\" class=\"yoast-schema-graph\">{\"@context\":\"https:\/\/schema.org\",\"@graph\":[{\"@type\":\"WebPage\",\"@id\":\"https:\/\/spinbetter.gift\/dk\/bonus\/subscribe-telegram\/\",\"url\":\"https:\/\/spinbetter.gift\/dk\/bonus\/subscribe-telegram\/\",\"name\":\"SpinBetter udlodder 100 FS | Abonner p\u00e5 Telegram\",\"isPartOf\":{\"@id\":\"https:\/\/spinbetter.gift\/dk\/#website\"},\"datePublished\":\"2025-07-16T19:58:49+00:00\",\"dateModified\":\"2025-07-16T19:58:57+00:00\",\"description\":\"Vil du have bonusser uden un\u00f8dvendige betingelser? Abonner p\u00e5 Telegram SpinBetter casino og f\u00e5 100 FS! Skynd dig, mens kampagnen er aktiv. \u00c5bn en verden af bonusser og kampagner!\",\"breadcrumb\":{\"@id\":\"https:\/\/spinbetter.gift\/dk\/bonus\/subscribe-telegram\/#breadcrumb\"},\"inLanguage\":\"da-DK\",\"potentialAction\":[{\"@type\":\"ReadAction\",\"target\":[\"https:\/\/spinbetter.gift\/dk\/bonus\/subscribe-telegram\/\"]}]},{\"@type\":\"BreadcrumbList\",\"@id\":\"https:\/\/spinbetter.gift\/dk\/bonus\/subscribe-telegram\/#breadcrumb\",\"itemListElement\":[{\"@type\":\"ListItem\",\"position\":1,\"name\":\"\u0413\u043b\u0430\u0432\u043d\u0430\u044f \u0441\u0442\u0440\u0430\u043d\u0438\u0446\u0430\",\"item\":\"https:\/\/spinbetter.gift\/dk\/\"},{\"@type\":\"ListItem\",\"position\":2,\"name\":\"Bonus\",\"item\":\"https:\/\/spinbetter.gift\/dk\/bonus\/\"},{\"@type\":\"ListItem\",\"position\":3,\"name\":\"Abonner p\u00e5 Telegram\"}]},{\"@type\":\"WebSite\",\"@id\":\"https:\/\/spinbetter.gift\/dk\/#website\",\"url\":\"https:\/\/spinbetter.gift\/dk\/\",\"name\":\"Spinbetter Gift DK\",\"description\":\"My WordPress Blog\",\"potentialAction\":[{\"@type\":\"SearchAction\",\"target\":{\"@type\":\"EntryPoint\",\"urlTemplate\":\"https:\/\/spinbetter.gift\/dk\/?s={search_term_string}\"},\"query-input\":{\"@type\":\"PropertyValueSpecification\",\"valueRequired\":true,\"valueName\":\"search_term_string\"}}],\"inLanguage\":\"da-DK\"}]}<\/script>\n<!-- \/ Yoast SEO plugin. -->","yoast_head_json":{"title":"SpinBetter udlodder 100 FS | Abonner p\u00e5 Telegram","description":"Vil du have bonusser uden un\u00f8dvendige betingelser? Abonner p\u00e5 Telegram SpinBetter casino og f\u00e5 100 FS! Skynd dig, mens kampagnen er aktiv. \u00c5bn en verden af bonusser og kampagner!","robots":{"index":"index","follow":"follow","max-snippet":"max-snippet:-1","max-image-preview":"max-image-preview:large","max-video-preview":"max-video-preview:-1"},"og_locale":"da_DK","og_type":"article","og_title":"SpinBetter udlodder 100 FS | Abonner p\u00e5 Telegram","og_description":"Vil du have bonusser uden un\u00f8dvendige betingelser? Abonner p\u00e5 Telegram SpinBetter casino og f\u00e5 100 FS! Skynd dig, mens kampagnen er aktiv. \u00c5bn en verden af bonusser og kampagner!","og_url":"https:\/\/spinbetter.gift\/dk\/bonus\/subscribe-telegram\/","og_site_name":"Spinbetter Gift DK","article_modified_time":"2025-07-16T19:58:57+00:00","twitter_card":"summary_large_image","schema":{"@context":"https:\/\/schema.org","@graph":[{"@type":"WebPage","@id":"https:\/\/spinbetter.gift\/dk\/bonus\/subscribe-telegram\/","url":"https:\/\/spinbetter.gift\/dk\/bonus\/subscribe-telegram\/","name":"SpinBetter udlodder 100 FS | Abonner p\u00e5 Telegram","isPartOf":{"@id":"https:\/\/spinbetter.gift\/dk\/#website"},"datePublished":"2025-07-16T19:58:49+00:00","dateModified":"2025-07-16T19:58:57+00:00","description":"Vil du have bonusser uden un\u00f8dvendige betingelser? Abonner p\u00e5 Telegram SpinBetter casino og f\u00e5 100 FS! Skynd dig, mens kampagnen er aktiv. \u00c5bn en verden af bonusser og kampagner!","breadcrumb":{"@id":"https:\/\/spinbetter.gift\/dk\/bonus\/subscribe-telegram\/#breadcrumb"},"inLanguage":"da-DK","potentialAction":[{"@type":"ReadAction","target":["https:\/\/spinbetter.gift\/dk\/bonus\/subscribe-telegram\/"]}]},{"@type":"BreadcrumbList","@id":"https:\/\/spinbetter.gift\/dk\/bonus\/subscribe-telegram\/#breadcrumb","itemListElement":[{"@type":"ListItem","position":1,"name":"\u0413\u043b\u0430\u0432\u043d\u0430\u044f \u0441\u0442\u0440\u0430\u043d\u0438\u0446\u0430","item":"https:\/\/spinbetter.gift\/dk\/"},{"@type":"ListItem","position":2,"name":"Bonus","item":"https:\/\/spinbetter.gift\/dk\/bonus\/"},{"@type":"ListItem","position":3,"name":"Abonner p\u00e5 Telegram"}]},{"@type":"WebSite","@id":"https:\/\/spinbetter.gift\/dk\/#website","url":"https:\/\/spinbetter.gift\/dk\/","name":"Spinbetter Gift DK","description":"My WordPress Blog","potentialAction":[{"@type":"SearchAction","target":{"@type":"EntryPoint","urlTemplate":"https:\/\/spinbetter.gift\/dk\/?s={search_term_string}"},"query-input":{"@type":"PropertyValueSpecification","valueRequired":true,"valueName":"search_term_string"}}],"inLanguage":"da-DK"}]}},"_links":{"self":[{"href":"https:\/\/spinbetter.gift\/dk\/wp-json\/wp\/v2\/pages\/263","targetHints":{"allow":["GET"]}}],"collection":[{"href":"https:\/\/spinbetter.gift\/dk\/wp-json\/wp\/v2\/pages"}],"about":[{"href":"https:\/\/spinbetter.gift\/dk\/wp-json\/wp\/v2\/types\/page"}],"author":[{"embeddable":true,"href":"https:\/\/spinbetter.gift\/dk\/wp-json\/wp\/v2\/users\/1"}],"replies":[{"embeddable":true,"href":"https:\/\/spinbetter.gift\/dk\/wp-json\/wp\/v2\/comments?post=263"}],"version-history":[{"count":1,"href":"https:\/\/spinbetter.gift\/dk\/wp-json\/wp\/v2\/pages\/263\/revisions"}],"predecessor-version":[{"id":264,"href":"https:\/\/spinbetter.gift\/dk\/wp-json\/wp\/v2\/pages\/263\/revisions\/264"}],"up":[{"embeddable":true,"href":"https:\/\/spinbetter.gift\/dk\/wp-json\/wp\/v2\/pages\/152"}],"wp:attachment":[{"href":"https:\/\/spinbetter.gift\/dk\/wp-json\/wp\/v2\/media?parent=263"}],"curies":[{"name":"wp","href":"https:\/\/api.w.org\/{rel}","templated":true}]}}