{"id":160,"date":"2025-02-14T09:06:57","date_gmt":"2025-02-14T09:06:57","guid":{"rendered":"https:\/\/spinbetter.gift\/dk\/?page_id=160"},"modified":"2025-03-19T10:34:08","modified_gmt":"2025-03-19T10:34:08","slug":"registration","status":"publish","type":"page","link":"https:\/\/spinbetter.gift\/dk\/registration\/","title":{"rendered":"Registrering"},"content":{"rendered":"<p>&nbsp;<\/p>\n<p>&nbsp;<\/p>\n<p>&nbsp;<\/p>\n","protected":false},"excerpt":{"rendered":"<p>&nbsp; &nbsp; &nbsp;<\/p>\n","protected":false},"author":1,"featured_media":0,"parent":0,"menu_order":0,"comment_status":"closed","ping_status":"closed","template":"","meta":{"footnotes":""},"class_list":["post-160","page","type-page","status-publish","hentry"],"yoast_head":"<!-- This site is optimized with the Yoast SEO plugin v24.2 - https:\/\/yoast.com\/wordpress\/plugins\/seo\/ -->\n<title>Spinbedre registrering af nye brugere til gambling<\/title>\n<meta name=\"description\" content=\"G\u00e5 igennem Spinbetter-registreringen og f\u00e5 adgang til platformens fulde funktionalitet. Udfyld sp\u00f8rgeskemaet for at blive fast kunde.\" \/>\n<meta name=\"robots\" content=\"index, follow, max-snippet:-1, max-image-preview:large, max-video-preview:-1\" \/>\n<meta property=\"og:locale\" content=\"da_DK\" \/>\n<meta property=\"og:type\" content=\"article\" \/>\n<meta property=\"og:title\" content=\"Spinbedre registrering af nye brugere til gambling\" \/>\n<meta property=\"og:description\" content=\"G\u00e5 igennem Spinbetter-registreringen og f\u00e5 adgang til platformens fulde funktionalitet. Udfyld sp\u00f8rgeskemaet for at blive fast kunde.\" \/>\n<meta property=\"og:url\" content=\"https:\/\/spinbetter.gift\/dk\/registration\/\" \/>\n<meta property=\"og:site_name\" content=\"Spinbetter Gift DK\" \/>\n<meta property=\"article:modified_time\" content=\"2025-03-19T10:34:08+00:00\" \/>\n<meta name=\"twitter:card\" content=\"summary_large_image\" \/>\n<script type=\"application\/ld+json\" class=\"yoast-schema-graph\">{\"@context\":\"https:\/\/schema.org\",\"@graph\":[{\"@type\":\"WebPage\",\"@id\":\"https:\/\/spinbetter.gift\/dk\/registration\/\",\"url\":\"https:\/\/spinbetter.gift\/dk\/registration\/\",\"name\":\"Spinbedre registrering af nye brugere til gambling\",\"isPartOf\":{\"@id\":\"https:\/\/spinbetter.gift\/dk\/#website\"},\"datePublished\":\"2025-02-14T09:06:57+00:00\",\"dateModified\":\"2025-03-19T10:34:08+00:00\",\"description\":\"G\u00e5 igennem Spinbetter-registreringen og f\u00e5 adgang til platformens fulde funktionalitet. Udfyld sp\u00f8rgeskemaet for at blive fast kunde.\",\"breadcrumb\":{\"@id\":\"https:\/\/spinbetter.gift\/dk\/registration\/#breadcrumb\"},\"inLanguage\":\"da-DK\",\"potentialAction\":[{\"@type\":\"ReadAction\",\"target\":[\"https:\/\/spinbetter.gift\/dk\/registration\/\"]}]},{\"@type\":\"BreadcrumbList\",\"@id\":\"https:\/\/spinbetter.gift\/dk\/registration\/#breadcrumb\",\"itemListElement\":[{\"@type\":\"ListItem\",\"position\":1,\"name\":\"\u0413\u043b\u0430\u0432\u043d\u0430\u044f \u0441\u0442\u0440\u0430\u043d\u0438\u0446\u0430\",\"item\":\"https:\/\/spinbetter.gift\/dk\/\"},{\"@type\":\"ListItem\",\"position\":2,\"name\":\"Registrering\"}]},{\"@type\":\"WebSite\",\"@id\":\"https:\/\/spinbetter.gift\/dk\/#website\",\"url\":\"https:\/\/spinbetter.gift\/dk\/\",\"name\":\"Spinbetter Gift DK\",\"description\":\"My WordPress Blog\",\"potentialAction\":[{\"@type\":\"SearchAction\",\"target\":{\"@type\":\"EntryPoint\",\"urlTemplate\":\"https:\/\/spinbetter.gift\/dk\/?s={search_term_string}\"},\"query-input\":{\"@type\":\"PropertyValueSpecification\",\"valueRequired\":true,\"valueName\":\"search_term_string\"}}],\"inLanguage\":\"da-DK\"}]}<\/script>\n<!-- \/ Yoast SEO plugin. -->","yoast_head_json":{"title":"Spinbedre registrering af nye brugere til gambling","description":"G\u00e5 igennem Spinbetter-registreringen og f\u00e5 adgang til platformens fulde funktionalitet. Udfyld sp\u00f8rgeskemaet for at blive fast kunde.","robots":{"index":"index","follow":"follow","max-snippet":"max-snippet:-1","max-image-preview":"max-image-preview:large","max-video-preview":"max-video-preview:-1"},"og_locale":"da_DK","og_type":"article","og_title":"Spinbedre registrering af nye brugere til gambling","og_description":"G\u00e5 igennem Spinbetter-registreringen og f\u00e5 adgang til platformens fulde funktionalitet. Udfyld sp\u00f8rgeskemaet for at blive fast kunde.","og_url":"https:\/\/spinbetter.gift\/dk\/registration\/","og_site_name":"Spinbetter Gift DK","article_modified_time":"2025-03-19T10:34:08+00:00","twitter_card":"summary_large_image","schema":{"@context":"https:\/\/schema.org","@graph":[{"@type":"WebPage","@id":"https:\/\/spinbetter.gift\/dk\/registration\/","url":"https:\/\/spinbetter.gift\/dk\/registration\/","name":"Spinbedre registrering af nye brugere til gambling","isPartOf":{"@id":"https:\/\/spinbetter.gift\/dk\/#website"},"datePublished":"2025-02-14T09:06:57+00:00","dateModified":"2025-03-19T10:34:08+00:00","description":"G\u00e5 igennem Spinbetter-registreringen og f\u00e5 adgang til platformens fulde funktionalitet. Udfyld sp\u00f8rgeskemaet for at blive fast kunde.","breadcrumb":{"@id":"https:\/\/spinbetter.gift\/dk\/registration\/#breadcrumb"},"inLanguage":"da-DK","potentialAction":[{"@type":"ReadAction","target":["https:\/\/spinbetter.gift\/dk\/registration\/"]}]},{"@type":"BreadcrumbList","@id":"https:\/\/spinbetter.gift\/dk\/registration\/#breadcrumb","itemListElement":[{"@type":"ListItem","position":1,"name":"\u0413\u043b\u0430\u0432\u043d\u0430\u044f \u0441\u0442\u0440\u0430\u043d\u0438\u0446\u0430","item":"https:\/\/spinbetter.gift\/dk\/"},{"@type":"ListItem","position":2,"name":"Registrering"}]},{"@type":"WebSite","@id":"https:\/\/spinbetter.gift\/dk\/#website","url":"https:\/\/spinbetter.gift\/dk\/","name":"Spinbetter Gift DK","description":"My WordPress Blog","potentialAction":[{"@type":"SearchAction","target":{"@type":"EntryPoint","urlTemplate":"https:\/\/spinbetter.gift\/dk\/?s={search_term_string}"},"query-input":{"@type":"PropertyValueSpecification","valueRequired":true,"valueName":"search_term_string"}}],"inLanguage":"da-DK"}]}},"_links":{"self":[{"href":"https:\/\/spinbetter.gift\/dk\/wp-json\/wp\/v2\/pages\/160","targetHints":{"allow":["GET"]}}],"collection":[{"href":"https:\/\/spinbetter.gift\/dk\/wp-json\/wp\/v2\/pages"}],"about":[{"href":"https:\/\/spinbetter.gift\/dk\/wp-json\/wp\/v2\/types\/page"}],"author":[{"embeddable":true,"href":"https:\/\/spinbetter.gift\/dk\/wp-json\/wp\/v2\/users\/1"}],"replies":[{"embeddable":true,"href":"https:\/\/spinbetter.gift\/dk\/wp-json\/wp\/v2\/comments?post=160"}],"version-history":[{"count":6,"href":"https:\/\/spinbetter.gift\/dk\/wp-json\/wp\/v2\/pages\/160\/revisions"}],"predecessor-version":[{"id":252,"href":"https:\/\/spinbetter.gift\/dk\/wp-json\/wp\/v2\/pages\/160\/revisions\/252"}],"wp:attachment":[{"href":"https:\/\/spinbetter.gift\/dk\/wp-json\/wp\/v2\/media?parent=160"}],"curies":[{"name":"wp","href":"https:\/\/api.w.org\/{rel}","templated":true}]}}