{"id":2,"date":"2023-05-18T17:18:34","date_gmt":"2023-05-18T17:18:34","guid":{"rendered":"https:\/\/spinbetter.gift\/cz\/?page_id=2"},"modified":"2025-07-18T07:11:38","modified_gmt":"2025-07-18T07:11:38","slug":"sample-page","status":"publish","type":"page","link":"https:\/\/spinbetter.gift\/cz\/","title":{"rendered":"Domovsk\u00e1 str\u00e1nka"},"content":{"rendered":"<p>&nbsp;<\/p>\n<p>&nbsp;<\/p>\n<p>&nbsp;<\/p>\n","protected":false},"excerpt":{"rendered":"<p>&nbsp; &nbsp; &nbsp;<\/p>\n","protected":false},"author":1,"featured_media":0,"parent":0,"menu_order":0,"comment_status":"closed","ping_status":"open","template":"","meta":{"footnotes":""},"class_list":["post-2","page","type-page","status-publish","hentry"],"yoast_head":"<!-- This site is optimized with the Yoast SEO plugin v24.2 - https:\/\/yoast.com\/wordpress\/plugins\/seo\/ -->\n<title>Spinbetter Casino (Spinbetter) pro jasn\u00e9 v\u00fdhry<\/title>\n<meta name=\"description\" content=\"Kasino Spinbetter nab\u00edz\u00ed velkou sb\u00edrku her. Pro nov\u00e1\u010dky i st\u00e1l\u00e9 z\u00e1kazn\u00edky jsou p\u0159ipraveny bonusy a akce.\" \/>\n<meta name=\"robots\" content=\"index, follow, max-snippet:-1, max-image-preview:large, max-video-preview:-1\" \/>\n<meta property=\"og:locale\" content=\"cs_CZ\" \/>\n<meta property=\"og:type\" content=\"article\" \/>\n<meta property=\"og:title\" content=\"Spinbetter Casino (Spinbetter) pro jasn\u00e9 v\u00fdhry\" \/>\n<meta property=\"og:description\" content=\"Kasino Spinbetter nab\u00edz\u00ed velkou sb\u00edrku her. Pro nov\u00e1\u010dky i st\u00e1l\u00e9 z\u00e1kazn\u00edky jsou p\u0159ipraveny bonusy a akce.\" \/>\n<meta property=\"og:url\" content=\"https:\/\/spinbetter.gift\/cz\/\" \/>\n<meta property=\"og:site_name\" content=\"Spinbetter Gift CZ\" \/>\n<meta property=\"article:modified_time\" content=\"2025-07-18T07:11:38+00:00\" \/>\n<meta name=\"twitter:card\" content=\"summary_large_image\" \/>\n<script type=\"application\/ld+json\" class=\"yoast-schema-graph\">{\"@context\":\"https:\/\/schema.org\",\"@graph\":[{\"@type\":\"WebPage\",\"@id\":\"https:\/\/spinbetter.gift\/cz\/\",\"url\":\"https:\/\/spinbetter.gift\/cz\/\",\"name\":\"Spinbetter Casino (Spinbetter) pro jasn\u00e9 v\u00fdhry\",\"isPartOf\":{\"@id\":\"https:\/\/spinbetter.gift\/cz\/#website\"},\"datePublished\":\"2023-05-18T17:18:34+00:00\",\"dateModified\":\"2025-07-18T07:11:38+00:00\",\"description\":\"Kasino Spinbetter nab\u00edz\u00ed velkou sb\u00edrku her. Pro nov\u00e1\u010dky i st\u00e1l\u00e9 z\u00e1kazn\u00edky jsou p\u0159ipraveny bonusy a akce.\",\"breadcrumb\":{\"@id\":\"https:\/\/spinbetter.gift\/cz\/#breadcrumb\"},\"inLanguage\":\"cs\",\"potentialAction\":[{\"@type\":\"ReadAction\",\"target\":[\"https:\/\/spinbetter.gift\/cz\/\"]}]},{\"@type\":\"BreadcrumbList\",\"@id\":\"https:\/\/spinbetter.gift\/cz\/#breadcrumb\",\"itemListElement\":[{\"@type\":\"ListItem\",\"position\":1,\"name\":\"\u0413\u043b\u0430\u0432\u043d\u0430\u044f \u0441\u0442\u0440\u0430\u043d\u0438\u0446\u0430\",\"item\":\"https:\/\/spinbetter.gift\/cz\/\"},{\"@type\":\"ListItem\",\"position\":2,\"name\":\"Domovsk\u00e1 str\u00e1nka\"}]},{\"@type\":\"WebSite\",\"@id\":\"https:\/\/spinbetter.gift\/cz\/#website\",\"url\":\"https:\/\/spinbetter.gift\/cz\/\",\"name\":\"Spinbetter Gift CZ\",\"description\":\"My WordPress Blog\",\"potentialAction\":[{\"@type\":\"SearchAction\",\"target\":{\"@type\":\"EntryPoint\",\"urlTemplate\":\"https:\/\/spinbetter.gift\/cz\/?s={search_term_string}\"},\"query-input\":{\"@type\":\"PropertyValueSpecification\",\"valueRequired\":true,\"valueName\":\"search_term_string\"}}],\"inLanguage\":\"cs\"}]}<\/script>\n<!-- \/ Yoast SEO plugin. -->","yoast_head_json":{"title":"Spinbetter Casino (Spinbetter) pro jasn\u00e9 v\u00fdhry","description":"Kasino Spinbetter nab\u00edz\u00ed velkou sb\u00edrku her. Pro nov\u00e1\u010dky i st\u00e1l\u00e9 z\u00e1kazn\u00edky jsou p\u0159ipraveny bonusy a akce.","robots":{"index":"index","follow":"follow","max-snippet":"max-snippet:-1","max-image-preview":"max-image-preview:large","max-video-preview":"max-video-preview:-1"},"og_locale":"cs_CZ","og_type":"article","og_title":"Spinbetter Casino (Spinbetter) pro jasn\u00e9 v\u00fdhry","og_description":"Kasino Spinbetter nab\u00edz\u00ed velkou sb\u00edrku her. Pro nov\u00e1\u010dky i st\u00e1l\u00e9 z\u00e1kazn\u00edky jsou p\u0159ipraveny bonusy a akce.","og_url":"https:\/\/spinbetter.gift\/cz\/","og_site_name":"Spinbetter Gift CZ","article_modified_time":"2025-07-18T07:11:38+00:00","twitter_card":"summary_large_image","schema":{"@context":"https:\/\/schema.org","@graph":[{"@type":"WebPage","@id":"https:\/\/spinbetter.gift\/cz\/","url":"https:\/\/spinbetter.gift\/cz\/","name":"Spinbetter Casino (Spinbetter) pro jasn\u00e9 v\u00fdhry","isPartOf":{"@id":"https:\/\/spinbetter.gift\/cz\/#website"},"datePublished":"2023-05-18T17:18:34+00:00","dateModified":"2025-07-18T07:11:38+00:00","description":"Kasino Spinbetter nab\u00edz\u00ed velkou sb\u00edrku her. Pro nov\u00e1\u010dky i st\u00e1l\u00e9 z\u00e1kazn\u00edky jsou p\u0159ipraveny bonusy a akce.","breadcrumb":{"@id":"https:\/\/spinbetter.gift\/cz\/#breadcrumb"},"inLanguage":"cs","potentialAction":[{"@type":"ReadAction","target":["https:\/\/spinbetter.gift\/cz\/"]}]},{"@type":"BreadcrumbList","@id":"https:\/\/spinbetter.gift\/cz\/#breadcrumb","itemListElement":[{"@type":"ListItem","position":1,"name":"\u0413\u043b\u0430\u0432\u043d\u0430\u044f \u0441\u0442\u0440\u0430\u043d\u0438\u0446\u0430","item":"https:\/\/spinbetter.gift\/cz\/"},{"@type":"ListItem","position":2,"name":"Domovsk\u00e1 str\u00e1nka"}]},{"@type":"WebSite","@id":"https:\/\/spinbetter.gift\/cz\/#website","url":"https:\/\/spinbetter.gift\/cz\/","name":"Spinbetter Gift CZ","description":"My WordPress Blog","potentialAction":[{"@type":"SearchAction","target":{"@type":"EntryPoint","urlTemplate":"https:\/\/spinbetter.gift\/cz\/?s={search_term_string}"},"query-input":{"@type":"PropertyValueSpecification","valueRequired":true,"valueName":"search_term_string"}}],"inLanguage":"cs"}]}},"_links":{"self":[{"href":"https:\/\/spinbetter.gift\/cz\/wp-json\/wp\/v2\/pages\/2","targetHints":{"allow":["GET"]}}],"collection":[{"href":"https:\/\/spinbetter.gift\/cz\/wp-json\/wp\/v2\/pages"}],"about":[{"href":"https:\/\/spinbetter.gift\/cz\/wp-json\/wp\/v2\/types\/page"}],"author":[{"embeddable":true,"href":"https:\/\/spinbetter.gift\/cz\/wp-json\/wp\/v2\/users\/1"}],"replies":[{"embeddable":true,"href":"https:\/\/spinbetter.gift\/cz\/wp-json\/wp\/v2\/comments?post=2"}],"version-history":[{"count":9,"href":"https:\/\/spinbetter.gift\/cz\/wp-json\/wp\/v2\/pages\/2\/revisions"}],"predecessor-version":[{"id":266,"href":"https:\/\/spinbetter.gift\/cz\/wp-json\/wp\/v2\/pages\/2\/revisions\/266"}],"wp:attachment":[{"href":"https:\/\/spinbetter.gift\/cz\/wp-json\/wp\/v2\/media?parent=2"}],"curies":[{"name":"wp","href":"https:\/\/api.w.org\/{rel}","templated":true}]}}