{"id":162,"date":"2025-02-14T09:07:36","date_gmt":"2025-02-14T09:07:36","guid":{"rendered":"https:\/\/spinbetter.gift\/ar\/?page_id=162"},"modified":"2025-03-03T09:15:35","modified_gmt":"2025-03-03T09:15:35","slug":"login","status":"publish","type":"page","link":"https:\/\/spinbetter.gift\/ar\/login\/","title":{"rendered":"Acceso"},"content":{"rendered":"<p>&nbsp;<\/p>\n<p>&nbsp;<\/p>\n","protected":false},"excerpt":{"rendered":"<p>&nbsp; &nbsp;<\/p>\n","protected":false},"author":1,"featured_media":0,"parent":0,"menu_order":0,"comment_status":"closed","ping_status":"closed","template":"","meta":{"footnotes":""},"class_list":["post-162","page","type-page","status-publish","hentry"],"yoast_head":"<!-- This site is optimized with the Yoast SEO plugin v24.2 - https:\/\/yoast.com\/wordpress\/plugins\/seo\/ -->\n<title>Iniciar sesi\u00f3n en Spinbetter Argentina desde un dispositivo m\u00f3vil o una computadora<\/title>\n<meta name=\"description\" content=\"Inicia sesi\u00f3n en el casino Spinbetter Argentina para acceder a tu cuenta personal y jugar. Utiliza el nombre de usuario y la contrase\u00f1a que ingresaste al registrarte en la plataforma.\" \/>\n<meta name=\"robots\" content=\"index, follow, max-snippet:-1, max-image-preview:large, max-video-preview:-1\" \/>\n<meta property=\"og:locale\" content=\"es_ES\" \/>\n<meta property=\"og:type\" content=\"article\" \/>\n<meta property=\"og:title\" content=\"Iniciar sesi\u00f3n en Spinbetter Argentina desde un dispositivo m\u00f3vil o una computadora\" \/>\n<meta property=\"og:description\" content=\"Inicia sesi\u00f3n en el casino Spinbetter Argentina para acceder a tu cuenta personal y jugar. Utiliza el nombre de usuario y la contrase\u00f1a que ingresaste al registrarte en la plataforma.\" \/>\n<meta property=\"og:url\" content=\"https:\/\/spinbetter.gift\/ar\/login\/\" \/>\n<meta property=\"og:site_name\" content=\"Spinbetter Gift AR\" \/>\n<meta property=\"article:modified_time\" content=\"2025-03-03T09:15:35+00:00\" \/>\n<meta name=\"twitter:card\" content=\"summary_large_image\" \/>\n<script type=\"application\/ld+json\" class=\"yoast-schema-graph\">{\"@context\":\"https:\/\/schema.org\",\"@graph\":[{\"@type\":\"WebPage\",\"@id\":\"https:\/\/spinbetter.gift\/ar\/login\/\",\"url\":\"https:\/\/spinbetter.gift\/ar\/login\/\",\"name\":\"Iniciar sesi\u00f3n en Spinbetter Argentina desde un dispositivo m\u00f3vil o una computadora\",\"isPartOf\":{\"@id\":\"https:\/\/spinbetter.gift\/ar\/#website\"},\"datePublished\":\"2025-02-14T09:07:36+00:00\",\"dateModified\":\"2025-03-03T09:15:35+00:00\",\"description\":\"Inicia sesi\u00f3n en el casino Spinbetter Argentina para acceder a tu cuenta personal y jugar. Utiliza el nombre de usuario y la contrase\u00f1a que ingresaste al registrarte en la plataforma.\",\"breadcrumb\":{\"@id\":\"https:\/\/spinbetter.gift\/ar\/login\/#breadcrumb\"},\"inLanguage\":\"es-AR\",\"potentialAction\":[{\"@type\":\"ReadAction\",\"target\":[\"https:\/\/spinbetter.gift\/ar\/login\/\"]}]},{\"@type\":\"BreadcrumbList\",\"@id\":\"https:\/\/spinbetter.gift\/ar\/login\/#breadcrumb\",\"itemListElement\":[{\"@type\":\"ListItem\",\"position\":1,\"name\":\"\u0413\u043b\u0430\u0432\u043d\u0430\u044f \u0441\u0442\u0440\u0430\u043d\u0438\u0446\u0430\",\"item\":\"https:\/\/spinbetter.gift\/ar\/\"},{\"@type\":\"ListItem\",\"position\":2,\"name\":\"Acceso\"}]},{\"@type\":\"WebSite\",\"@id\":\"https:\/\/spinbetter.gift\/ar\/#website\",\"url\":\"https:\/\/spinbetter.gift\/ar\/\",\"name\":\"Spinbetter Gift AR\",\"description\":\"My WordPress Blog\",\"potentialAction\":[{\"@type\":\"SearchAction\",\"target\":{\"@type\":\"EntryPoint\",\"urlTemplate\":\"https:\/\/spinbetter.gift\/ar\/?s={search_term_string}\"},\"query-input\":{\"@type\":\"PropertyValueSpecification\",\"valueRequired\":true,\"valueName\":\"search_term_string\"}}],\"inLanguage\":\"es-AR\"}]}<\/script>\n<!-- \/ Yoast SEO plugin. -->","yoast_head_json":{"title":"Iniciar sesi\u00f3n en Spinbetter Argentina desde un dispositivo m\u00f3vil o una computadora","description":"Inicia sesi\u00f3n en el casino Spinbetter Argentina para acceder a tu cuenta personal y jugar. Utiliza el nombre de usuario y la contrase\u00f1a que ingresaste al registrarte en la plataforma.","robots":{"index":"index","follow":"follow","max-snippet":"max-snippet:-1","max-image-preview":"max-image-preview:large","max-video-preview":"max-video-preview:-1"},"og_locale":"es_ES","og_type":"article","og_title":"Iniciar sesi\u00f3n en Spinbetter Argentina desde un dispositivo m\u00f3vil o una computadora","og_description":"Inicia sesi\u00f3n en el casino Spinbetter Argentina para acceder a tu cuenta personal y jugar. Utiliza el nombre de usuario y la contrase\u00f1a que ingresaste al registrarte en la plataforma.","og_url":"https:\/\/spinbetter.gift\/ar\/login\/","og_site_name":"Spinbetter Gift AR","article_modified_time":"2025-03-03T09:15:35+00:00","twitter_card":"summary_large_image","schema":{"@context":"https:\/\/schema.org","@graph":[{"@type":"WebPage","@id":"https:\/\/spinbetter.gift\/ar\/login\/","url":"https:\/\/spinbetter.gift\/ar\/login\/","name":"Iniciar sesi\u00f3n en Spinbetter Argentina desde un dispositivo m\u00f3vil o una computadora","isPartOf":{"@id":"https:\/\/spinbetter.gift\/ar\/#website"},"datePublished":"2025-02-14T09:07:36+00:00","dateModified":"2025-03-03T09:15:35+00:00","description":"Inicia sesi\u00f3n en el casino Spinbetter Argentina para acceder a tu cuenta personal y jugar. Utiliza el nombre de usuario y la contrase\u00f1a que ingresaste al registrarte en la plataforma.","breadcrumb":{"@id":"https:\/\/spinbetter.gift\/ar\/login\/#breadcrumb"},"inLanguage":"es-AR","potentialAction":[{"@type":"ReadAction","target":["https:\/\/spinbetter.gift\/ar\/login\/"]}]},{"@type":"BreadcrumbList","@id":"https:\/\/spinbetter.gift\/ar\/login\/#breadcrumb","itemListElement":[{"@type":"ListItem","position":1,"name":"\u0413\u043b\u0430\u0432\u043d\u0430\u044f \u0441\u0442\u0440\u0430\u043d\u0438\u0446\u0430","item":"https:\/\/spinbetter.gift\/ar\/"},{"@type":"ListItem","position":2,"name":"Acceso"}]},{"@type":"WebSite","@id":"https:\/\/spinbetter.gift\/ar\/#website","url":"https:\/\/spinbetter.gift\/ar\/","name":"Spinbetter Gift AR","description":"My WordPress Blog","potentialAction":[{"@type":"SearchAction","target":{"@type":"EntryPoint","urlTemplate":"https:\/\/spinbetter.gift\/ar\/?s={search_term_string}"},"query-input":{"@type":"PropertyValueSpecification","valueRequired":true,"valueName":"search_term_string"}}],"inLanguage":"es-AR"}]}},"_links":{"self":[{"href":"https:\/\/spinbetter.gift\/ar\/wp-json\/wp\/v2\/pages\/162","targetHints":{"allow":["GET"]}}],"collection":[{"href":"https:\/\/spinbetter.gift\/ar\/wp-json\/wp\/v2\/pages"}],"about":[{"href":"https:\/\/spinbetter.gift\/ar\/wp-json\/wp\/v2\/types\/page"}],"author":[{"embeddable":true,"href":"https:\/\/spinbetter.gift\/ar\/wp-json\/wp\/v2\/users\/1"}],"replies":[{"embeddable":true,"href":"https:\/\/spinbetter.gift\/ar\/wp-json\/wp\/v2\/comments?post=162"}],"version-history":[{"count":7,"href":"https:\/\/spinbetter.gift\/ar\/wp-json\/wp\/v2\/pages\/162\/revisions"}],"predecessor-version":[{"id":263,"href":"https:\/\/spinbetter.gift\/ar\/wp-json\/wp\/v2\/pages\/162\/revisions\/263"}],"wp:attachment":[{"href":"https:\/\/spinbetter.gift\/ar\/wp-json\/wp\/v2\/media?parent=162"}],"curies":[{"name":"wp","href":"https:\/\/api.w.org\/{rel}","templated":true}]}}